{"id":19466,"date":"2023-01-08T14:26:47","date_gmt":"2023-01-08T20:26:47","guid":{"rendered":"https:\/\/nassasilhouette.org\/municion-para-armas-cortas\/"},"modified":"2023-01-08T14:26:47","modified_gmt":"2023-01-08T20:26:47","slug":"municion-para-armas-cortas","status":"publish","type":"page","link":"https:\/\/nassasilhouette.org\/es-mx\/sobre-nosotros\/bases-del-concurso\/municion-para-armas-cortas\/","title":{"rendered":"Munici\u00f3n para armas cortas"},"content":{"rendered":"<div class=\"wp-block-image\">\n<figure class=\"aligncenter size-large\"><img loading=\"lazy\" decoding=\"async\" width=\"1024\" height=\"295\" src=\"https:\/\/nassasilhouette.org\/wp-content\/uploads\/2023\/01\/Smallbore-Ammo-No-Border-1024x295.jpg\" alt=\"\" class=\"wp-image-18501\" srcset=\"https:\/\/nassasilhouette.org\/wp-content\/uploads\/2023\/01\/Smallbore-Ammo-No-Border-1024x295.jpg 1024w, https:\/\/nassasilhouette.org\/wp-content\/uploads\/2023\/01\/Smallbore-Ammo-No-Border-300x86.jpg 300w, https:\/\/nassasilhouette.org\/wp-content\/uploads\/2023\/01\/Smallbore-Ammo-No-Border-768x221.jpg 768w, https:\/\/nassasilhouette.org\/wp-content\/uploads\/2023\/01\/Smallbore-Ammo-No-Border-1536x442.jpg 1536w, https:\/\/nassasilhouette.org\/wp-content\/uploads\/2023\/01\/Smallbore-Ammo-No-Border-2048x589.jpg 2048w, https:\/\/nassasilhouette.org\/wp-content\/uploads\/2023\/01\/Smallbore-Ammo-No-Border-1568x451.jpg 1568w\" sizes=\"auto, (max-width: 1024px) 100vw, 1024px\" \/><\/figure>\n<\/div>\n\n\n<div style=\"height:9px\" aria-hidden=\"true\" class=\"wp-block-spacer\"><\/div>\n\n\n\n<div class=\"wp-block-columns is-layout-flex wp-container-core-columns-is-layout-9d6595d7 wp-block-columns-is-layout-flex\">\n<div class=\"wp-block-column is-layout-flow wp-block-column-is-layout-flow\"><div class=\"wp-block-image\">\n<figure class=\"aligncenter size-large is-resized\"><img loading=\"lazy\" decoding=\"async\" src=\"https:\/\/nassasilhouette.org\/wp-content\/uploads\/2023\/01\/UNDER-CONSTRUCTION-1024x497.jpg\" alt=\"\" class=\"wp-image-18439\" width=\"357\" height=\"171\"><\/figure>\n<\/div><\/div>\n\n\n\n<div class=\"wp-block-column is-layout-flow wp-block-column-is-layout-flow\">\n<p class=\"has-text-align-left has-text-color has-normal-font-size\" style=\"color:#ee0707\"><strong>Tenga paciencia con nosotros.<\/strong><\/p>\n\n\n\n<p class=\"has-text-align-left has-text-color has-normal-font-size\" style=\"color:#ee0707\"><strong>Estamos trabajando en esta secci\u00f3n tan r\u00e1pido como podemos.<\/strong><\/p>\n<\/div>\n<\/div>\n\n\n\n<p class=\"has-text-align-center has-vivid-cyan-blue-color has-text-color\"><strong>Para obtener m\u00e1s informaci\u00f3n sobre los rifles y visores Silhouette Smallbore, haga clic en los enlaces siguientes:<\/strong><\/p>\n\n\n\n<div class=\"wp-block-columns is-layout-flex wp-container-core-columns-is-layout-9d6595d7 wp-block-columns-is-layout-flex\">\n<div class=\"wp-block-column is-layout-flow wp-block-column-is-layout-flow\">\n<div class=\"wp-block-buttons is-content-justification-center is-layout-flex wp-container-core-buttons-is-layout-16018d1d wp-block-buttons-is-layout-flex\">\n<div class=\"wp-block-button has-custom-font-size has-extra-small-font-size\"><a class=\"wp-block-button__link has-vivid-cyan-blue-background-color has-background wp-element-button\" href=\"https:\/\/nassasilhouette.org\/about-us\/competition-basics\/smallbore-rifle\/\"><strong>RIFLES DE SILUETA SMALLBORE<\/strong><\/a><\/div>\n<\/div>\n<\/div>\n\n\n\n<div class=\"wp-block-column is-layout-flow wp-block-column-is-layout-flow\">\n<div class=\"wp-block-buttons is-content-justification-center is-layout-flex wp-container-core-buttons-is-layout-16018d1d wp-block-buttons-is-layout-flex\">\n<div class=\"wp-block-button has-custom-font-size has-extra-small-font-size\"><a class=\"wp-block-button__link has-vivid-cyan-blue-background-color has-background wp-element-button\" href=\"https:\/\/nassasilhouette.org\/about-us\/competition-basics\/silhouette-scopes\/\"><strong>VISORES SILHOUETTE<\/strong><\/a><\/div>\n<\/div>\n<\/div>\n<\/div>\n\n\n\n<hr class=\"wp-block-separator has-alpha-channel-opacity\">\n\n\n<div class=\"wp-block-image\">\n<figure class=\"aligncenter size-large\"><img loading=\"lazy\" decoding=\"async\" width=\"1024\" height=\"71\" src=\"https:\/\/nassasilhouette.org\/wp-content\/uploads\/2021\/12\/SB-Paragraph-Separators-1024x71.png\" alt=\"\" class=\"wp-image-8149\" srcset=\"https:\/\/nassasilhouette.org\/wp-content\/uploads\/2021\/12\/SB-Paragraph-Separators-1024x71.png 1024w, https:\/\/nassasilhouette.org\/wp-content\/uploads\/2021\/12\/SB-Paragraph-Separators-300x21.png 300w, https:\/\/nassasilhouette.org\/wp-content\/uploads\/2021\/12\/SB-Paragraph-Separators-768x53.png 768w, https:\/\/nassasilhouette.org\/wp-content\/uploads\/2021\/12\/SB-Paragraph-Separators-1536x107.png 1536w, https:\/\/nassasilhouette.org\/wp-content\/uploads\/2021\/12\/SB-Paragraph-Separators-2048x142.png 2048w\" sizes=\"auto, (max-width: 1024px) 100vw, 1024px\" \/><\/figure>\n<\/div>\n\n\n<div style=\"height:50px\" aria-hidden=\"true\" class=\"wp-block-spacer\"><\/div>\n\n\n\n<h2 class=\"has-text-align-center wp-block-heading\"><strong>Munici\u00f3n de peque\u00f1o calibre para competici\u00f3n:<\/strong><\/h2>\n\n\n\n<div class=\"wp-block-columns is-layout-flex wp-container-core-columns-is-layout-9d6595d7 wp-block-columns-is-layout-flex\">\n<div class=\"wp-block-column is-layout-flow wp-block-column-is-layout-flow\"><div class=\"wp-block-image\">\n<figure class=\"aligncenter size-large is-resized\"><img loading=\"lazy\" decoding=\"async\" src=\"https:\/\/nassasilhouette.org\/wp-content\/uploads\/2023\/01\/UNDER-CONSTRUCTION-1024x497.jpg\" alt=\"\" class=\"wp-image-18439\" width=\"357\" height=\"171\"><\/figure>\n<\/div><\/div>\n\n\n\n<div class=\"wp-block-column is-layout-flow wp-block-column-is-layout-flow\">\n<p class=\"has-text-align-left has-text-color has-normal-font-size\" style=\"color:#ee0707\"><strong>Tenga paciencia con nosotros.<\/strong><\/p>\n\n\n\n<p class=\"has-text-align-left has-text-color has-normal-font-size\" style=\"color:#ee0707\"><strong>Estamos trabajando en esta secci\u00f3n tan r\u00e1pido como podemos.<\/strong><\/p>\n<\/div>\n<\/div>\n\n\n\n<div class=\"wp-block-columns is-layout-flex wp-container-core-columns-is-layout-9d6595d7 wp-block-columns-is-layout-flex\">\n<div class=\"wp-block-column is-layout-flow wp-block-column-is-layout-flow\">\n<figure class=\"wp-block-image size-large\"><img loading=\"lazy\" decoding=\"async\" width=\"463\" height=\"1024\" src=\"https:\/\/nassasilhouette.org\/wp-content\/uploads\/2021\/11\/SB-Standard-Ammo-Survey-463x1024.png\" alt=\"\" class=\"wp-image-6861\" srcset=\"https:\/\/nassasilhouette.org\/wp-content\/uploads\/2021\/11\/SB-Standard-Ammo-Survey-463x1024.png 463w, https:\/\/nassasilhouette.org\/wp-content\/uploads\/2021\/11\/SB-Standard-Ammo-Survey-136x300.png 136w, https:\/\/nassasilhouette.org\/wp-content\/uploads\/2021\/11\/SB-Standard-Ammo-Survey-768x1700.png 768w, https:\/\/nassasilhouette.org\/wp-content\/uploads\/2021\/11\/SB-Standard-Ammo-Survey-694x1536.png 694w, https:\/\/nassasilhouette.org\/wp-content\/uploads\/2021\/11\/SB-Standard-Ammo-Survey-925x2048.png 925w, https:\/\/nassasilhouette.org\/wp-content\/uploads\/2021\/11\/SB-Standard-Ammo-Survey.png 1911w\" sizes=\"auto, (max-width: 463px) 100vw, 463px\" \/><\/figure>\n<\/div>\n\n\n\n<div class=\"wp-block-column is-layout-flow wp-block-column-is-layout-flow\">\n<figure class=\"wp-block-image size-large\"><img loading=\"lazy\" decoding=\"async\" width=\"484\" height=\"1024\" src=\"https:\/\/nassasilhouette.org\/wp-content\/uploads\/2021\/11\/SB-Hunter-Ammo-Survey-484x1024.png\" alt=\"\" class=\"wp-image-6862\" srcset=\"https:\/\/nassasilhouette.org\/wp-content\/uploads\/2021\/11\/SB-Hunter-Ammo-Survey-484x1024.png 484w, https:\/\/nassasilhouette.org\/wp-content\/uploads\/2021\/11\/SB-Hunter-Ammo-Survey-142x300.png 142w, https:\/\/nassasilhouette.org\/wp-content\/uploads\/2021\/11\/SB-Hunter-Ammo-Survey-768x1624.png 768w, https:\/\/nassasilhouette.org\/wp-content\/uploads\/2021\/11\/SB-Hunter-Ammo-Survey-726x1536.png 726w, https:\/\/nassasilhouette.org\/wp-content\/uploads\/2021\/11\/SB-Hunter-Ammo-Survey-968x2048.png 968w, https:\/\/nassasilhouette.org\/wp-content\/uploads\/2021\/11\/SB-Hunter-Ammo-Survey.png 1911w\" sizes=\"auto, (max-width: 484px) 100vw, 484px\" \/><\/figure>\n\n\n\n<p><\/p>\n<\/div>\n\n\n\n<div class=\"wp-block-column is-layout-flow wp-block-column-is-layout-flow\"><\/div>\n<\/div>\n\n\n\n<hr class=\"wp-block-separator has-alpha-channel-opacity\">\n\n\n<div class=\"wp-block-image\">\n<figure class=\"aligncenter size-large\"><img loading=\"lazy\" decoding=\"async\" width=\"1024\" height=\"71\" src=\"https:\/\/nassasilhouette.org\/wp-content\/uploads\/2021\/12\/SB-Paragraph-Separators-1024x71.png\" alt=\"\" class=\"wp-image-8149\" srcset=\"https:\/\/nassasilhouette.org\/wp-content\/uploads\/2021\/12\/SB-Paragraph-Separators-1024x71.png 1024w, https:\/\/nassasilhouette.org\/wp-content\/uploads\/2021\/12\/SB-Paragraph-Separators-300x21.png 300w, https:\/\/nassasilhouette.org\/wp-content\/uploads\/2021\/12\/SB-Paragraph-Separators-768x53.png 768w, https:\/\/nassasilhouette.org\/wp-content\/uploads\/2021\/12\/SB-Paragraph-Separators-1536x107.png 1536w, https:\/\/nassasilhouette.org\/wp-content\/uploads\/2021\/12\/SB-Paragraph-Separators-2048x142.png 2048w\" sizes=\"auto, (max-width: 1024px) 100vw, 1024px\" \/><\/figure>\n<\/div>\n\n\n<div style=\"height:50px\" aria-hidden=\"true\" class=\"wp-block-spacer\"><\/div>\n\n\n\n<h2 class=\"has-text-align-center wp-block-heading\"><strong>Pruebas de lotes de munici\u00f3n de peque\u00f1o calibre<\/strong><\/h2>\n\n\n\n<p><meta charset=\"utf-8\">Lones Wigger fue uno de los mejores tiradores de peque\u00f1o calibre del mundo, ganando 8 campeonatos nacionales de peque\u00f1o calibre de la NRA en Camp Perry, Ohio. Esto no se consigue sin saber c\u00f3mo probar y seleccionar la munici\u00f3n para armas peque\u00f1as. Lones Wigger, como Instructor Cl\u00ednico en la d\u00e9cada de 1980 para el Programa de Tiro con Rifle Silueta de la NRA, resumi\u00f3 sus pensamientos sobre la selecci\u00f3n de munici\u00f3n .22lr para Silueta en las citas a continuaci\u00f3n. Sus consejos siguen siendo v\u00e1lidos en el entorno competitivo actual.<\/p>\n\n\n\n<p><em><strong>&#8220;Generalmente, cuanto m\u00e1s cara es la munici\u00f3n, mejor dispara. No siempre, pero generalmente es de mejor calidad. Tienes que probar y seleccionar la munici\u00f3n para tu arma en particular. El hecho de que un lote concreto dispare bien en mi arma no significa que vaya a disparar bien en la suya. Otro lote puede disparar mejor en la tuya. Elegir la munici\u00f3n es algo que tienes que hacer por ti mismo&#8221;.<\/strong><\/em><\/p>\n\n\n\n<p><strong><em>  &#8220;Si vas a ser competitivo en este deporte, o en cualquiera de los juegos con ca\u00f1\u00f3n peque\u00f1o, tienes que probar distintas marcas para averiguar cu\u00e1l es la m\u00e1s precisa en tu rifle. Debes hacer tus pruebas a 100 metros. Piensa en ese carnero; s\u00f3lo tienes unos cinco cent\u00edmetros de elevaci\u00f3n para jugar si vas a acertar. Si tu munici\u00f3n s\u00f3lo dispara un grupo de dos pulgadas, y tu \u00e1rea de bamboleo es de dos pulgadas, no vas a acertar en el carnero muy a menudo&#8221;.<\/em><\/strong><\/p>\n\n\n\n<p><strong><em>&#8220;Para el juego de la silueta, debe buscar un rifle que dispare por debajo de una pulgada. Si dispara alrededor de 0,8 o 0,75 de pulgada, usted tiene un arma muy buena. Si tienes algo que dispare grupos de pulgadas consistentemente, tendr\u00e1s un arma con la que puedes ganar ya que te da una pulgada para jugar con el animal.&#8221;<\/em><\/strong><\/p>\n\n\n\n<p class=\"has-text-align-center has-vivid-cyan-blue-color has-text-color\"><strong>Tanto Lapua como Eley ofrecen pruebas de lotes de .22lr en sus instalaciones de pruebas en los enlaces que aparecen a continuaci\u00f3n:<\/strong><\/p>\n\n\n\n<div class=\"wp-block-media-text alignwide is-stacked-on-mobile\" style=\"grid-template-columns:23% auto\"><figure class=\"wp-block-media-text__media\"><img loading=\"lazy\" decoding=\"async\" width=\"1024\" height=\"1024\" src=\"https:\/\/nassasilhouette.org\/wp-content\/uploads\/2022\/12\/Lapua-Feature-Image-1024x1024.jpg\" alt=\"\" class=\"wp-image-17048 size-full\" srcset=\"https:\/\/nassasilhouette.org\/wp-content\/uploads\/2022\/12\/Lapua-Feature-Image-1024x1024.jpg 1024w, https:\/\/nassasilhouette.org\/wp-content\/uploads\/2022\/12\/Lapua-Feature-Image-300x300.jpg 300w, https:\/\/nassasilhouette.org\/wp-content\/uploads\/2022\/12\/Lapua-Feature-Image-150x150.jpg 150w, https:\/\/nassasilhouette.org\/wp-content\/uploads\/2022\/12\/Lapua-Feature-Image-768x768.jpg 768w, https:\/\/nassasilhouette.org\/wp-content\/uploads\/2022\/12\/Lapua-Feature-Image-1536x1536.jpg 1536w, https:\/\/nassasilhouette.org\/wp-content\/uploads\/2022\/12\/Lapua-Feature-Image-1568x1568.jpg 1568w, https:\/\/nassasilhouette.org\/wp-content\/uploads\/2022\/12\/Lapua-Feature-Image.jpg 1989w\" sizes=\"auto, (max-width: 1024px) 100vw, 1024px\" \/><\/figure><div class=\"wp-block-media-text__content\">\n<p class=\"has-normal-font-size\"><strong>Centro de Rendimiento Lapua Rimfire<\/strong><\/p>\n\n\n\n<p><strong>Ubicaciones en Norteam\u00e9rica: Mesa Arizona y Marengo, Ohio<\/strong><\/p>\n\n\n\n<p>Nuestra misi\u00f3n es proporcionar a los competidores serios la oportunidad de seleccionar la mejor munici\u00f3n de percusi\u00f3n anular, adaptada espec\u00edficamente a sus rifles. Para ello, le ofrecemos la posibilidad de probar diferentes tipos y lotes de munici\u00f3n Lapua de percusi\u00f3n anular. Aunque el concepto se basa en nuestro centro de pruebas de Schoenebeck (Alemania), hemos a\u00f1adido la posibilidad de realizar pruebas simult\u00e1neas a 50 y 100 metros. Dado que los tiradores estadounidenses a menudo compiten en la distancia m\u00e1s larga, pensamos que esta era la mejor manera de determinar qu\u00e9 lotes funcionaban mejor tanto en distancias largas como cortas. El disparo se realiza desde una m\u00e1quina de reposo en un entorno controlado, lo que elimina las variables asociadas a las pruebas al aire libre, la fatiga del tirador o los errores.<\/p>\n<\/div><\/div>\n\n\n\n<div class=\"wp-block-buttons is-content-justification-center is-layout-flex wp-container-core-buttons-is-layout-16018d1d wp-block-buttons-is-layout-flex\">\n<div class=\"wp-block-button has-custom-font-size has-extra-small-font-size\"><a class=\"wp-block-button__link has-vivid-cyan-blue-background-color has-background wp-element-button\" href=\"https:\/\/www.capstonepg.com\/rpc\/\"><strong>LEER M\u00c1S<\/strong><\/a><\/div>\n<\/div>\n\n\n\n<hr class=\"wp-block-separator has-alpha-channel-opacity\">\n\n\n\n<div class=\"wp-block-media-text alignwide is-stacked-on-mobile\" style=\"grid-template-columns:23% auto\"><figure class=\"wp-block-media-text__media\"><img loading=\"lazy\" decoding=\"async\" width=\"620\" height=\"328\" src=\"https:\/\/nassasilhouette.org\/wp-content\/uploads\/2023\/01\/Eley-Logo.jpg\" alt=\"\" class=\"wp-image-18514 size-full\" srcset=\"https:\/\/nassasilhouette.org\/wp-content\/uploads\/2023\/01\/Eley-Logo.jpg 620w, https:\/\/nassasilhouette.org\/wp-content\/uploads\/2023\/01\/Eley-Logo-300x159.jpg 300w\" sizes=\"auto, (max-width: 620px) 100vw, 620px\" \/><\/figure><div class=\"wp-block-media-text__content\">\n<p class=\"has-normal-font-size\"><strong>Bancos de pruebas para clientes de Eley<\/strong><\/p>\n\n\n\n<p><strong>Sedes en Norteam\u00e9rica: Winters, Texas y Okotoks, AB, Canad\u00e1<\/strong><\/p>\n\n\n\n<p>Bajo la atenta supervisi\u00f3n de nuestros responsables de campo de tiro altamente cualificados, podr\u00e1 probar su ca\u00f1\u00f3n con hasta 20 lotes utilizando una metodolog\u00eda de prueba probada, dianas electr\u00f3nicas y software ELEY a medida para obtener los mejores resultados.<\/p>\n\n\n\n<p>Durante las pruebas, se efect\u00faan 10 disparos de cada lote a trav\u00e9s de cada ca\u00f1\u00f3n y, a continuaci\u00f3n, se preseleccionan los lotes con mejores resultados. Se efect\u00faan otros 30 disparos de esas selecciones hasta que se registra un tama\u00f1o de grupo global de 40 disparos y una puntuaci\u00f3n consolidada para cada uno. Nuestro software a medida ELEY hace que el an\u00e1lisis de los resultados sea r\u00e1pido, sencillo y muy preciso, ayud\u00e1ndole a encontrar ese lote que bate r\u00e9cords.<\/p>\n<\/div><\/div>\n\n\n\n<div class=\"wp-block-buttons is-content-justification-center is-layout-flex wp-container-core-buttons-is-layout-16018d1d wp-block-buttons-is-layout-flex\">\n<div class=\"wp-block-button has-custom-font-size has-extra-small-font-size\"><a class=\"wp-block-button__link has-vivid-cyan-blue-background-color has-background wp-element-button\" href=\"https:\/\/eley.co.uk\/united-states-of-america-test-range\/\"><strong>LEER M\u00c1S<\/strong><\/a><\/div>\n<\/div>\n\n\n\n<hr class=\"wp-block-separator has-alpha-channel-opacity\">\n","protected":false},"excerpt":{"rendered":"<p>Tenga paciencia con nosotros. Estamos trabajando en esta secci\u00f3n tan r\u00e1pido como podemos. Para obtener m\u00e1s informaci\u00f3n sobre los rifles y visores Silhouette Smallbore, haga clic en los enlaces siguientes: Munici\u00f3n de peque\u00f1o calibre para competici\u00f3n: Tenga paciencia con nosotros. Estamos trabajando en esta secci\u00f3n tan r\u00e1pido como podemos. Pruebas de lotes de munici\u00f3n de&hellip; <a class=\"more-link\" href=\"https:\/\/nassasilhouette.org\/es-mx\/sobre-nosotros\/bases-del-concurso\/municion-para-armas-cortas\/\">Continue reading <span class=\"screen-reader-text\">Munici\u00f3n para armas cortas<\/span><\/a><\/p>\n","protected":false},"author":4,"featured_media":0,"parent":19530,"menu_order":0,"comment_status":"closed","ping_status":"closed","template":"","meta":{"_acf_changed":false,"footnotes":""},"class_list":["post-19466","page","type-page","status-publish","hentry","entry"],"acf":[],"rttpg_featured_image_url":null,"rttpg_author":{"display_name":"Chris Cawthorne","author_link":"https:\/\/nassasilhouette.org\/es-mx\/author\/cecawthorneyahoo-com\/"},"rttpg_comment":0,"rttpg_category":" <a href=\"https:\/\/nassasilhouette.org\/es-mx\/?taxonomy=translation_priority&#038;term=optional-es-mx\" rel=\"tag\">Optional<\/a>","rttpg_excerpt":"Tenga paciencia con nosotros. Estamos trabajando en esta secci\u00f3n tan r\u00e1pido como podemos. Para obtener m\u00e1s informaci\u00f3n sobre los rifles y visores Silhouette Smallbore, haga clic en los enlaces siguientes: Munici\u00f3n de peque\u00f1o calibre para competici\u00f3n: Tenga paciencia con nosotros. Estamos trabajando en esta secci\u00f3n tan r\u00e1pido como podemos. Pruebas de lotes de munici\u00f3n de&hellip;&hellip;","_links":{"self":[{"href":"https:\/\/nassasilhouette.org\/es-mx\/wp-json\/wp\/v2\/pages\/19466","targetHints":{"allow":["GET"]}}],"collection":[{"href":"https:\/\/nassasilhouette.org\/es-mx\/wp-json\/wp\/v2\/pages"}],"about":[{"href":"https:\/\/nassasilhouette.org\/es-mx\/wp-json\/wp\/v2\/types\/page"}],"author":[{"embeddable":true,"href":"https:\/\/nassasilhouette.org\/es-mx\/wp-json\/wp\/v2\/users\/4"}],"replies":[{"embeddable":true,"href":"https:\/\/nassasilhouette.org\/es-mx\/wp-json\/wp\/v2\/comments?post=19466"}],"version-history":[{"count":0,"href":"https:\/\/nassasilhouette.org\/es-mx\/wp-json\/wp\/v2\/pages\/19466\/revisions"}],"up":[{"embeddable":true,"href":"https:\/\/nassasilhouette.org\/es-mx\/wp-json\/wp\/v2\/pages\/19530"}],"wp:attachment":[{"href":"https:\/\/nassasilhouette.org\/es-mx\/wp-json\/wp\/v2\/media?parent=19466"}],"curies":[{"name":"wp","href":"https:\/\/api.w.org\/{rel}","templated":true}]}}