{"id":19465,"date":"2023-01-08T14:25:02","date_gmt":"2023-01-08T20:25:02","guid":{"rendered":"https:\/\/nassasilhouette.org\/balines-para-rifle-de-aire-comprimido\/"},"modified":"2026-01-12T18:54:35","modified_gmt":"2026-01-13T00:54:35","slug":"balines-para-rifle-de-aire-comprimido","status":"publish","type":"page","link":"https:\/\/nassasilhouette.org\/es-mx\/sobre-nosotros\/bases-del-concurso\/balines-para-rifle-de-aire-comprimido\/","title":{"rendered":"Balines para rifle de aire comprimido"},"content":{"rendered":"<div class=\"wp-block-image\">\n<figure class=\"aligncenter size-large\"><img loading=\"lazy\" decoding=\"async\" width=\"1024\" height=\"391\" src=\"https:\/\/nassasilhouette.org\/wp-content\/uploads\/2023\/01\/Air-rifle-Pellets-Banner-1024x391.jpg\" alt=\"\" class=\"wp-image-18474\" srcset=\"https:\/\/nassasilhouette.org\/wp-content\/uploads\/2023\/01\/Air-rifle-Pellets-Banner-1024x391.jpg 1024w, https:\/\/nassasilhouette.org\/wp-content\/uploads\/2023\/01\/Air-rifle-Pellets-Banner-300x114.jpg 300w, https:\/\/nassasilhouette.org\/wp-content\/uploads\/2023\/01\/Air-rifle-Pellets-Banner-768x293.jpg 768w, https:\/\/nassasilhouette.org\/wp-content\/uploads\/2023\/01\/Air-rifle-Pellets-Banner-1536x586.jpg 1536w, https:\/\/nassasilhouette.org\/wp-content\/uploads\/2023\/01\/Air-rifle-Pellets-Banner-2048x781.jpg 2048w, https:\/\/nassasilhouette.org\/wp-content\/uploads\/2023\/01\/Air-rifle-Pellets-Banner-1568x598.jpg 1568w\" sizes=\"auto, (max-width: 1024px) 100vw, 1024px\" \/><\/figure>\n<\/div>\n\n\n<div style=\"height:10px\" aria-hidden=\"true\" class=\"wp-block-spacer\"><\/div>\n\n\n\n<p>Nuestra intenci\u00f3n es darle algunas ideas t\u00e9cnicas para elegir el tipo y la marca de los balines de rifle de aire para competir en las clases Silhouette Target, Sporter y Open Air Rifle. Al igual que la combinaci\u00f3n Silhouette Highpower Rifle &amp; Cartridge, un cierto nivel de conocimiento (y experiencia) es \u00fatil para obtener todo el rendimiento de su combinaci\u00f3n rifle de aire comprimido\/pellet. No dude en plantear sus preguntas en nuestro <strong>Foro NASSA<\/strong> o en otros Foros de Rifle de Aire que aparecen en nuestra p\u00e1gina de <strong>Enlaces NASSA <\/strong>.  <\/p>\n\n\n\n<p class=\"has-text-align-center has-vivid-cyan-blue-color has-text-color\"><strong>Para m\u00e1s informaci\u00f3n sobre rifles de aire comprimido y visores Silhouette, haga clic en los enlaces siguientes:<\/strong><\/p>\n\n\n\n<div class=\"wp-block-columns is-layout-flex wp-container-core-columns-is-layout-9d6595d7 wp-block-columns-is-layout-flex\">\n<div class=\"wp-block-column is-layout-flow wp-block-column-is-layout-flow\">\n<div class=\"wp-block-buttons is-content-justification-center is-layout-flex wp-container-core-buttons-is-layout-16018d1d wp-block-buttons-is-layout-flex\">\n<div class=\"wp-block-button has-custom-font-size has-extra-small-font-size\"><a class=\"wp-block-button__link has-vivid-cyan-blue-background-color has-background wp-element-button\">CARABINAS SILUETA<\/a><\/div>\n<\/div>\n<\/div>\n\n\n\n<div class=\"wp-block-column is-layout-flow wp-block-column-is-layout-flow\">\n<div class=\"wp-block-buttons is-content-justification-center is-layout-flex wp-container-core-buttons-is-layout-16018d1d wp-block-buttons-is-layout-flex\">\n<div class=\"wp-block-button has-custom-font-size has-extra-small-font-size\"><a class=\"wp-block-button__link has-vivid-cyan-blue-background-color has-background wp-element-button\" href=\"https:\/\/nassasilhouette.org\/es-mx\/sobre-nosotros\/bases-del-concurso\/visores-silhouette\/\"><strong>VISORES SILHOUETTE<\/strong><\/a><\/div>\n<\/div>\n<\/div>\n<\/div>\n\n\n\n<hr class=\"wp-block-separator has-alpha-channel-opacity\">\n\n\n<div class=\"wp-block-image\">\n<figure class=\"aligncenter size-large\"><img loading=\"lazy\" decoding=\"async\" width=\"1024\" height=\"73\" src=\"https:\/\/nassasilhouette.org\/wp-content\/uploads\/2021\/12\/Air-Rifle-Paragraph-Separators-1024x73.png\" alt=\"\" class=\"wp-image-8138\" srcset=\"https:\/\/nassasilhouette.org\/wp-content\/uploads\/2021\/12\/Air-Rifle-Paragraph-Separators-1024x73.png 1024w, https:\/\/nassasilhouette.org\/wp-content\/uploads\/2021\/12\/Air-Rifle-Paragraph-Separators-300x21.png 300w, https:\/\/nassasilhouette.org\/wp-content\/uploads\/2021\/12\/Air-Rifle-Paragraph-Separators-768x55.png 768w, https:\/\/nassasilhouette.org\/wp-content\/uploads\/2021\/12\/Air-Rifle-Paragraph-Separators-1536x110.png 1536w, https:\/\/nassasilhouette.org\/wp-content\/uploads\/2021\/12\/Air-Rifle-Paragraph-Separators-2048x146.png 2048w\" sizes=\"auto, (max-width: 1024px) 100vw, 1024px\" \/><\/figure>\n<\/div>\n\n\n<div style=\"height:50px\" aria-hidden=\"true\" class=\"wp-block-spacer\"><\/div>\n\n\n\n<h2 class=\"has-text-align-center wp-block-heading\"><strong>Diabolo Rifle de aire comprimido Pellet<\/strong> <strong>Dise\u00f1o<\/strong><\/h2>\n\n\n\n<div class=\"wp-block-columns is-layout-flex wp-container-core-columns-is-layout-9d6595d7 wp-block-columns-is-layout-flex\">\n<div class=\"wp-block-column is-layout-flow wp-block-column-is-layout-flow\"><div class=\"wp-block-image\">\n<figure class=\"aligncenter size-large is-resized\"><img loading=\"lazy\" decoding=\"async\" src=\"https:\/\/nassasilhouette.org\/wp-content\/uploads\/2023\/01\/UNDER-CONSTRUCTION-1024x497.jpg\" alt=\"\" class=\"wp-image-18439\" width=\"357\" height=\"171\"><\/figure>\n<\/div><\/div>\n\n\n\n<div class=\"wp-block-column is-layout-flow wp-block-column-is-layout-flow\">\n<p class=\"has-text-align-left has-text-color has-normal-font-size\" style=\"color:#ee0707\"><strong>Tenga paciencia con nosotros.<\/strong><\/p>\n\n\n\n<p class=\"has-text-align-left has-text-color has-normal-font-size\" style=\"color:#ee0707\"><strong>Estamos trabajando en esta secci\u00f3n tan r\u00e1pido como podemos.<\/strong><\/p>\n<\/div>\n<\/div>\n\n\n<div class=\"wp-block-image\">\n<figure class=\"aligncenter size-large\"><img loading=\"lazy\" decoding=\"async\" width=\"1024\" height=\"501\" src=\"https:\/\/nassasilhouette.org\/wp-content\/uploads\/2023\/01\/Domed-Pellet-Geometry-Variation-1024x501.jpg\" alt=\"\" class=\"wp-image-18477\" srcset=\"https:\/\/nassasilhouette.org\/wp-content\/uploads\/2023\/01\/Domed-Pellet-Geometry-Variation-1024x501.jpg 1024w, https:\/\/nassasilhouette.org\/wp-content\/uploads\/2023\/01\/Domed-Pellet-Geometry-Variation-300x147.jpg 300w, https:\/\/nassasilhouette.org\/wp-content\/uploads\/2023\/01\/Domed-Pellet-Geometry-Variation-768x375.jpg 768w, https:\/\/nassasilhouette.org\/wp-content\/uploads\/2023\/01\/Domed-Pellet-Geometry-Variation-1536x751.jpg 1536w, https:\/\/nassasilhouette.org\/wp-content\/uploads\/2023\/01\/Domed-Pellet-Geometry-Variation-2048x1001.jpg 2048w, https:\/\/nassasilhouette.org\/wp-content\/uploads\/2023\/01\/Domed-Pellet-Geometry-Variation-1568x767.jpg 1568w\" sizes=\"auto, (max-width: 1024px) 100vw, 1024px\" \/><\/figure>\n<\/div>\n\n\n<div style=\"height:10px\" aria-hidden=\"true\" class=\"wp-block-spacer\"><\/div>\n\n\n\n<p>Hoy en d\u00eda existen muchas formas diferentes de munici\u00f3n, incluidas las balas y las bolas redondas de plomo, pero nos gustar\u00eda centrarnos en la bala de di\u00e1bolo y sus variaciones. La forma de perdig\u00f3n Diabolo es probablemente uno de los dise\u00f1os de perdig\u00f3n m\u00e1s comunes hoy en d\u00eda. Tambi\u00e9n llamada &#8220;entallada&#8221; o &#8220;de cintura de avispa&#8221;, presenta una cintura m\u00e1s estrecha que la cabeza y la falda. La cabeza del perdig\u00f3n suele ser maciza, mientras que la falda es hueca. Este dise\u00f1o especializado contribuye a sus principales cualidades: estabilidad y precisi\u00f3n. Estos balines est\u00e1n disponibles en todos los calibres populares como .177, .22. y tambi\u00e9n en .20, .25.<\/p>\n\n\n\n<div class=\"wp-block-media-text alignwide is-stacked-on-mobile\" style=\"grid-template-columns:52% auto\"><figure class=\"wp-block-media-text__media\"><img loading=\"lazy\" decoding=\"async\" width=\"1024\" height=\"926\" src=\"https:\/\/nassasilhouette.org\/wp-content\/uploads\/2023\/01\/Diabolo-Pellet-Geometry-1024x926.jpg\" alt=\"\" class=\"wp-image-18479 size-full\" srcset=\"https:\/\/nassasilhouette.org\/wp-content\/uploads\/2023\/01\/Diabolo-Pellet-Geometry-1024x926.jpg 1024w, https:\/\/nassasilhouette.org\/wp-content\/uploads\/2023\/01\/Diabolo-Pellet-Geometry-300x271.jpg 300w, https:\/\/nassasilhouette.org\/wp-content\/uploads\/2023\/01\/Diabolo-Pellet-Geometry-768x694.jpg 768w, https:\/\/nassasilhouette.org\/wp-content\/uploads\/2023\/01\/Diabolo-Pellet-Geometry-1536x1389.jpg 1536w, https:\/\/nassasilhouette.org\/wp-content\/uploads\/2023\/01\/Diabolo-Pellet-Geometry-2048x1851.jpg 2048w, https:\/\/nassasilhouette.org\/wp-content\/uploads\/2023\/01\/Diabolo-Pellet-Geometry-1568x1417.jpg 1568w\" sizes=\"auto, (max-width: 1024px) 100vw, 1024px\" \/><\/figure><div class=\"wp-block-media-text__content\">\n<p><\/p>\n<\/div><\/div>\n\n\n\n<p>Xxxxx<\/p>\n\n\n\n<hr class=\"wp-block-separator has-alpha-channel-opacity\">\n\n\n<div class=\"wp-block-image\">\n<figure class=\"aligncenter size-large\"><img loading=\"lazy\" decoding=\"async\" width=\"1024\" height=\"73\" src=\"https:\/\/nassasilhouette.org\/wp-content\/uploads\/2021\/12\/Air-Rifle-Paragraph-Separators-1024x73.png\" alt=\"\" class=\"wp-image-8138\" srcset=\"https:\/\/nassasilhouette.org\/wp-content\/uploads\/2021\/12\/Air-Rifle-Paragraph-Separators-1024x73.png 1024w, https:\/\/nassasilhouette.org\/wp-content\/uploads\/2021\/12\/Air-Rifle-Paragraph-Separators-300x21.png 300w, https:\/\/nassasilhouette.org\/wp-content\/uploads\/2021\/12\/Air-Rifle-Paragraph-Separators-768x55.png 768w, https:\/\/nassasilhouette.org\/wp-content\/uploads\/2021\/12\/Air-Rifle-Paragraph-Separators-1536x110.png 1536w, https:\/\/nassasilhouette.org\/wp-content\/uploads\/2021\/12\/Air-Rifle-Paragraph-Separators-2048x146.png 2048w\" sizes=\"auto, (max-width: 1024px) 100vw, 1024px\" \/><\/figure>\n<\/div>\n\n\n<div style=\"height:50px\" aria-hidden=\"true\" class=\"wp-block-spacer\"><\/div>\n\n\n\n<h2 class=\"has-text-align-center wp-block-heading\"><strong>Perdigones de rifle de aire comprimido para competici\u00f3n de siluetas<\/strong><\/h2>\n\n\n\n<div class=\"wp-block-columns is-layout-flex wp-container-core-columns-is-layout-9d6595d7 wp-block-columns-is-layout-flex\">\n<div class=\"wp-block-column is-layout-flow wp-block-column-is-layout-flow\"><div class=\"wp-block-image\">\n<figure class=\"aligncenter size-large is-resized\"><img loading=\"lazy\" decoding=\"async\" src=\"https:\/\/nassasilhouette.org\/wp-content\/uploads\/2023\/01\/UNDER-CONSTRUCTION-1024x497.jpg\" alt=\"\" class=\"wp-image-18439\" width=\"357\" height=\"171\"><\/figure>\n<\/div><\/div>\n\n\n\n<div class=\"wp-block-column is-layout-flow wp-block-column-is-layout-flow\">\n<p class=\"has-text-align-left has-text-color has-normal-font-size\" style=\"color:#ee0707\"><strong>Tenga paciencia con nosotros.<\/strong><\/p>\n\n\n\n<p class=\"has-text-align-left has-text-color has-normal-font-size\" style=\"color:#ee0707\"><strong>Estamos trabajando en esta secci\u00f3n tan r\u00e1pido como podemos.<\/strong><\/p>\n<\/div>\n<\/div>\n\n\n\n<p>Los perdigones utilizados en las competiciones de 10 metros de la Federaci\u00f3n Internacional de Tiro Deportivo (ISSF) tienen forma de reloj de arena y nariz plana y suelen pesar entre xx,x y xx,x gramos. Estos &#8220;perdigones tipo wad-cutter&#8221; de Diablo est\u00e1n hechos para perforar agujeros redondos en blancos de papel en un entorno de interior.<\/p>\n\n\n\n<p><strong>BOLITAS DE DI\u00c1BOLO<\/strong><\/p>\n\n\n\n<p>Hoy en d\u00eda existen muchas formas diferentes de munici\u00f3n, incluidas las balas y las bolas redondas de plomo, pero nos gustar\u00eda centrarnos en la bala de di\u00e1bolo y sus variaciones. La forma de perdig\u00f3n Diabolo es probablemente uno de los dise\u00f1os de perdig\u00f3n m\u00e1s comunes hoy en d\u00eda. Tambi\u00e9n llamada &#8220;entallada&#8221; o &#8220;de cintura de avispa&#8221;, presenta una cintura m\u00e1s estrecha que la cabeza y la falda. La cabeza del perdig\u00f3n suele ser maciza, mientras que la falda es hueca. Este dise\u00f1o especializado contribuye a sus principales cualidades: estabilidad y precisi\u00f3n. Estos balines est\u00e1n disponibles en todos los calibres populares como .177, .22. y tambi\u00e9n en .20, .25.<\/p>\n\n\n\n<p><strong>Tipos de balines de aire comprimido<\/strong><\/p>\n\n\n\n<p>Los balines de aire comprimido se dividen a su vez en diferentes grupos seg\u00fan el dise\u00f1o de su cabeza. Los m\u00e1s comunes son los perdigones de punta redonda, los de punta puntiaguda y los de punta hueca. A continuaci\u00f3n encontrar\u00e1 informaci\u00f3n sobre todos estos dise\u00f1os de cabezal, en qu\u00e9 se diferencian y qu\u00e9 uso se considera mejor para ese dise\u00f1o concreto.<\/p>\n\n\n\n<p><strong>Pellets abovedados<\/strong><\/p>\n\n\n\n<p>El perdig\u00f3n abombado tambi\u00e9n se conoce como cabeza redonda, por su morro redondeado. Es generalmente aceptado como un excelente perdig\u00f3n para la mayor\u00eda de las aplicaciones, como la caza, el tiro al blanco, o simplemente jugar en el patio trasero. Los perdigones de cabeza redonda son m\u00e1s aerodin\u00e1micos que otros tipos. As\u00ed pueden cortar el aire m\u00e1s recto y mantener su velocidad en distancias m\u00e1s largas. Una ventaja m\u00e1s de este perdig\u00f3n es que es mucho m\u00e1s preciso que otros tipos en condiciones de viento.<\/p>\n\n\n\n<p>Los perdigones m\u00e1s utilizados para la carabina de aire comprimido de silueta, as\u00ed como para el deporte del field target, tienen cabezas abombadas<\/p>\n\n\n\n<figure class=\"wp-block-image size-large is-resized\"><img loading=\"lazy\" decoding=\"async\" src=\"https:\/\/nassasilhouette.org\/wp-content\/uploads\/2023\/01\/JSB-8.44-1024x957.png\" alt=\"\" class=\"wp-image-18269\" width=\"347\" height=\"324\" srcset=\"https:\/\/nassasilhouette.org\/wp-content\/uploads\/2023\/01\/JSB-8.44-1024x957.png 1024w, https:\/\/nassasilhouette.org\/wp-content\/uploads\/2023\/01\/JSB-8.44-300x280.png 300w, https:\/\/nassasilhouette.org\/wp-content\/uploads\/2023\/01\/JSB-8.44-768x718.png 768w, https:\/\/nassasilhouette.org\/wp-content\/uploads\/2023\/01\/JSB-8.44.png 1156w\" sizes=\"auto, (max-width: 347px) 100vw, 347px\" \/><\/figure>\n\n\n\n<p>calibre .177 para minimizar el da\u00f1o a los blancos de acero. Directriz de xx ft.lbs (nM) de energ\u00eda m\u00e1xima.  &gt;Los calibres 22 est\u00e1n empezando a aparecer en algunos partidos&#8230;guidleline de energ\u00eda.<\/p>\n\n\n\n<ul class=\"wp-block-list\">\n<li><strong>7,3, 7,7, 8,5 y 10,3 pellets condenados y pellets planos<\/strong><\/li>\n\n\n\n<li>\n<\/li><\/ul>\n\n\n\n<hr class=\"wp-block-separator has-alpha-channel-opacity\">\n\n\n<div class=\"wp-block-image\">\n<figure class=\"aligncenter size-large\"><img loading=\"lazy\" decoding=\"async\" width=\"1024\" height=\"73\" src=\"https:\/\/nassasilhouette.org\/wp-content\/uploads\/2021\/12\/Air-Rifle-Paragraph-Separators-1024x73.png\" alt=\"\" class=\"wp-image-8138\" srcset=\"https:\/\/nassasilhouette.org\/wp-content\/uploads\/2021\/12\/Air-Rifle-Paragraph-Separators-1024x73.png 1024w, https:\/\/nassasilhouette.org\/wp-content\/uploads\/2021\/12\/Air-Rifle-Paragraph-Separators-300x21.png 300w, https:\/\/nassasilhouette.org\/wp-content\/uploads\/2021\/12\/Air-Rifle-Paragraph-Separators-768x55.png 768w, https:\/\/nassasilhouette.org\/wp-content\/uploads\/2021\/12\/Air-Rifle-Paragraph-Separators-1536x110.png 1536w, https:\/\/nassasilhouette.org\/wp-content\/uploads\/2021\/12\/Air-Rifle-Paragraph-Separators-2048x146.png 2048w\" sizes=\"auto, (max-width: 1024px) 100vw, 1024px\" \/><\/figure>\n<\/div>\n\n\n<div style=\"height:50px\" aria-hidden=\"true\" class=\"wp-block-spacer\"><\/div>\n\n\n\n<h2 class=\"has-text-align-center wp-block-heading\"><strong>Selector online de bal\u00edstica y perdigones H&amp;N<\/strong><\/h2>\n\n\n\n<div class=\"wp-block-media-text alignwide is-stacked-on-mobile\" style=\"grid-template-columns:53% auto\"><figure class=\"wp-block-media-text__media\"><img loading=\"lazy\" decoding=\"async\" width=\"1024\" height=\"441\" src=\"https:\/\/nassasilhouette.org\/wp-content\/uploads\/2023\/01\/HN-Logo-2-1024x441.jpg\" alt=\"\" class=\"wp-image-18459 size-full\" srcset=\"https:\/\/nassasilhouette.org\/wp-content\/uploads\/2023\/01\/HN-Logo-2-1024x441.jpg 1024w, https:\/\/nassasilhouette.org\/wp-content\/uploads\/2023\/01\/HN-Logo-2-300x129.jpg 300w, https:\/\/nassasilhouette.org\/wp-content\/uploads\/2023\/01\/HN-Logo-2-768x331.jpg 768w, https:\/\/nassasilhouette.org\/wp-content\/uploads\/2023\/01\/HN-Logo-2-1536x662.jpg 1536w, https:\/\/nassasilhouette.org\/wp-content\/uploads\/2023\/01\/HN-Logo-2-1568x675.jpg 1568w, https:\/\/nassasilhouette.org\/wp-content\/uploads\/2023\/01\/HN-Logo-2.jpg 1755w\" sizes=\"auto, (max-width: 1024px) 100vw, 1024px\" \/><\/figure><div class=\"wp-block-media-text__content\">\n<p>H&amp;N ha introducido recientemente su <strong>Online Ballistics and Pellet Selector<\/strong> para ayudar al tirador de rifle de aire Silhouette al igual que existen varios programas de bal\u00edstica para los tiradores de Silhouette Highpower.<\/p>\n\n\n\n<p>Teniendo en cuenta que el viento no es su amigo, disponer de este tipo de programa puede ayudarle mejor a determinar cu\u00e1les son las mejores combinaciones de perdigones para optimizar los aciertos sobre los animales de acero.<\/p>\n\n\n\n<hr class=\"wp-block-separator has-alpha-channel-opacity\">\n<\/div><\/div>\n\n\n\n<div style=\"height:10px\" aria-hidden=\"true\" class=\"wp-block-spacer\"><\/div>\n\n\n\n<p>El clasificador de balines y bal\u00edstica en l\u00ednea de H&amp;N permite al tirador de Silhouette elegir varios balines de di\u00e1bolo H&amp;N de una biblioteca de balines H&amp;N con fines de prueba y evaluaci\u00f3n. Los resultados bal\u00edsticos incluyen energ\u00eda, velocidad y curvas bal\u00edsticas para cada perdig\u00f3n elegido. Armado con un cron\u00f3grafo de perdigones, puede introducir la velocidad de salida del rifle de aire comprimido, el calibre y la distancia que est\u00e1 probando. Tambi\u00e9n hay un factor de correcci\u00f3n seleccionando el alcance en el que ha apuntado el visor y la altura del visor sobre el \u00e1nima.<\/p>\n\n\n\n<p>El programa en l\u00ednea es f\u00e1cil de usar y puede ahorrarle mucho tiempo de prueba para encontrar los balines m\u00e1s adecuados para disparar en su carabina de aire comprimido Silhouette.<\/p>\n\n\n\n<div class=\"wp-block-media-text alignwide is-stacked-on-mobile\" style=\"grid-template-columns:23% auto\"><figure class=\"wp-block-media-text__media\"><img loading=\"lazy\" decoding=\"async\" width=\"370\" height=\"210\" src=\"https:\/\/nassasilhouette.org\/wp-content\/uploads\/2023\/01\/HN-BAllistic-Calulator-Image.jpg\" alt=\"\" class=\"wp-image-18467 size-full\" srcset=\"https:\/\/nassasilhouette.org\/wp-content\/uploads\/2023\/01\/HN-BAllistic-Calulator-Image.jpg 370w, https:\/\/nassasilhouette.org\/wp-content\/uploads\/2023\/01\/HN-BAllistic-Calulator-Image-300x170.jpg 300w\" sizes=\"auto, (max-width: 370px) 100vw, 370px\" \/><\/figure><div class=\"wp-block-media-text__content\">\n<p class=\"has-text-align-center has-vivid-cyan-blue-color has-text-color\"><strong>Haga clic en el siguiente enlace para acceder al selector de bal\u00edstica y balines en l\u00ednea de H&amp;N<\/strong><\/p>\n\n\n\n<div class=\"wp-block-buttons is-content-justification-center is-layout-flex wp-container-core-buttons-is-layout-16018d1d wp-block-buttons-is-layout-flex\">\n<div class=\"wp-block-button has-custom-font-size has-extra-small-font-size\"><a class=\"wp-block-button__link has-vivid-cyan-blue-background-color has-background wp-element-button\" href=\"http:\/\/ballistics.hn-sport.de\/#home\"><strong>SELECTOR BAL\u00cdSTICO Y DE PERDIGONES ONLINE H&amp;N<\/strong><\/a><\/div>\n<\/div>\n<\/div><\/div>\n\n\n\n<hr class=\"wp-block-separator has-alpha-channel-opacity\">\n\n\n\n<div class=\"wp-block-media-text alignwide is-stacked-on-mobile\" style=\"grid-template-columns:23% auto\"><figure class=\"wp-block-media-text__media\"><img loading=\"lazy\" decoding=\"async\" width=\"1024\" height=\"458\" src=\"https:\/\/nassasilhouette.org\/wp-content\/uploads\/2023\/01\/HARD-AIR-MAGAZINE-LOGO-1024x458.jpg\" alt=\"\" class=\"wp-image-18453 size-full\" srcset=\"https:\/\/nassasilhouette.org\/wp-content\/uploads\/2023\/01\/HARD-AIR-MAGAZINE-LOGO-1024x458.jpg 1024w, https:\/\/nassasilhouette.org\/wp-content\/uploads\/2023\/01\/HARD-AIR-MAGAZINE-LOGO-300x134.jpg 300w, https:\/\/nassasilhouette.org\/wp-content\/uploads\/2023\/01\/HARD-AIR-MAGAZINE-LOGO-768x344.jpg 768w, https:\/\/nassasilhouette.org\/wp-content\/uploads\/2023\/01\/HARD-AIR-MAGAZINE-LOGO-1536x687.jpg 1536w, https:\/\/nassasilhouette.org\/wp-content\/uploads\/2023\/01\/HARD-AIR-MAGAZINE-LOGO-2048x917.jpg 2048w, https:\/\/nassasilhouette.org\/wp-content\/uploads\/2023\/01\/HARD-AIR-MAGAZINE-LOGO-1568x702.jpg 1568w\" sizes=\"auto, (max-width: 1024px) 100vw, 1024px\" \/><\/figure><div class=\"wp-block-media-text__content\">\n<p class=\"has-text-align-center has-vivid-cyan-blue-color has-text-color\"><strong>Para ver una rese\u00f1a de HARD AIR MAGAZINE sobre el selector de bal\u00edstica y perdigones en l\u00ednea de H&amp;N, haga clic en el siguiente enlace:  <\/strong><\/p>\n\n\n\n<div class=\"wp-block-buttons is-content-justification-center is-layout-flex wp-container-core-buttons-is-layout-16018d1d wp-block-buttons-is-layout-flex\">\n<div class=\"wp-block-button has-custom-font-size has-extra-small-font-size\"><a class=\"wp-block-button__link has-vivid-cyan-blue-background-color has-background wp-element-button\" href=\"https:\/\/hardairmagazine.com\/news\/product-news\/hn-online-ballistics-and-pellet-selector\/\"><strong>REVISTA HARD AIR REVIEW<\/strong><\/a><\/div>\n<\/div>\n<\/div><\/div>\n\n\n\n<hr class=\"wp-block-separator has-alpha-channel-opacity\">\n","protected":false},"excerpt":{"rendered":"<p>Nuestra intenci\u00f3n es darle algunas ideas t\u00e9cnicas para elegir el tipo y la marca de los balines de rifle de aire para competir en las clases Silhouette Target, Sporter y Open Air Rifle. Al igual que la combinaci\u00f3n Silhouette Highpower Rifle &amp; Cartridge, un cierto nivel de conocimiento (y experiencia) es \u00fatil para obtener todo&hellip; <a class=\"more-link\" href=\"https:\/\/nassasilhouette.org\/es-mx\/sobre-nosotros\/bases-del-concurso\/balines-para-rifle-de-aire-comprimido\/\">Continue reading <span class=\"screen-reader-text\">Balines para rifle de aire comprimido<\/span><\/a><\/p>\n","protected":false},"author":4,"featured_media":0,"parent":19530,"menu_order":0,"comment_status":"closed","ping_status":"closed","template":"","meta":{"_acf_changed":false,"footnotes":""},"class_list":["post-19465","page","type-page","status-publish","hentry","entry"],"acf":[],"rttpg_featured_image_url":null,"rttpg_author":{"display_name":"Chris Cawthorne","author_link":"https:\/\/nassasilhouette.org\/es-mx\/author\/cecawthorneyahoo-com\/"},"rttpg_comment":0,"rttpg_category":" <a href=\"https:\/\/nassasilhouette.org\/es-mx\/?taxonomy=translation_priority&#038;term=optional-es-mx\" rel=\"tag\">Optional<\/a>","rttpg_excerpt":"Nuestra intenci\u00f3n es darle algunas ideas t\u00e9cnicas para elegir el tipo y la marca de los balines de rifle de aire para competir en las clases Silhouette Target, Sporter y Open Air Rifle. Al igual que la combinaci\u00f3n Silhouette Highpower Rifle &amp; Cartridge, un cierto nivel de conocimiento (y experiencia) es \u00fatil para obtener todo&hellip;&hellip;","_links":{"self":[{"href":"https:\/\/nassasilhouette.org\/es-mx\/wp-json\/wp\/v2\/pages\/19465","targetHints":{"allow":["GET"]}}],"collection":[{"href":"https:\/\/nassasilhouette.org\/es-mx\/wp-json\/wp\/v2\/pages"}],"about":[{"href":"https:\/\/nassasilhouette.org\/es-mx\/wp-json\/wp\/v2\/types\/page"}],"author":[{"embeddable":true,"href":"https:\/\/nassasilhouette.org\/es-mx\/wp-json\/wp\/v2\/users\/4"}],"replies":[{"embeddable":true,"href":"https:\/\/nassasilhouette.org\/es-mx\/wp-json\/wp\/v2\/comments?post=19465"}],"version-history":[{"count":1,"href":"https:\/\/nassasilhouette.org\/es-mx\/wp-json\/wp\/v2\/pages\/19465\/revisions"}],"predecessor-version":[{"id":41387,"href":"https:\/\/nassasilhouette.org\/es-mx\/wp-json\/wp\/v2\/pages\/19465\/revisions\/41387"}],"up":[{"embeddable":true,"href":"https:\/\/nassasilhouette.org\/es-mx\/wp-json\/wp\/v2\/pages\/19530"}],"wp:attachment":[{"href":"https:\/\/nassasilhouette.org\/es-mx\/wp-json\/wp\/v2\/media?parent=19465"}],"curies":[{"name":"wp","href":"https:\/\/api.w.org\/{rel}","templated":true}]}}