{"id":19463,"date":"2023-01-08T14:27:50","date_gmt":"2023-01-08T20:27:50","guid":{"rendered":"https:\/\/nassasilhouette.org\/cartuchos-de-palanca\/"},"modified":"2023-01-08T14:27:50","modified_gmt":"2023-01-08T20:27:50","slug":"cartuchos-de-palanca","status":"publish","type":"page","link":"https:\/\/nassasilhouette.org\/es-mx\/sobre-nosotros\/bases-del-concurso\/cartuchos-de-palanca\/","title":{"rendered":"Cartuchos de palanca"},"content":{"rendered":"<div class=\"wp-block-image\">\n<figure class=\"aligncenter size-large\"><img loading=\"lazy\" decoding=\"async\" width=\"1024\" height=\"479\" src=\"https:\/\/nassasilhouette.org\/wp-content\/uploads\/2023\/01\/Lever-Action-Cartridges-Banner-1024x479.jpg\" alt=\"\" class=\"wp-image-18488\" srcset=\"https:\/\/nassasilhouette.org\/wp-content\/uploads\/2023\/01\/Lever-Action-Cartridges-Banner-1024x479.jpg 1024w, https:\/\/nassasilhouette.org\/wp-content\/uploads\/2023\/01\/Lever-Action-Cartridges-Banner-300x140.jpg 300w, https:\/\/nassasilhouette.org\/wp-content\/uploads\/2023\/01\/Lever-Action-Cartridges-Banner-768x359.jpg 768w, https:\/\/nassasilhouette.org\/wp-content\/uploads\/2023\/01\/Lever-Action-Cartridges-Banner-1536x719.jpg 1536w, https:\/\/nassasilhouette.org\/wp-content\/uploads\/2023\/01\/Lever-Action-Cartridges-Banner-2048x959.jpg 2048w, https:\/\/nassasilhouette.org\/wp-content\/uploads\/2023\/01\/Lever-Action-Cartridges-Banner-1568x734.jpg 1568w\" sizes=\"auto, (max-width: 1024px) 100vw, 1024px\" \/><\/figure>\n<\/div>\n\n\n<div style=\"height:9px\" aria-hidden=\"true\" class=\"wp-block-spacer\"><\/div>\n\n\n\n<div class=\"wp-block-columns is-layout-flex wp-container-core-columns-is-layout-9d6595d7 wp-block-columns-is-layout-flex\">\n<div class=\"wp-block-column is-layout-flow wp-block-column-is-layout-flow\"><div class=\"wp-block-image\">\n<figure class=\"aligncenter size-large is-resized\"><img loading=\"lazy\" decoding=\"async\" src=\"https:\/\/nassasilhouette.org\/wp-content\/uploads\/2023\/01\/UNDER-CONSTRUCTION-1024x497.jpg\" alt=\"\" class=\"wp-image-18439\" width=\"357\" height=\"171\"><\/figure>\n<\/div><\/div>\n\n\n\n<div class=\"wp-block-column is-layout-flow wp-block-column-is-layout-flow\">\n<p class=\"has-text-align-left has-text-color has-normal-font-size\" style=\"color:#ee0707\"><strong>Tenga paciencia con nosotros.<\/strong><\/p>\n\n\n\n<p class=\"has-text-align-left has-text-color has-normal-font-size\" style=\"color:#ee0707\"><strong>Estamos trabajando en esta secci\u00f3n tan r\u00e1pido como podemos.<\/strong><\/p>\n<\/div>\n<\/div>\n\n\n\n<p class=\"has-text-align-center has-vivid-cyan-blue-color has-text-color\"><strong>Para obtener m\u00e1s informaci\u00f3n sobre los rifles de palanca, haga clic en el siguiente enlace:<\/strong><\/p>\n\n\n\n<div class=\"wp-block-buttons is-content-justification-center is-layout-flex wp-container-core-buttons-is-layout-16018d1d wp-block-buttons-is-layout-flex\">\n<div class=\"wp-block-button has-custom-font-size has-extra-small-font-size\"><a class=\"wp-block-button__link has-vivid-cyan-blue-background-color has-background wp-element-button\" href=\"https:\/\/nassasilhouette.org\/about-us\/competition-basics\/lever-action-rifle\/\"><strong>RIFLES DE PALANCA<\/strong><\/a><\/div>\n<\/div>\n\n\n<div class=\"wp-block-image\">\n<figure class=\"aligncenter size-large is-resized\"><img loading=\"lazy\" decoding=\"async\" src=\"https:\/\/nassasilhouette.org\/wp-content\/uploads\/2021\/12\/Lever-Gun-Paragraph-Separators-1024x87.png\" alt=\"\" class=\"wp-image-8153\" width=\"1024\" height=\"87\" srcset=\"https:\/\/nassasilhouette.org\/wp-content\/uploads\/2021\/12\/Lever-Gun-Paragraph-Separators-1024x87.png 1024w, https:\/\/nassasilhouette.org\/wp-content\/uploads\/2021\/12\/Lever-Gun-Paragraph-Separators-300x26.png 300w, https:\/\/nassasilhouette.org\/wp-content\/uploads\/2021\/12\/Lever-Gun-Paragraph-Separators-768x65.png 768w, https:\/\/nassasilhouette.org\/wp-content\/uploads\/2021\/12\/Lever-Gun-Paragraph-Separators-1536x131.png 1536w, https:\/\/nassasilhouette.org\/wp-content\/uploads\/2021\/12\/Lever-Gun-Paragraph-Separators-2048x174.png 2048w\" sizes=\"auto, (max-width: 1024px) 100vw, 1024px\" \/><\/figure>\n<\/div>\n\n\n<hr class=\"wp-block-separator has-alpha-channel-opacity\">\n\n\n\n<div style=\"height:50px\" aria-hidden=\"true\" class=\"wp-block-spacer\"><\/div>\n\n\n\n<h2 class=\"has-text-align-center wp-block-heading\"><strong>Cartuchos utilizados en la competici\u00f3n de silueta con palanca<\/strong><\/h2>\n\n\n\n<div class=\"wp-block-columns is-layout-flex wp-container-core-columns-is-layout-9d6595d7 wp-block-columns-is-layout-flex\">\n<div class=\"wp-block-column is-layout-flow wp-block-column-is-layout-flow\"><div class=\"wp-block-image\">\n<figure class=\"aligncenter size-large is-resized\"><img loading=\"lazy\" decoding=\"async\" src=\"https:\/\/nassasilhouette.org\/wp-content\/uploads\/2023\/01\/UNDER-CONSTRUCTION-1024x497.jpg\" alt=\"\" class=\"wp-image-18439\" width=\"357\" height=\"171\"><\/figure>\n<\/div><\/div>\n\n\n\n<div class=\"wp-block-column is-layout-flow wp-block-column-is-layout-flow\">\n<p class=\"has-text-align-left has-text-color has-normal-font-size\" style=\"color:#ee0707\"><strong>Tenga paciencia con nosotros.<\/strong><\/p>\n\n\n\n<p class=\"has-text-align-left has-text-color has-normal-font-size\" style=\"color:#ee0707\"><strong>Estamos trabajando en esta secci\u00f3n tan r\u00e1pido como podemos.<\/strong><\/p>\n<\/div>\n<\/div>\n\n\n\n<p>De NRA Rulebook &#8211;<\/p>\n\n\n\n<p>La munici\u00f3n puede cargarse con p\u00f3lvora sin humo o p\u00f3lvora negra, utilizando balas encamisadas o fundidas, con o sin controles de gas. Todas las balas deben ser redondas o de punta plana adecuadas para su uso en cargadores tubulares. Cualquier cartucho que cause da\u00f1os al objetivo o que se considere inseguro podr\u00e1 ser prohibido.<\/p>\n\n\n\n<div class=\"wp-block-columns is-layout-flex wp-container-core-columns-is-layout-9d6595d7 wp-block-columns-is-layout-flex\">\n<div class=\"wp-block-column is-layout-flow wp-block-column-is-layout-flow\">\n<figure class=\"wp-block-image size-large\"><img loading=\"lazy\" decoding=\"async\" width=\"922\" height=\"1024\" src=\"https:\/\/nassasilhouette.org\/wp-content\/uploads\/2021\/11\/LA-Cartridge-Survey-922x1024.png\" alt=\"\" class=\"wp-image-7022\" srcset=\"https:\/\/nassasilhouette.org\/wp-content\/uploads\/2021\/11\/LA-Cartridge-Survey-922x1024.png 922w, https:\/\/nassasilhouette.org\/wp-content\/uploads\/2021\/11\/LA-Cartridge-Survey-270x300.png 270w, https:\/\/nassasilhouette.org\/wp-content\/uploads\/2021\/11\/LA-Cartridge-Survey-768x853.png 768w, https:\/\/nassasilhouette.org\/wp-content\/uploads\/2021\/11\/LA-Cartridge-Survey-1383x1536.png 1383w, https:\/\/nassasilhouette.org\/wp-content\/uploads\/2021\/11\/LA-Cartridge-Survey-1844x2048.png 1844w, https:\/\/nassasilhouette.org\/wp-content\/uploads\/2021\/11\/LA-Cartridge-Survey.png 1911w\" sizes=\"auto, (max-width: 922px) 100vw, 922px\" \/><\/figure>\n<\/div>\n\n\n\n<div class=\"wp-block-column is-layout-flow wp-block-column-is-layout-flow\">\n<figure class=\"wp-block-image size-large\"><img loading=\"lazy\" decoding=\"async\" width=\"781\" height=\"1024\" src=\"https:\/\/nassasilhouette.org\/wp-content\/uploads\/2021\/11\/LA-PC-Cartridge-Survey-781x1024.png\" alt=\"\" class=\"wp-image-7023\" srcset=\"https:\/\/nassasilhouette.org\/wp-content\/uploads\/2021\/11\/LA-PC-Cartridge-Survey-781x1024.png 781w, https:\/\/nassasilhouette.org\/wp-content\/uploads\/2021\/11\/LA-PC-Cartridge-Survey-229x300.png 229w, https:\/\/nassasilhouette.org\/wp-content\/uploads\/2021\/11\/LA-PC-Cartridge-Survey-768x1008.png 768w, https:\/\/nassasilhouette.org\/wp-content\/uploads\/2021\/11\/LA-PC-Cartridge-Survey-1171x1536.png 1171w, https:\/\/nassasilhouette.org\/wp-content\/uploads\/2021\/11\/LA-PC-Cartridge-Survey-1561x2048.png 1561w, https:\/\/nassasilhouette.org\/wp-content\/uploads\/2021\/11\/LA-PC-Cartridge-Survey.png 1911w\" sizes=\"auto, (max-width: 781px) 100vw, 781px\" \/><\/figure>\n<\/div>\n\n\n\n<div class=\"wp-block-column is-layout-flow wp-block-column-is-layout-flow\">\n<figure class=\"wp-block-image size-large\"><img loading=\"lazy\" decoding=\"async\" width=\"443\" height=\"1024\" src=\"https:\/\/nassasilhouette.org\/wp-content\/uploads\/2021\/11\/LA-SB-Ammo-Survey-443x1024.png\" alt=\"\" class=\"wp-image-7024\" srcset=\"https:\/\/nassasilhouette.org\/wp-content\/uploads\/2021\/11\/LA-SB-Ammo-Survey-443x1024.png 443w, https:\/\/nassasilhouette.org\/wp-content\/uploads\/2021\/11\/LA-SB-Ammo-Survey-130x300.png 130w, https:\/\/nassasilhouette.org\/wp-content\/uploads\/2021\/11\/LA-SB-Ammo-Survey-768x1777.png 768w, https:\/\/nassasilhouette.org\/wp-content\/uploads\/2021\/11\/LA-SB-Ammo-Survey-664x1536.png 664w, https:\/\/nassasilhouette.org\/wp-content\/uploads\/2021\/11\/LA-SB-Ammo-Survey-885x2048.png 885w, https:\/\/nassasilhouette.org\/wp-content\/uploads\/2021\/11\/LA-SB-Ammo-Survey.png 1911w\" sizes=\"auto, (max-width: 443px) 100vw, 443px\" \/><\/figure>\n<\/div>\n<\/div>\n","protected":false},"excerpt":{"rendered":"<p>Tenga paciencia con nosotros. Estamos trabajando en esta secci\u00f3n tan r\u00e1pido como podemos. Para obtener m\u00e1s informaci\u00f3n sobre los rifles de palanca, haga clic en el siguiente enlace: Cartuchos utilizados en la competici\u00f3n de silueta con palanca Tenga paciencia con nosotros. Estamos trabajando en esta secci\u00f3n tan r\u00e1pido como podemos. De NRA Rulebook &#8211; La&hellip; <a class=\"more-link\" href=\"https:\/\/nassasilhouette.org\/es-mx\/sobre-nosotros\/bases-del-concurso\/cartuchos-de-palanca\/\">Continue reading <span class=\"screen-reader-text\">Cartuchos de palanca<\/span><\/a><\/p>\n","protected":false},"author":4,"featured_media":0,"parent":19530,"menu_order":0,"comment_status":"closed","ping_status":"closed","template":"","meta":{"_acf_changed":false,"footnotes":""},"class_list":["post-19463","page","type-page","status-publish","hentry","entry"],"acf":[],"rttpg_featured_image_url":null,"rttpg_author":{"display_name":"Chris Cawthorne","author_link":"https:\/\/nassasilhouette.org\/es-mx\/author\/cecawthorneyahoo-com\/"},"rttpg_comment":0,"rttpg_category":" <a href=\"https:\/\/nassasilhouette.org\/es-mx\/?taxonomy=translation_priority&#038;term=optional-es-mx\" rel=\"tag\">Optional<\/a>","rttpg_excerpt":"Tenga paciencia con nosotros. Estamos trabajando en esta secci\u00f3n tan r\u00e1pido como podemos. Para obtener m\u00e1s informaci\u00f3n sobre los rifles de palanca, haga clic en el siguiente enlace: Cartuchos utilizados en la competici\u00f3n de silueta con palanca Tenga paciencia con nosotros. Estamos trabajando en esta secci\u00f3n tan r\u00e1pido como podemos. De NRA Rulebook &#8211; La&hellip;&hellip;","_links":{"self":[{"href":"https:\/\/nassasilhouette.org\/es-mx\/wp-json\/wp\/v2\/pages\/19463","targetHints":{"allow":["GET"]}}],"collection":[{"href":"https:\/\/nassasilhouette.org\/es-mx\/wp-json\/wp\/v2\/pages"}],"about":[{"href":"https:\/\/nassasilhouette.org\/es-mx\/wp-json\/wp\/v2\/types\/page"}],"author":[{"embeddable":true,"href":"https:\/\/nassasilhouette.org\/es-mx\/wp-json\/wp\/v2\/users\/4"}],"replies":[{"embeddable":true,"href":"https:\/\/nassasilhouette.org\/es-mx\/wp-json\/wp\/v2\/comments?post=19463"}],"version-history":[{"count":0,"href":"https:\/\/nassasilhouette.org\/es-mx\/wp-json\/wp\/v2\/pages\/19463\/revisions"}],"up":[{"embeddable":true,"href":"https:\/\/nassasilhouette.org\/es-mx\/wp-json\/wp\/v2\/pages\/19530"}],"wp:attachment":[{"href":"https:\/\/nassasilhouette.org\/es-mx\/wp-json\/wp\/v2\/media?parent=19463"}],"curies":[{"name":"wp","href":"https:\/\/api.w.org\/{rel}","templated":true}]}}