{"id":19462,"date":"2023-01-01T06:32:48","date_gmt":"2023-01-01T12:32:48","guid":{"rendered":"https:\/\/nassasilhouette.org\/biblioteca-tecnica-de-wigger\/programa-de-formacion-silhouette\/"},"modified":"2023-01-01T06:32:48","modified_gmt":"2023-01-01T12:32:48","slug":"programa-de-formacion-silhouette","status":"publish","type":"page","link":"https:\/\/nassasilhouette.org\/es-mx\/biblioteca-tecnica-de-wigger\/programa-de-formacion-silhouette\/","title":{"rendered":"Programa de formaci\u00f3n Silhouette"},"content":{"rendered":"<div class=\"wp-block-image\">\n<figure class=\"aligncenter size-large\"><img loading=\"lazy\" decoding=\"async\" width=\"1024\" height=\"342\" src=\"https:\/\/nassasilhouette.org\/wp-content\/uploads\/2023\/01\/Silhpouette-Training-Program-Banner-1024x342.jpg\" alt=\"\" class=\"wp-image-17436\" srcset=\"https:\/\/nassasilhouette.org\/wp-content\/uploads\/2023\/01\/Silhpouette-Training-Program-Banner-1024x342.jpg 1024w, https:\/\/nassasilhouette.org\/wp-content\/uploads\/2023\/01\/Silhpouette-Training-Program-Banner-300x100.jpg 300w, https:\/\/nassasilhouette.org\/wp-content\/uploads\/2023\/01\/Silhpouette-Training-Program-Banner-768x257.jpg 768w, https:\/\/nassasilhouette.org\/wp-content\/uploads\/2023\/01\/Silhpouette-Training-Program-Banner-1536x513.jpg 1536w, https:\/\/nassasilhouette.org\/wp-content\/uploads\/2023\/01\/Silhpouette-Training-Program-Banner-2048x685.jpg 2048w, https:\/\/nassasilhouette.org\/wp-content\/uploads\/2023\/01\/Silhpouette-Training-Program-Banner-1568x524.jpg 1568w\" sizes=\"auto, (max-width: 1024px) 100vw, 1024px\" \/><\/figure>\n<\/div>\n\n\n<div style=\"height:20px\" aria-hidden=\"true\" class=\"wp-block-spacer\"><\/div>\n\n\n\n<p>El Equipo de Implementaci\u00f3n de la NASSA est\u00e1 plenamente comprometido con el desarrollo de un <strong>Programa de Formaci\u00f3n de Siluetas de la NASSA<\/strong> como uno de nuestros proyectos cr\u00edticos a largo plazo. Hemos declarado anteriormente que un componente clave del \u00e9xito de nuestros <strong>Programas Juveniles NASSA<\/strong> es la capacidad de llevar a cabo seminarios y proporcionar entrenamiento para los tiradores junior.  <\/p>\n\n\n\n<p><strong>Puede ser en forma de:<\/strong><\/p>\n\n\n\n<ul class=\"wp-block-list\">\n<li><strong>Seminarios\/escuelas de entrenamiento para j\u00f3venes<\/strong> &#8211; Seminarios\/escuelas dirigidos por algunos de los mejores tiradores de silueta de rifle de la NASSA para introducir e iniciar a los j\u00f3venes en nuestro deporte.<\/li>\n<\/ul>\n\n\n\n<ul class=\"wp-block-list\">\n<li><strong>Entrenamiento individualizado para j\u00f3venes<\/strong> &#8211; Para aquellos que se toman en serio la silueta, un programa de entrenamiento individualizado m\u00e1s estructurado para competir a nivel estatal\/regional\/nacional.<\/li>\n<\/ul>\n\n\n\n<p>La capacidad de ofrecer seminarios\/entrenamiento aporta algo de valor a los juniors, a los padres de los juniors y a las organizaciones de tiro juvenil afines con las que deseamos colaborar. Obviamente, hay un beneficio para toda la comunidad de silueta y pondr\u00edamos a disposici\u00f3n el Programa de Formaci\u00f3n de Silueta NASSA a todos los que deseen participar.  <\/p>\n\n\n\n<hr class=\"wp-block-separator has-alpha-channel-opacity\">\n\n\n\n<div style=\"height:30px\" aria-hidden=\"true\" class=\"wp-block-spacer\"><\/div>\n\n\n\n<h2 class=\"has-text-align-center wp-block-heading\"><strong>\u00bfQu\u00e9 define un programa de formaci\u00f3n de silueta de referencia?<\/strong><\/h2>\n\n\n\n<p class=\"has-normal-font-size\"><strong>El poder del mapa de procesos<\/strong><\/p>\n\n\n\n<p>Para lograr un exitoso Programa de Entrenamiento de Silueta de NASSA, NASSA debe estar dispuesta a desarrollar material de entrenamiento de silueta superior que satisfaga o exceda las necesidades de nuestra comunidad de tiro de silueta. Nos centraremos en una metodolog\u00eda basada en procesos para desarrollar el material de formaci\u00f3n.  <\/p>\n\n\n\n<p>Para recordar lo importantes que son los procesos, le invitamos a ver el v\u00eddeo de Ginny Thrasher en YouTube titulado  <a href=\"https:\/\/www.google.com\/search?q=ginny+thrasher+a+state+of+mind+youtube&amp;rlz=1C5CHFA_enUS978US980&amp;oq=ginny+thrasher+a+state+of+mind+youtube&amp;aqs=chrome..69i57j33i160l2.9777j0j15&amp;sourceid=chrome&amp;ie=UTF-8#fpstate=ive&amp;vld=cid:debb7cfa,vid:H3LNNh079vk\" data-type=\"URL\" data-id=\"https:\/\/www.google.com\/search?q=ginny+thrasher+a+state+of+mind+youtube&amp;rlz=1C5CHFA_enUS978US980&amp;oq=ginny+thrasher+a+state+of+mind+youtube&amp;aqs=chrome..69i57j33i160l2.9777j0j15&amp;sourceid=chrome&amp;ie=UTF-8#fpstate=ive&amp;vld=cid:debb7cfa,vid:H3LNNh079vk\"><em><strong>&#8220;Ganar las Olimpiadas: Un estado de \u00e1nimo&#8221;.<\/strong><\/em> <\/a>Definir y ense\u00f1ar los procesos necesarios para convertirse en un tirador campe\u00f3n permite desarrollar plenamente el poder del subconsciente, as\u00ed como definir los conocimientos, las herramientas y el equipo \u00f3ptimos necesarios para ser un campe\u00f3n.<\/p>\n\n\n<div class=\"wp-block-image\">\n<figure class=\"aligncenter size-large\"><img loading=\"lazy\" decoding=\"async\" width=\"1024\" height=\"373\" src=\"https:\/\/nassasilhouette.org\/wp-content\/uploads\/2023\/01\/Ginny-Banner-2-1024x373.jpg\" alt=\"\" class=\"wp-image-17491\" srcset=\"https:\/\/nassasilhouette.org\/wp-content\/uploads\/2023\/01\/Ginny-Banner-2-1024x373.jpg 1024w, https:\/\/nassasilhouette.org\/wp-content\/uploads\/2023\/01\/Ginny-Banner-2-300x109.jpg 300w, https:\/\/nassasilhouette.org\/wp-content\/uploads\/2023\/01\/Ginny-Banner-2-768x279.jpg 768w, https:\/\/nassasilhouette.org\/wp-content\/uploads\/2023\/01\/Ginny-Banner-2-1536x559.jpg 1536w, https:\/\/nassasilhouette.org\/wp-content\/uploads\/2023\/01\/Ginny-Banner-2-2048x745.jpg 2048w, https:\/\/nassasilhouette.org\/wp-content\/uploads\/2023\/01\/Ginny-Banner-2-1568x571.jpg 1568w\" sizes=\"auto, (max-width: 1024px) 100vw, 1024px\" \/><\/figure>\n<\/div>\n\n\n<div style=\"height:20px\" aria-hidden=\"true\" class=\"wp-block-spacer\"><\/div>\n\n\n\n<div style=\"height:10px\" aria-hidden=\"true\" class=\"wp-block-spacer\"><\/div>\n\n\n\n<p class=\"has-normal-font-size\"><strong>Otras consideraciones<\/strong><\/p>\n\n\n\n<p><strong>Algunos de los otros factores que tendremos en cuenta a la hora de desarrollar el Programa de Formaci\u00f3n de Siluetas de la NASSA son:<\/strong><\/p>\n\n\n\n<p><\/p>\n\n\n\n<ul class=\"wp-block-list\">\n<li>Haremos referencia a lo que ya se ha creado a trav\u00e9s de nuestras organizaciones afines, como USA Shooting, el Civilian Marksmanship Program (CMP), la NRA, la International Shooting Sport Federation (ISSF) y otras organizaciones deportivas de tiro.<\/li>\n<\/ul>\n\n\n\n<hr class=\"wp-block-separator has-alpha-channel-opacity\">\n\n\n\n<ul class=\"wp-block-list\">\n<li>Exploraremos diferentes metodolog\u00edas de entrenamiento, ya que no existe una forma correcta espec\u00edfica de disparar siluetas. Lo que funciona para algunos puede no funcionar para todos, por lo que cada tirador puede adoptar lo que m\u00e1s le convenga. Por ejemplo, los m\u00e9todos de entrenamiento mental de Ginny Thrasher mencionados anteriormente son similares en sus objetivos al Sistema de Gesti\u00f3n Mental de Lanny Bassham (autor de <em>\n  <strong>Con la mente puesta en ganar<\/strong>\n<\/em>), pero las t\u00e9cnicas para conseguirlo son diferentes.<\/li>\n<\/ul>\n\n\n\n<hr class=\"wp-block-separator has-alpha-channel-opacity\">\n\n\n\n<ul class=\"wp-block-list\">\n<li>Propondremos alg\u00fan tipo de Programa de Certificaci\u00f3n de Entrenadores para garantizar que la integridad del Programa de Entrenamiento de Siluetas de la NASSA permanezca intacta. Nuestras organizaciones afines tienen un planteamiento similar (formar a los formadores).<\/li>\n<\/ul>\n\n\n\n<hr class=\"wp-block-separator has-alpha-channel-opacity\">\n\n\n\n<ul class=\"wp-block-list\">\n<li>Las categor\u00edas del <strong>Blog T\u00e9cnico de NASSA<\/strong> de <strong>\n  <em>Inspiraci\u00f3n,<\/em>\n<\/strong> <strong>\n  <em>El juego mental<\/em>\n<\/strong>, <strong>\n  <em>El juego f\u00edsico<\/em>\n<\/strong>, <strong>\n  <em>Rifle y miras<\/em>\n<\/strong>, <strong>\n  <em>Munici\u00f3n y Bal\u00edstica<\/em>\n<\/strong> y <strong>\n  <em>En el campo de tiro<\/em>\n<\/strong> est\u00e1n pensados para complementar el Programa de Entrenamiento de Silueta de la NASSA. Complementarios en el sentido de que reforzar\u00e1n los conocimientos, herramientas y equipos ense\u00f1ados en el plan de estudios de nuestro programa de formaci\u00f3n.<\/li>\n<\/ul>\n\n\n\n<hr class=\"wp-block-separator has-alpha-channel-opacity\">\n\n\n\n<ul class=\"wp-block-list\">\n<li>Del mismo modo, la p\u00e1gina web de <strong>libros de tiro recomendados por la NASSA<\/strong> tambi\u00e9n sirve para reforzar el plan de estudios de formaci\u00f3n, ya que cubren un terreno similar y pueden ayudar a cada tirador a adaptar lo aprendido a sus necesidades particulares.<\/li>\n<\/ul>\n\n\n\n<div style=\"height:10px\" aria-hidden=\"true\" class=\"wp-block-spacer\"><\/div>\n\n\n\n<p class=\"has-text-align-center has-vivid-cyan-blue-color has-text-color\"><strong>Le iremos informando de nuestros progresos en esta p\u00e1gina web o a trav\u00e9s de los comunicados de prensa de NASSA a medida que iniciemos nuestra andadura. No dudes en utilizar el enlace CONT\u00c1CTANOS que aparece a continuaci\u00f3n si tienes algo que aportar al desarrollo de nuestro Programa de Formaci\u00f3n en Siluetas de la NASSA.<\/strong><\/p>\n\n\n\n<div class=\"wp-block-buttons is-content-justification-center is-layout-flex wp-container-core-buttons-is-layout-16018d1d wp-block-buttons-is-layout-flex\">\n<div class=\"wp-block-button has-custom-font-size has-extra-small-font-size\"><a class=\"wp-block-button__link has-vivid-cyan-blue-background-color has-background wp-element-button\" href=\"https:\/\/nassasilhouette.org\/about-us\/contact-us\/\"><strong>CONTACTAR CON NOSOTROS<\/strong><\/a><\/div>\n<\/div>\n\n\n\n<hr class=\"wp-block-separator has-alpha-channel-opacity\">\n","protected":false},"excerpt":{"rendered":"<p>El Equipo de Implementaci\u00f3n de la NASSA est\u00e1 plenamente comprometido con el desarrollo de un Programa de Formaci\u00f3n de Siluetas de la NASSA como uno de nuestros proyectos cr\u00edticos a largo plazo. Hemos declarado anteriormente que un componente clave del \u00e9xito de nuestros Programas Juveniles NASSA es la capacidad de llevar a cabo seminarios y&hellip; <a class=\"more-link\" href=\"https:\/\/nassasilhouette.org\/es-mx\/biblioteca-tecnica-de-wigger\/programa-de-formacion-silhouette\/\">Continue reading <span class=\"screen-reader-text\">Programa de formaci\u00f3n Silhouette<\/span><\/a><\/p>\n","protected":false},"author":4,"featured_media":0,"parent":13853,"menu_order":0,"comment_status":"closed","ping_status":"closed","template":"","meta":{"_acf_changed":false,"footnotes":""},"class_list":["post-19462","page","type-page","status-publish","hentry","entry"],"acf":[],"rttpg_featured_image_url":null,"rttpg_author":{"display_name":"Chris Cawthorne","author_link":"https:\/\/nassasilhouette.org\/es-mx\/author\/cecawthorneyahoo-com\/"},"rttpg_comment":0,"rttpg_category":" <a href=\"https:\/\/nassasilhouette.org\/es-mx\/?taxonomy=translation_priority&#038;term=optional-es-mx\" rel=\"tag\">Optional<\/a>","rttpg_excerpt":"El Equipo de Implementaci\u00f3n de la NASSA est\u00e1 plenamente comprometido con el desarrollo de un Programa de Formaci\u00f3n de Siluetas de la NASSA como uno de nuestros proyectos cr\u00edticos a largo plazo. Hemos declarado anteriormente que un componente clave del \u00e9xito de nuestros Programas Juveniles NASSA es la capacidad de llevar a cabo seminarios y&hellip;&hellip;","_links":{"self":[{"href":"https:\/\/nassasilhouette.org\/es-mx\/wp-json\/wp\/v2\/pages\/19462","targetHints":{"allow":["GET"]}}],"collection":[{"href":"https:\/\/nassasilhouette.org\/es-mx\/wp-json\/wp\/v2\/pages"}],"about":[{"href":"https:\/\/nassasilhouette.org\/es-mx\/wp-json\/wp\/v2\/types\/page"}],"author":[{"embeddable":true,"href":"https:\/\/nassasilhouette.org\/es-mx\/wp-json\/wp\/v2\/users\/4"}],"replies":[{"embeddable":true,"href":"https:\/\/nassasilhouette.org\/es-mx\/wp-json\/wp\/v2\/comments?post=19462"}],"version-history":[{"count":0,"href":"https:\/\/nassasilhouette.org\/es-mx\/wp-json\/wp\/v2\/pages\/19462\/revisions"}],"up":[{"embeddable":true,"href":"https:\/\/nassasilhouette.org\/es-mx\/wp-json\/wp\/v2\/pages\/13853"}],"wp:attachment":[{"href":"https:\/\/nassasilhouette.org\/es-mx\/wp-json\/wp\/v2\/media?parent=19462"}],"curies":[{"name":"wp","href":"https:\/\/api.w.org\/{rel}","templated":true}]}}