{"id":19459,"date":"2023-01-07T16:19:24","date_gmt":"2023-01-07T22:19:24","guid":{"rendered":"https:\/\/nassasilhouette.org\/noticias-y-multimedia\/nassa-en-directo\/"},"modified":"2023-01-07T16:19:24","modified_gmt":"2023-01-07T22:19:24","slug":"nassa-en-directo","status":"publish","type":"page","link":"https:\/\/nassasilhouette.org\/es-mx\/noticias-y-multimedia\/nassa-en-directo\/","title":{"rendered":"NASSA en directo"},"content":{"rendered":"<div class=\"wp-block-image\">\n<figure class=\"aligncenter size-large\"><img loading=\"lazy\" decoding=\"async\" width=\"1024\" height=\"483\" src=\"https:\/\/nassasilhouette.org\/wp-content\/uploads\/2023\/01\/NASSA-Live-Banner-1024x483.jpg\" alt=\"\" class=\"wp-image-18236\" srcset=\"https:\/\/nassasilhouette.org\/wp-content\/uploads\/2023\/01\/NASSA-Live-Banner-1024x483.jpg 1024w, https:\/\/nassasilhouette.org\/wp-content\/uploads\/2023\/01\/NASSA-Live-Banner-300x141.jpg 300w, https:\/\/nassasilhouette.org\/wp-content\/uploads\/2023\/01\/NASSA-Live-Banner-768x362.jpg 768w, https:\/\/nassasilhouette.org\/wp-content\/uploads\/2023\/01\/NASSA-Live-Banner-1536x724.jpg 1536w, https:\/\/nassasilhouette.org\/wp-content\/uploads\/2023\/01\/NASSA-Live-Banner-2048x965.jpg 2048w, https:\/\/nassasilhouette.org\/wp-content\/uploads\/2023\/01\/NASSA-Live-Banner-1568x739.jpg 1568w\" sizes=\"auto, (max-width: 1024px) 100vw, 1024px\" \/><\/figure>\n<\/div>\n\n\n<div style=\"height:20px\" aria-hidden=\"true\" class=\"wp-block-spacer\"><\/div>\n\n\n\n<p>El Equipo de Implementaci\u00f3n de la NASSA est\u00e1 plenamente comprometido con el desarrollo de un<strong>Programa de Transmisi\u00f3n en Directo de Partidos del Campeonato de Silueta de la NASSA<\/strong>&nbsp;<strong>&nbsp;<\/strong>como uno de nuestros proyectos cr\u00edticos a largo plazo.&nbsp;<\/p>\n\n\n\n<ul class=\"wp-block-list\">\n<li>La tecnolog\u00eda de retransmisi\u00f3n <strong>NASSA LIVE<\/strong>!&nbsp;est\u00e1 en desarrollo para permitir que los Partidos de Silueta del Campeonato se retransmitan en una l\u00ednea de base, con un equipo y personal m\u00ednimos, al tiempo que se maximiza el alcance a trav\u00e9s de Multimedia basada en NASSA.<\/li>\n<\/ul>\n\n\n\n<ul class=\"wp-block-list\">\n<li><strong>NASSA LIVE<\/strong>!&nbsp;streaming deber\u00eda ser un a\u00f1adido a la cobertura de su evento. Como parte de la cobertura del Campeonato Silhouette Match, se deben capturar im\u00e1genes de alta definici\u00f3n para cargarlas despu\u00e9s del evento.<\/li>\n<\/ul>\n\n\n\n<p>\u00bfLe interesa obtener m\u00e1s informaci\u00f3n y que su evento sea presentado con la potencia de&nbsp;<strong>NASSA Live<\/strong>!&nbsp;streams?&nbsp;<\/p>\n\n\n\n<p>P\u00f3ngase en contacto con&nbsp;<strong>\n  <a href=\"mailto:David@nassasilhouette.org\">David@nassasilhouette.org<\/a>\n<\/strong><\/p>\n\n\n\n<p class=\"has-text-align-center has-text-color\" style=\"color:#e70716\"><strong>(Consulte esta p\u00e1gina web para obtener informaci\u00f3n actualizada sobre NASSA Live! a medida que avanza nuestro proyecto).<\/strong><\/p>\n\n\n\n<hr class=\"wp-block-separator has-alpha-channel-opacity\">\n","protected":false},"excerpt":{"rendered":"<p>El Equipo de Implementaci\u00f3n de la NASSA est\u00e1 plenamente comprometido con el desarrollo de unPrograma de Transmisi\u00f3n en Directo de Partidos del Campeonato de Silueta de la NASSA&nbsp;&nbsp;como uno de nuestros proyectos cr\u00edticos a largo plazo.&nbsp; \u00bfLe interesa obtener m\u00e1s informaci\u00f3n y que su evento sea presentado con la potencia de&nbsp;NASSA Live!&nbsp;streams?&nbsp; P\u00f3ngase en contacto&hellip; <a class=\"more-link\" href=\"https:\/\/nassasilhouette.org\/es-mx\/noticias-y-multimedia\/nassa-en-directo\/\">Continue reading <span class=\"screen-reader-text\">NASSA en directo<\/span><\/a><\/p>\n","protected":false},"author":4,"featured_media":0,"parent":13851,"menu_order":0,"comment_status":"closed","ping_status":"closed","template":"","meta":{"_acf_changed":false,"footnotes":""},"class_list":["post-19459","page","type-page","status-publish","hentry","entry"],"acf":[],"rttpg_featured_image_url":null,"rttpg_author":{"display_name":"Chris Cawthorne","author_link":"https:\/\/nassasilhouette.org\/es-mx\/author\/cecawthorneyahoo-com\/"},"rttpg_comment":0,"rttpg_category":" <a href=\"https:\/\/nassasilhouette.org\/es-mx\/?taxonomy=translation_priority&#038;term=optional-es-mx\" rel=\"tag\">Optional<\/a>","rttpg_excerpt":"El Equipo de Implementaci\u00f3n de la NASSA est\u00e1 plenamente comprometido con el desarrollo de unPrograma de Transmisi\u00f3n en Directo de Partidos del Campeonato de Silueta de la NASSA&nbsp;&nbsp;como uno de nuestros proyectos cr\u00edticos a largo plazo.&nbsp; \u00bfLe interesa obtener m\u00e1s informaci\u00f3n y que su evento sea presentado con la potencia de&nbsp;NASSA Live!&nbsp;streams?&nbsp; P\u00f3ngase en contacto&hellip;&hellip;","_links":{"self":[{"href":"https:\/\/nassasilhouette.org\/es-mx\/wp-json\/wp\/v2\/pages\/19459","targetHints":{"allow":["GET"]}}],"collection":[{"href":"https:\/\/nassasilhouette.org\/es-mx\/wp-json\/wp\/v2\/pages"}],"about":[{"href":"https:\/\/nassasilhouette.org\/es-mx\/wp-json\/wp\/v2\/types\/page"}],"author":[{"embeddable":true,"href":"https:\/\/nassasilhouette.org\/es-mx\/wp-json\/wp\/v2\/users\/4"}],"replies":[{"embeddable":true,"href":"https:\/\/nassasilhouette.org\/es-mx\/wp-json\/wp\/v2\/comments?post=19459"}],"version-history":[{"count":0,"href":"https:\/\/nassasilhouette.org\/es-mx\/wp-json\/wp\/v2\/pages\/19459\/revisions"}],"up":[{"embeddable":true,"href":"https:\/\/nassasilhouette.org\/es-mx\/wp-json\/wp\/v2\/pages\/13851"}],"wp:attachment":[{"href":"https:\/\/nassasilhouette.org\/es-mx\/wp-json\/wp\/v2\/media?parent=19459"}],"curies":[{"name":"wp","href":"https:\/\/api.w.org\/{rel}","templated":true}]}}