{"id":19452,"date":"2022-11-22T13:49:05","date_gmt":"2022-11-22T19:49:05","guid":{"rendered":"https:\/\/nassasilhouette.org\/noticias-y-multimedia\/nassa-instagram\/"},"modified":"2023-07-31T20:26:33","modified_gmt":"2023-08-01T01:26:33","slug":"nassa-instagram","status":"publish","type":"page","link":"https:\/\/nassasilhouette.org\/es-mx\/noticias-y-multimedia\/nassa-instagram\/","title":{"rendered":"NASSA Instagram"},"content":{"rendered":"<div class=\"wp-block-image\">\n<figure class=\"aligncenter size-large\"><img loading=\"lazy\" decoding=\"async\" width=\"1024\" height=\"496\" src=\"https:\/\/nassasilhouette.org\/wp-content\/uploads\/2022\/12\/NASSA-Instagram-Banner-1-1024x496.jpg\" alt=\"\" class=\"wp-image-16822\" srcset=\"https:\/\/nassasilhouette.org\/wp-content\/uploads\/2022\/12\/NASSA-Instagram-Banner-1-1024x496.jpg 1024w, https:\/\/nassasilhouette.org\/wp-content\/uploads\/2022\/12\/NASSA-Instagram-Banner-1-300x145.jpg 300w, https:\/\/nassasilhouette.org\/wp-content\/uploads\/2022\/12\/NASSA-Instagram-Banner-1-768x372.jpg 768w, https:\/\/nassasilhouette.org\/wp-content\/uploads\/2022\/12\/NASSA-Instagram-Banner-1-1536x744.jpg 1536w, https:\/\/nassasilhouette.org\/wp-content\/uploads\/2022\/12\/NASSA-Instagram-Banner-1-2048x992.jpg 2048w, https:\/\/nassasilhouette.org\/wp-content\/uploads\/2022\/12\/NASSA-Instagram-Banner-1-1568x759.jpg 1568w\" sizes=\"auto, (max-width: 1024px) 100vw, 1024px\" \/><\/figure>\n<\/div>\n\n\n<div style=\"height:10px\" aria-hidden=\"true\" class=\"wp-block-spacer\"><\/div>\n\n\n\n<p>La primera iniciativa de NASSA <strong>Youth Programs<\/strong> fue el lanzamiento de <strong>NASSA Instagram <\/strong>en noviembre de 2022. Esta plataforma multimedia, muy popular entre nuestros j\u00f3venes, permite ahora a los tiradores Junior de Rifle Silueta conectarse entre s\u00ed a trav\u00e9s de nuestras Regiones NASSA en Canad\u00e1, M\u00e9xico y los EE.UU.. Ahora los juniors pueden conectarse y mantenerse en contacto con los amigos que conozcan en campeonatos como el 2022 NRA Silhouette Nationals en Ridgway, PA.<\/p>\n\n\n\n<p><a>Luisiana y el sur de Texas son dos estados con una importante participaci\u00f3n de Junior Rifle Silhouette. Juniors tanto de Luisiana como de Texas viajan de un lado a otro para competir entre s\u00ed durante toda la temporada de partidos de Silhouette. El <strong>Equipo de Implementaci\u00f3n de NASSA<\/strong> se reuni\u00f3 con muchos de estos mismos juniors (y padres) en el Texas State Smallbore Silhouette Championships &nbsp;en noviembre de 2022 para discutir el lanzamiento de la nueva plataforma <strong>NASSA Instagram<\/strong>.<\/a><\/p>\n\n\n\n<p>Como resultado de esta reuni\u00f3n, el <strong>Equipo de Implementaci\u00f3n de NAS <\/strong>SA est\u00e1 trabajando ahora con estos mismos juniors (y padres) para definir su papel en la administraci\u00f3n de <strong>NASSA Instagram<\/strong>.  &nbsp;Una vez que esta funci\u00f3n y el proceso est\u00e9n mejor definidos, creceremos y compartiremos la administraci\u00f3n de <strong>NASSA Instagram<em> <\/em><\/strong>con juniors seleccionados en todas las Regiones de NASSA.<\/p>\n\n\n\n<p class=\"has-text-align-center has-vivid-cyan-blue-color has-text-color\"><strong>Para conectar con NASSA Ins<\/strong><a href=\"https:\/\/www.instagram.com\/nassasilhouette\/\" data-type=\"URL\" data-id=\"https:\/\/www.instagram.com\/nassasilhouette\/\">https:\/\/www.instagram.com\/nassasilhouette\/<\/a><strong>tagram, haga clic en el siguiente enlace:<\/strong><\/p>\n\n\n\n<div class=\"wp-block-buttons is-layout-flex wp-block-buttons-is-layout-flex\">\n<div class=\"wp-block-button aligncenter has-custom-font-size has-small-font-size\"><a class=\"wp-block-button__link has-vivid-cyan-blue-background-color has-background wp-element-button\">NASSA INSTAGRAM<\/a><\/div>\n<\/div>\n","protected":false},"excerpt":{"rendered":"<p>La primera iniciativa de NASSA Youth Programs fue el lanzamiento de NASSA Instagram en noviembre de 2022. Esta plataforma multimedia, muy popular entre nuestros j\u00f3venes, permite ahora a los tiradores Junior de Rifle Silueta conectarse entre s\u00ed a trav\u00e9s de nuestras Regiones NASSA en Canad\u00e1, M\u00e9xico y los EE.UU.. Ahora los juniors pueden conectarse y&hellip; <a class=\"more-link\" href=\"https:\/\/nassasilhouette.org\/es-mx\/noticias-y-multimedia\/nassa-instagram\/\">Continue reading <span class=\"screen-reader-text\">NASSA Instagram<\/span><\/a><\/p>\n","protected":false},"author":4,"featured_media":0,"parent":13851,"menu_order":0,"comment_status":"closed","ping_status":"closed","template":"","meta":{"_acf_changed":false,"footnotes":""},"class_list":["post-19452","page","type-page","status-publish","hentry","entry"],"acf":[],"rttpg_featured_image_url":null,"rttpg_author":{"display_name":"Chris Cawthorne","author_link":"https:\/\/nassasilhouette.org\/es-mx\/author\/cecawthorneyahoo-com\/"},"rttpg_comment":0,"rttpg_category":" <a href=\"https:\/\/nassasilhouette.org\/es-mx\/?taxonomy=translation_priority&#038;term=optional-es-mx\" rel=\"tag\">Optional<\/a>","rttpg_excerpt":"La primera iniciativa de NASSA Youth Programs fue el lanzamiento de NASSA Instagram en noviembre de 2022. Esta plataforma multimedia, muy popular entre nuestros j\u00f3venes, permite ahora a los tiradores Junior de Rifle Silueta conectarse entre s\u00ed a trav\u00e9s de nuestras Regiones NASSA en Canad\u00e1, M\u00e9xico y los EE.UU.. Ahora los juniors pueden conectarse y&hellip;&hellip;","_links":{"self":[{"href":"https:\/\/nassasilhouette.org\/es-mx\/wp-json\/wp\/v2\/pages\/19452","targetHints":{"allow":["GET"]}}],"collection":[{"href":"https:\/\/nassasilhouette.org\/es-mx\/wp-json\/wp\/v2\/pages"}],"about":[{"href":"https:\/\/nassasilhouette.org\/es-mx\/wp-json\/wp\/v2\/types\/page"}],"author":[{"embeddable":true,"href":"https:\/\/nassasilhouette.org\/es-mx\/wp-json\/wp\/v2\/users\/4"}],"replies":[{"embeddable":true,"href":"https:\/\/nassasilhouette.org\/es-mx\/wp-json\/wp\/v2\/comments?post=19452"}],"version-history":[{"count":1,"href":"https:\/\/nassasilhouette.org\/es-mx\/wp-json\/wp\/v2\/pages\/19452\/revisions"}],"predecessor-version":[{"id":20541,"href":"https:\/\/nassasilhouette.org\/es-mx\/wp-json\/wp\/v2\/pages\/19452\/revisions\/20541"}],"up":[{"embeddable":true,"href":"https:\/\/nassasilhouette.org\/es-mx\/wp-json\/wp\/v2\/pages\/13851"}],"wp:attachment":[{"href":"https:\/\/nassasilhouette.org\/es-mx\/wp-json\/wp\/v2\/media?parent=19452"}],"curies":[{"name":"wp","href":"https:\/\/api.w.org\/{rel}","templated":true}]}}