{"id":14752,"date":"2022-11-20T20:44:21","date_gmt":"2022-11-21T02:44:21","guid":{"rendered":"https:\/\/nassasilhouette.org\/copa-lapua-monarch\/acerca-de\/"},"modified":"2024-08-08T12:53:34","modified_gmt":"2024-08-08T17:53:34","slug":"acerca-de","status":"publish","type":"page","link":"https:\/\/nassasilhouette.org\/es-mx\/copa-lapua-monarch\/acerca-de\/","title":{"rendered":"Sobre nosotros"},"content":{"rendered":"\n\t\t<script>\n\t\t\tjQuery(document).ready(function(){\n\t\t\t\tjQuery(\".lapua-nav-group\").prependTo(jQuery(\".entry-header\"));\n\t\t\t});\n\t\t<\/script>\n\t\t<div class=\"lapua-nav-group\">\n\t\t\t<div class=\"lapua-home-group\">\n\t\t\t\t<a href=\"lapua-monarch-cup\"><img decoding=\"async\" src=\"\/wp-content\/uploads\/2024\/02\/lmc-logo-no-year.jpg\" \/><\/a>\n\t\t\t<\/div>\n\t\t\t<ul class=\"lapua-nav\">\n\t\t\t\t<li>\n\t\t\t\t\t<a href=\"\/es-mx\/copa-lapua-monarch\/acerca-de\/\">Sobre Nosotras<\/a>\n\t\t\t\t<\/li>\n\t\t\t\t<li>\n\t\t\t\t\t<a href=\"\/es-mx\/copa-lapua-monarch\/informacion-del-partido\/\">Informaci\u00f3n del Partido<\/a>\n\t\t\t\t<\/li>\n\t\t\t\t\n\t\t\t\t\n\t\t\t\t<li>\n\t\t\t\t\t<a href=\"\/es-mx\/copa-lapua-monarch\/calendario-de-partidos\/\">Informaci\u00f3n de Diaje<\/a>\n\t\t\t\t<\/li>\n\t\t\t\t<li>\n\t\t\t\t\t<a href=\"\/es-mx\/copa-lapua-monarch\/resultados-de-la-copa-monarca-2022\/\">Resultados de la Copa Monarca<\/a>\n\t\t\t\t<\/li>\n\t\t\t\t<li>\n\t\t\t\t\t<a href=\"\/es-mx\/copa-lapua-monarch\/patrocinadores-de-la-copa-lapua-monarch\/\">Patrocinadoras<\/a>\n\t\t\t\t<\/li>\n\t\t\t\t<li>\n\t\t\t\t\t<a href=\"\/es-mx\/copa-lapua-monarch\/contacte-con\/\">Contacta Con Nosotras<\/a>\n\t\t\t\t<\/li>\n\t\t\t\t\n\t\t\t\t\n\t\t\t<\/ul>\n\t\t<\/div>\n\t\n\n\n<div class=\"wp-block-image\">\n<figure class=\"aligncenter size-large\"><img loading=\"lazy\" decoding=\"async\" width=\"1024\" height=\"394\" src=\"https:\/\/nassasilhouette.org\/wp-content\/uploads\/2023\/01\/About-Us-Banner-1024x394.jpg\" alt=\"\" class=\"wp-image-18783\" srcset=\"https:\/\/nassasilhouette.org\/wp-content\/uploads\/2023\/01\/About-Us-Banner-1024x394.jpg 1024w, https:\/\/nassasilhouette.org\/wp-content\/uploads\/2023\/01\/About-Us-Banner-300x115.jpg 300w, https:\/\/nassasilhouette.org\/wp-content\/uploads\/2023\/01\/About-Us-Banner-768x296.jpg 768w, https:\/\/nassasilhouette.org\/wp-content\/uploads\/2023\/01\/About-Us-Banner-1536x591.jpg 1536w, https:\/\/nassasilhouette.org\/wp-content\/uploads\/2023\/01\/About-Us-Banner-2048x788.jpg 2048w, https:\/\/nassasilhouette.org\/wp-content\/uploads\/2023\/01\/About-Us-Banner-1568x603.jpg 1568w\" sizes=\"auto, (max-width: 1024px) 100vw, 1024px\" \/><\/figure>\n<\/div>\n\n\n<div style=\"height:10px\" aria-hidden=\"true\" class=\"wp-block-spacer\"><\/div>\n\n\n\n<p>La Lapua Monarch Cup (LMC) es una serie de campeonatos de rifle peque\u00f1o de silueta que se celebran en tres pa\u00edses diferentes: Canad\u00e1, Estados Unidos y M\u00e9xico. Tiradores de siluetas de toda Norteam\u00e9rica se re\u00fanen para competir contra los mejores. Las amistades hechas y las amistades renovadas tambi\u00e9n hacen de la Lapua Monarch Cup Series uno de los eventos de siluetas m\u00e1s especiales del mundo. \u00danase a nosotros.<\/p>\n\n\n\n<p>Los competidores ganan puntos en cada partido dentro de sus respectivas clasificaciones (Master, AAA, AA y A), lo que da a todos los tiradores la oportunidad de optar a los 25.000 $ en premios en met\u00e1lico. La Copa Monarch de Lapua es ahora reconocida como la cita ineludible del mundo del tiro de silueta con rifle. Lapua, mundialmente conocida por producir las mejores vainas, balas y cartuchos, se complace en apoyar la Copa Monarch como patrocinador principal.<\/p>\n\n\n\n<hr class=\"wp-block-separator has-alpha-channel-opacity\">\n\n\n<div class=\"wp-block-image\">\n<figure class=\"aligncenter size-large is-resized\"><img loading=\"lazy\" decoding=\"async\" width=\"1024\" height=\"320\" src=\"https:\/\/nassasilhouette.org\/wp-content\/uploads\/2023\/01\/Butterflies-Cropped-1024x320.png\" alt=\"\" class=\"wp-image-18645\" style=\"width:396px;height:auto\" srcset=\"https:\/\/nassasilhouette.org\/wp-content\/uploads\/2023\/01\/Butterflies-Cropped-1024x320.png 1024w, https:\/\/nassasilhouette.org\/wp-content\/uploads\/2023\/01\/Butterflies-Cropped-300x94.png 300w, https:\/\/nassasilhouette.org\/wp-content\/uploads\/2023\/01\/Butterflies-Cropped-768x240.png 768w, https:\/\/nassasilhouette.org\/wp-content\/uploads\/2023\/01\/Butterflies-Cropped-1536x480.png 1536w, https:\/\/nassasilhouette.org\/wp-content\/uploads\/2023\/01\/Butterflies-Cropped-2048x640.png 2048w, https:\/\/nassasilhouette.org\/wp-content\/uploads\/2023\/01\/Butterflies-Cropped-1568x490.png 1568w\" sizes=\"auto, (max-width: 1024px) 100vw, 1024px\" \/><\/figure>\n<\/div>\n\n\n<div style=\"height:10px\" aria-hidden=\"true\" class=\"wp-block-spacer\"><\/div>\n\n\n\n<h2 class=\"wp-block-heading has-text-align-center\"><strong>Nacimiento de la Copa Lapua Monarch<\/strong><\/h2>\n\n\n\n<p>Algo muy significativo sucedi\u00f3 en el Mundo de la Silueta en el Campeonato Nacional de Silueta Smallbore M\u00e9xico 2019. Un peque\u00f1o grupo de los mejores Tiradores de Silueta de M\u00e9xico, Canad\u00e1 y Estados Unidos se reunieron durante este Campeonato y acordaron promover una Serie de Campeonatos Norteamericanos de Silueta para determinar al mejor Tirador de Silueta con Rifle Peque\u00f1o en Norteam\u00e9rica. Junto con esto, solicitar a los patrocinadores importantes premios en met\u00e1lico para entregar a los mejores tiradores de cada una de las clases (Master, AAA, AA, A).  <\/p>\n\n\n\n<p>Pronto se empez\u00f3 a trabajar con el Capstone Precision Group y Lapua acordando ser el patrocinador principal de esta reci\u00e9n creada Lapua Monarch Cup (LMC) Championship Series. Poco despu\u00e9s, se form\u00f3 un Consejo de Administraci\u00f3n y Asesores de LMC y se establecieron la visi\u00f3n, la misi\u00f3n y los objetivos de LMC. Aunque la epidemia de Covid retras\u00f3 el lanzamiento de la Serie de Campeonatos LMC hasta 2022, \u00a1el sue\u00f1o que naci\u00f3 en 2019 en Saltillo ya es una exitosa realidad!<\/p>\n\n\n\n<div class=\"wp-block-media-text alignwide is-stacked-on-mobile\" style=\"grid-template-columns:33% auto\"><figure class=\"wp-block-media-text__media\"><img loading=\"lazy\" decoding=\"async\" width=\"1024\" height=\"800\" src=\"https:\/\/nassasilhouette.org\/wp-content\/uploads\/2023\/01\/LMC-Meeting-2019-1024x800.jpg\" alt=\"\" class=\"wp-image-18698 size-full\" srcset=\"https:\/\/nassasilhouette.org\/wp-content\/uploads\/2023\/01\/LMC-Meeting-2019-1024x800.jpg 1024w, https:\/\/nassasilhouette.org\/wp-content\/uploads\/2023\/01\/LMC-Meeting-2019-300x234.jpg 300w, https:\/\/nassasilhouette.org\/wp-content\/uploads\/2023\/01\/LMC-Meeting-2019-768x600.jpg 768w, https:\/\/nassasilhouette.org\/wp-content\/uploads\/2023\/01\/LMC-Meeting-2019-1536x1200.jpg 1536w, https:\/\/nassasilhouette.org\/wp-content\/uploads\/2023\/01\/LMC-Meeting-2019-2048x1600.jpg 2048w, https:\/\/nassasilhouette.org\/wp-content\/uploads\/2023\/01\/LMC-Meeting-2019-1568x1225.jpg 1568w\" sizes=\"auto, (max-width: 1024px) 100vw, 1024px\" \/><\/figure><div class=\"wp-block-media-text__content\">\n<p class=\"has-text-align-left\"><strong>Reuni\u00f3n inaugural de la Copa Lapua Monarch<\/strong><\/p>\n\n\n\n<ul class=\"wp-block-list\">\n<li><strong>Campeonatos de M\u00e9xico 2019 en la modalidad de Smallbore Silhouette<\/strong><\/li>\n<\/ul>\n\n\n\n<ul class=\"wp-block-list\">\n<li><strong>Los mejores tiradores de siluetas representando a M\u00e9xico, Canad\u00e1 y EE.UU.<\/strong><\/li>\n<\/ul>\n\n\n\n<ul class=\"wp-block-list\">\n<li><strong>Saltillo, Coahuila, M\u00e9xico<\/strong><\/li>\n<\/ul>\n<\/div><\/div>\n\n\n\n<p>Los resultados de esta reuni\u00f3n hist\u00f3rica en Saltillo se pueden resumir mejor a trav\u00e9s de (2) citas de las dos personas que tienen el mayor inter\u00e9s en hacer de la Copa Lapua Monarca una tradici\u00f3n por muchos a\u00f1os.  <\/p>\n\n\n\n<blockquote class=\"wp-block-quote has-text-align-center is-layout-flow wp-block-quote-is-layout-flow\">\n<p>&#8220;La Copa Lapua Monarch fue creada para apoyar el crecimiento y la fuerza de los Metallic Silhouette Shooting Sorts, junto con la promoci\u00f3n de la hermandad entre los tiradores y un legado para las generaciones venideras&#8221;<\/p>\n<cite>Daniel Salazar &#8211; Presidente del Consejo de LMC<\/cite><\/blockquote>\n\n\n\n<hr class=\"wp-block-separator has-alpha-channel-opacity\">\n\n\n\n<blockquote class=\"wp-block-quote has-text-align-center is-layout-flow wp-block-quote-is-layout-flow\">\n<p class=\"has-text-align-center\">&#8220;Smallbore Silhouette&#8221; es una disciplina desafiante que est\u00e1 abierta a todos. J\u00f3venes y mayores, hombres y mujeres. Es s\u00f3lo el tirador y los objetivos. Lapua y SK se enorgullecen de apoyar la Copa Monarch y Silhouette Shooting, y estamos entusiasmados con esta serie de competiciones excepcionales.&#8221;<\/p>\n<cite>Adam Braverman &#8211; Director de Ventas y Marketing de Capstone Precision Group (Lapua)<\/cite><\/blockquote>\n\n\n\n<hr class=\"wp-block-separator has-alpha-channel-opacity\">\n\n\n<div class=\"wp-block-image\">\n<figure class=\"aligncenter size-large is-resized\"><img loading=\"lazy\" decoding=\"async\" width=\"1024\" height=\"320\" src=\"https:\/\/nassasilhouette.org\/wp-content\/uploads\/2023\/01\/Butterflies-Cropped-1024x320.png\" alt=\"\" class=\"wp-image-18645\" style=\"width:368px;height:auto\" srcset=\"https:\/\/nassasilhouette.org\/wp-content\/uploads\/2023\/01\/Butterflies-Cropped-1024x320.png 1024w, https:\/\/nassasilhouette.org\/wp-content\/uploads\/2023\/01\/Butterflies-Cropped-300x94.png 300w, https:\/\/nassasilhouette.org\/wp-content\/uploads\/2023\/01\/Butterflies-Cropped-768x240.png 768w, https:\/\/nassasilhouette.org\/wp-content\/uploads\/2023\/01\/Butterflies-Cropped-1536x480.png 1536w, https:\/\/nassasilhouette.org\/wp-content\/uploads\/2023\/01\/Butterflies-Cropped-2048x640.png 2048w, https:\/\/nassasilhouette.org\/wp-content\/uploads\/2023\/01\/Butterflies-Cropped-1568x490.png 1568w\" sizes=\"auto, (max-width: 1024px) 100vw, 1024px\" \/><\/figure>\n<\/div>\n\n\n<div style=\"height:10px\" aria-hidden=\"true\" class=\"wp-block-spacer\"><\/div>\n\n\n\n<h2 class=\"wp-block-heading has-text-align-center\"><strong>El simbolismo del monarca Lapua<\/strong><\/h2>\n\n\n\n<p>La mariposa monarca tiene un patr\u00f3n migratorio \u00fanico, una de las migraciones m\u00e1s largas de todas las especies de insectos. Esta migraci\u00f3n se considera uno de los acontecimientos naturales m\u00e1s notables del mundo, y ha sido objeto de amplios estudios cient\u00edficos y esfuerzos de conservaci\u00f3n.<\/p>\n\n\n\n<div class=\"wp-block-media-text alignwide has-media-on-the-right is-stacked-on-mobile\" style=\"grid-template-columns:auto 31%\"><div class=\"wp-block-media-text__content\">\n<p>Cada a\u00f1o, millones de monarcas vuelan desde Estados Unidos y Canad\u00e1 hasta sus zonas de invernada en el centro de M\u00e9xico, un viaje que puede durar hasta dos meses y recorrer miles de kil\u00f3metros. Esta migraci\u00f3n es un fen\u00f3meno multigeneracional, ya que las mariposas que llegan a M\u00e9xico son descendientes de las que partieron la primavera anterior.<\/p>\n\n\n\n<p>Las monarcas pasan el invierno en una peque\u00f1a zona de bosques de monta\u00f1a en M\u00e9xico, donde se agrupan en grandes grupos para calentarse. En primavera, se aparean y ponen sus huevos, y la nueva generaci\u00f3n emprende el viaje de vuelta al norte para comenzar de nuevo el ciclo. Esta incre\u00edble migraci\u00f3n se hace a\u00fan m\u00e1s notable por el hecho de que las mariposas individuales s\u00f3lo viven unas pocas semanas, sin embargo, la especie ha completado con \u00e9xito esta migraci\u00f3n durante millones de a\u00f1os.<\/p>\n<\/div><figure class=\"wp-block-media-text__media\"><img loading=\"lazy\" decoding=\"async\" width=\"1018\" height=\"1024\" src=\"https:\/\/nassasilhouette.org\/wp-content\/uploads\/2024\/02\/LMC-Logo-Palm-of-Hand-1018x1024.jpg\" alt=\"\" class=\"wp-image-21068 size-full\" srcset=\"https:\/\/nassasilhouette.org\/wp-content\/uploads\/2024\/02\/LMC-Logo-Palm-of-Hand-1018x1024.jpg 1018w, https:\/\/nassasilhouette.org\/wp-content\/uploads\/2024\/02\/LMC-Logo-Palm-of-Hand-298x300.jpg 298w, https:\/\/nassasilhouette.org\/wp-content\/uploads\/2024\/02\/LMC-Logo-Palm-of-Hand-150x150.jpg 150w, https:\/\/nassasilhouette.org\/wp-content\/uploads\/2024\/02\/LMC-Logo-Palm-of-Hand-768x772.jpg 768w, https:\/\/nassasilhouette.org\/wp-content\/uploads\/2024\/02\/LMC-Logo-Palm-of-Hand-1527x1536.jpg 1527w, https:\/\/nassasilhouette.org\/wp-content\/uploads\/2024\/02\/LMC-Logo-Palm-of-Hand-2036x2048.jpg 2036w, https:\/\/nassasilhouette.org\/wp-content\/uploads\/2024\/02\/LMC-Logo-Palm-of-Hand-1568x1577.jpg 1568w\" sizes=\"auto, (max-width: 1018px) 100vw, 1018px\" \/><\/figure><\/div>\n\n\n\n<blockquote class=\"wp-block-quote has-text-align-center is-layout-flow wp-block-quote-is-layout-flow\">\n<p class=\"has-text-align-center\">\u00a1Qu\u00e9 mejor manera de simbolizar a los tiradores de siluetas de Canad\u00e1, M\u00e9xico y EE.UU. que se re\u00fanen en Norteam\u00e9rica una vez al a\u00f1o que la Lapua Monarch Cup Butterfly!<\/p>\n<cite>&#8211; <strong>Participante an\u00f3nimo en la Copa Lapua Monarch<\/strong><\/cite><\/blockquote>\n\n\n\n<hr class=\"wp-block-separator has-alpha-channel-opacity\">\n\n\n\n<div style=\"height:10px\" aria-hidden=\"true\" class=\"wp-block-spacer\"><\/div>\n\n\n<div class=\"wp-block-image\">\n<figure class=\"aligncenter size-large is-resized\"><img loading=\"lazy\" decoding=\"async\" width=\"1024\" height=\"320\" src=\"https:\/\/nassasilhouette.org\/wp-content\/uploads\/2023\/01\/Butterflies-Cropped-1024x320.png\" alt=\"\" class=\"wp-image-18645\" style=\"width:372px;height:auto\" srcset=\"https:\/\/nassasilhouette.org\/wp-content\/uploads\/2023\/01\/Butterflies-Cropped-1024x320.png 1024w, https:\/\/nassasilhouette.org\/wp-content\/uploads\/2023\/01\/Butterflies-Cropped-300x94.png 300w, https:\/\/nassasilhouette.org\/wp-content\/uploads\/2023\/01\/Butterflies-Cropped-768x240.png 768w, https:\/\/nassasilhouette.org\/wp-content\/uploads\/2023\/01\/Butterflies-Cropped-1536x480.png 1536w, https:\/\/nassasilhouette.org\/wp-content\/uploads\/2023\/01\/Butterflies-Cropped-2048x640.png 2048w, https:\/\/nassasilhouette.org\/wp-content\/uploads\/2023\/01\/Butterflies-Cropped-1568x490.png 1568w\" sizes=\"auto, (max-width: 1024px) 100vw, 1024px\" \/><\/figure>\n<\/div>\n\n\n<div style=\"height:10px\" aria-hidden=\"true\" class=\"wp-block-spacer\"><\/div>\n\n\n\n<h2 class=\"wp-block-heading has-text-align-center\"><strong>Visi\u00f3n, misi\u00f3n y objetivos de la Lapua Monarch Cup<\/strong><\/h2>\n\n\n\n<p>El LMC 2022 demostr\u00f3 con \u00e9xito el concepto de un Campeonato Norteamericano de Smallbore Silhouette. Ahora que la LMC 2023 ha finalizado, la Junta Directiva de la Lapua Monarch Cup est\u00e1 ocupada preparando la LMC 2024. De los Tiradores de Silueta presentes en el LMC 2022\/2023, todos dir\u00edan que el LMC fue un \u00e9xito en unir a los Tiradores de Silueta a trav\u00e9s de Norteam\u00e9rica y abri\u00f3 la posibilidad de expandir este concepto a otras disciplinas de Rifle Silueta.  <\/p>\n\n\n\n<p>Como recordatorio para todos los Tiradores de Silueta, lo siguiente es la Visi\u00f3n, Misi\u00f3n y Objetivo de LMC y la promesa de cumplir las expectativas de todos los Tiradores de Silueta de Norteam\u00e9rica.<\/p>\n\n\n\n<p class=\"has-normal-font-size\"><strong>Misi\u00f3n de LMC:<\/strong><\/p>\n\n\n\n<p>Traiga felicidad y recuerdos inolvidables mientras apoyamos el crecimiento y la fuerza del Deporte de Tiro de Silueta Met\u00e1lica, a trav\u00e9s de iniciativas creativas multiculturales, promoviendo la hermandad de los tiradores y consolidando un legado para las generaciones venideras.<\/p>\n\n\n\n<p class=\"has-normal-font-size\"><strong>Visi\u00f3n de LMC:<\/strong><\/p>\n\n\n\n<p>Realiza el m\u00e1s <strong><em>Prestigiosas Series de Campeonatos<\/em><\/strong> del Mundo. Inspirar la participaci\u00f3n de las personas que disfrutan del deporte y reconocer a los tiradores de esta disciplina, que alcanzan el m\u00e1s alto nivel de rendimiento.<\/p>\n\n\n\n<p class=\"has-normal-font-size\"><strong>Objetivos de LMC:<\/strong><\/p>\n\n\n\n<ul class=\"wp-block-list\">\n<li>Convertir los partidos de la serie en el mayor evento de Silhouette por pa\u00eds.<\/li>\n\n\n\n<li>Establecer nuevos r\u00e9cords de asistencia de tiradores en los principales partidos de cada pa\u00eds.<\/li>\n\n\n\n<li>Promocionar las marcas de nuestros patrocinadores con una sinergia sin precedentes en la que participan los mejores tiradores de siluetas met\u00e1licas del mundo.<\/li>\n<\/ul>\n\n\n\n<div class=\"wp-block-columns is-layout-flex wp-container-core-columns-is-layout-9d6595d7 wp-block-columns-is-layout-flex\">\n<div class=\"wp-block-column is-layout-flow wp-block-column-is-layout-flow\">\n<p class=\"has-normal-font-size\"><strong>Miembros del Consejo de LMC:<\/strong><\/p>\n\n\n\n<ul class=\"wp-block-list\">\n<li>Daniel Salazar (Presidente del Consejo)<\/li>\n\n\n\n<li>Jos\u00e9 &#8220;Pepe&#8221; Vald\u00e9s (M\u00e9xico)<\/li>\n\n\n\n<li>Jason Marsh (Canad\u00e1)<\/li>\n\n\n\n<li>Erich Mietenkorte (EE.UU.)<\/li>\n\n\n\n<li>Chris Cawthorne (EE.UU.)<\/li>\n<\/ul>\n<\/div>\n\n\n\n<div class=\"wp-block-column is-layout-flow wp-block-column-is-layout-flow\">\n<p class=\"has-normal-font-size\"><strong>Equipo asesor del Consejo de LMC:<\/strong><\/p>\n\n\n\n<ul class=\"wp-block-list\">\n<li><strong>Grupo Capstone Precision<\/strong>\n<ul class=\"wp-block-list\">\n<li>Adam Braverman<\/li>\n<\/ul>\n<\/li>\n\n\n\n<li><strong>EE.UU.<\/strong>\n<ul class=\"wp-block-list\">\n<li>Mike Haynes<\/li>\n\n\n\n<li>Jos\u00e9 Luis Rodr\u00edguez<\/li>\n\n\n\n<li>Chris Winstead<\/li>\n\n\n\n<li>Kathleen Garvin<\/li>\n\n\n\n<li>Mary Watkins<\/li>\n<\/ul>\n<\/li>\n\n\n\n<li><strong>M\u00e9xico:<\/strong>\n<ul class=\"wp-block-list\">\n<li>Ang\u00e9lica Kuess<\/li>\n\n\n\n<li>Enrique Kuess de la P.&nbsp;<\/li>\n\n\n\n<li>Gabriel Villareal<\/li>\n\n\n\n<li>Ricardo Arellano<\/li>\n\n\n\n<li>Jos\u00e9 Corral<\/li>\n<\/ul>\n<\/li>\n\n\n\n<li><strong>Canad\u00e1:<\/strong>\n<ul class=\"wp-block-list\">\n<li>Jordan Marsh<\/li>\n\n\n\n<li>Mike Rutherford<\/li>\n\n\n\n<li>Trish Labrecque<\/li>\n\n\n\n<li>Kalvin Marsh<\/li>\n<\/ul>\n<\/li>\n<\/ul>\n<\/div>\n<\/div>\n\n\n\n<hr class=\"wp-block-separator has-alpha-channel-opacity\">\n","protected":false},"excerpt":{"rendered":"<p>La Lapua Monarch Cup (LMC) es una serie de campeonatos de rifle peque\u00f1o de silueta que se celebran en tres pa\u00edses diferentes: Canad\u00e1, Estados Unidos y M\u00e9xico. Tiradores de siluetas de toda Norteam\u00e9rica se re\u00fanen para competir contra los mejores. Las amistades hechas y las amistades renovadas tambi\u00e9n hacen de la Lapua Monarch Cup Series&hellip; <a class=\"more-link\" href=\"https:\/\/nassasilhouette.org\/es-mx\/copa-lapua-monarch\/acerca-de\/\">Continue reading <span class=\"screen-reader-text\">Sobre nosotros<\/span><\/a><\/p>\n","protected":false},"author":6,"featured_media":0,"parent":14747,"menu_order":0,"comment_status":"closed","ping_status":"closed","template":"","meta":{"_acf_changed":false,"footnotes":""},"class_list":["post-14752","page","type-page","status-publish","hentry","entry"],"acf":[],"rttpg_featured_image_url":null,"rttpg_author":{"display_name":"Tim Steinke","author_link":"https:\/\/nassasilhouette.org\/es-mx\/author\/timjsteinkegmail-com\/"},"rttpg_comment":0,"rttpg_category":" <a href=\"https:\/\/nassasilhouette.org\/es-mx\/?taxonomy=translation_priority&#038;term=optional-es-mx\" rel=\"tag\">Optional<\/a>","rttpg_excerpt":"La Lapua Monarch Cup (LMC) es una serie de campeonatos de rifle peque\u00f1o de silueta que se celebran en tres pa\u00edses diferentes: Canad\u00e1, Estados Unidos y M\u00e9xico. Tiradores de siluetas de toda Norteam\u00e9rica se re\u00fanen para competir contra los mejores. Las amistades hechas y las amistades renovadas tambi\u00e9n hacen de la Lapua Monarch Cup Series&hellip;&hellip;","_links":{"self":[{"href":"https:\/\/nassasilhouette.org\/es-mx\/wp-json\/wp\/v2\/pages\/14752","targetHints":{"allow":["GET"]}}],"collection":[{"href":"https:\/\/nassasilhouette.org\/es-mx\/wp-json\/wp\/v2\/pages"}],"about":[{"href":"https:\/\/nassasilhouette.org\/es-mx\/wp-json\/wp\/v2\/types\/page"}],"author":[{"embeddable":true,"href":"https:\/\/nassasilhouette.org\/es-mx\/wp-json\/wp\/v2\/users\/6"}],"replies":[{"embeddable":true,"href":"https:\/\/nassasilhouette.org\/es-mx\/wp-json\/wp\/v2\/comments?post=14752"}],"version-history":[{"count":7,"href":"https:\/\/nassasilhouette.org\/es-mx\/wp-json\/wp\/v2\/pages\/14752\/revisions"}],"predecessor-version":[{"id":21508,"href":"https:\/\/nassasilhouette.org\/es-mx\/wp-json\/wp\/v2\/pages\/14752\/revisions\/21508"}],"up":[{"embeddable":true,"href":"https:\/\/nassasilhouette.org\/es-mx\/wp-json\/wp\/v2\/pages\/14747"}],"wp:attachment":[{"href":"https:\/\/nassasilhouette.org\/es-mx\/wp-json\/wp\/v2\/media?parent=14752"}],"curies":[{"name":"wp","href":"https:\/\/api.w.org\/{rel}","templated":true}]}}