{"id":14751,"date":"2022-11-20T20:41:41","date_gmt":"2022-11-21T02:41:41","guid":{"rendered":"https:\/\/nassasilhouette.org\/copa-lapua-monarch\/contacte-con\/"},"modified":"2026-01-12T18:53:52","modified_gmt":"2026-01-13T00:53:52","slug":"contacte-con","status":"publish","type":"page","link":"https:\/\/nassasilhouette.org\/es-mx\/copa-lapua-monarch\/contacte-con\/","title":{"rendered":"Contacte con"},"content":{"rendered":"\n\t\t<script>\n\t\t\tjQuery(document).ready(function(){\n\t\t\t\tjQuery(\".lapua-nav-group\").prependTo(jQuery(\".entry-header\"));\n\t\t\t});\n\t\t<\/script>\n\t\t<div class=\"lapua-nav-group\">\n\t\t\t<div class=\"lapua-home-group\">\n\t\t\t\t<a href=\"lapua-monarch-cup\"><img decoding=\"async\" src=\"\/wp-content\/uploads\/2024\/02\/lmc-logo-no-year.jpg\" \/><\/a>\n\t\t\t<\/div>\n\t\t\t<ul class=\"lapua-nav\">\n\t\t\t\t<li>\n\t\t\t\t\t<a href=\"\/es-mx\/copa-lapua-monarch\/acerca-de\/\">Sobre Nosotras<\/a>\n\t\t\t\t<\/li>\n\t\t\t\t<li>\n\t\t\t\t\t<a href=\"\/es-mx\/copa-lapua-monarch\/informacion-del-partido\/\">Informaci\u00f3n del Partido<\/a>\n\t\t\t\t<\/li>\n\t\t\t\t\n\t\t\t\t\n\t\t\t\t<li>\n\t\t\t\t\t<a href=\"\/es-mx\/copa-lapua-monarch\/calendario-de-partidos\/\">Informaci\u00f3n de Diaje<\/a>\n\t\t\t\t<\/li>\n\t\t\t\t<li>\n\t\t\t\t\t<a href=\"\/es-mx\/copa-lapua-monarch\/resultados-de-la-copa-monarca-2022\/\">Resultados de la Copa Monarca<\/a>\n\t\t\t\t<\/li>\n\t\t\t\t<li>\n\t\t\t\t\t<a href=\"\/es-mx\/copa-lapua-monarch\/patrocinadores-de-la-copa-lapua-monarch\/\">Patrocinadoras<\/a>\n\t\t\t\t<\/li>\n\t\t\t\t<li>\n\t\t\t\t\t<a href=\"\/es-mx\/copa-lapua-monarch\/contacte-con\/\">Contacta Con Nosotras<\/a>\n\t\t\t\t<\/li>\n\t\t\t\t\n\t\t\t\t\n\t\t\t<\/ul>\n\t\t<\/div>\n\t\n\n\n<div class=\"wp-block-image\">\n<figure class=\"aligncenter size-large\"><img loading=\"lazy\" decoding=\"async\" width=\"1024\" height=\"399\" src=\"https:\/\/nassasilhouette.org\/wp-content\/uploads\/2023\/01\/Contact-Us-Banner-1024x399.jpg\" alt=\"\" class=\"wp-image-18862\" srcset=\"https:\/\/nassasilhouette.org\/wp-content\/uploads\/2023\/01\/Contact-Us-Banner-1024x399.jpg 1024w, https:\/\/nassasilhouette.org\/wp-content\/uploads\/2023\/01\/Contact-Us-Banner-300x117.jpg 300w, https:\/\/nassasilhouette.org\/wp-content\/uploads\/2023\/01\/Contact-Us-Banner-768x300.jpg 768w, https:\/\/nassasilhouette.org\/wp-content\/uploads\/2023\/01\/Contact-Us-Banner-1536x599.jpg 1536w, https:\/\/nassasilhouette.org\/wp-content\/uploads\/2023\/01\/Contact-Us-Banner-2048x799.jpg 2048w, https:\/\/nassasilhouette.org\/wp-content\/uploads\/2023\/01\/Contact-Us-Banner-1568x612.jpg 1568w\" sizes=\"auto, (max-width: 1024px) 100vw, 1024px\" \/><\/figure>\n<\/div>\n\n\n<div style=\"height:9px\" aria-hidden=\"true\" class=\"wp-block-spacer\"><\/div>\n\n\n\n<p>Tanto si pertenece a la industria del tiro deportivo y est\u00e1 interesado en convertirse en patrocinador de la LMC, como si es un club de siluetas interesado en organizar una competici\u00f3n de la Copa Lapua Monarch o un tirador de siluetas con rifle que desea m\u00e1s informaci\u00f3n sobre c\u00f3mo asistir, \u00a1nos encantar\u00eda saber de usted!  <\/p>\n\n\n\n<p><strong>Direcci\u00f3n de correo electr\u00f3nico de LMC:<\/strong><br><a href=\"mailto:Monarchcup.22@gmail.com\">Monarchcup.22@gmail.com<\/a><\/p>\n\n\n\n<p><strong>N\u00famero de tel\u00e9fono de LMC USA:<\/strong><br>956-217-2200<\/p>\n","protected":false},"excerpt":{"rendered":"<p>Tanto si pertenece a la industria del tiro deportivo y est\u00e1 interesado en convertirse en patrocinador de la LMC, como si es un club de siluetas interesado en organizar una competici\u00f3n de la Copa Lapua Monarch o un tirador de siluetas con rifle que desea m\u00e1s informaci\u00f3n sobre c\u00f3mo asistir, \u00a1nos encantar\u00eda saber de usted!&hellip; <a class=\"more-link\" href=\"https:\/\/nassasilhouette.org\/es-mx\/copa-lapua-monarch\/contacte-con\/\">Continue reading <span class=\"screen-reader-text\">Contacte con<\/span><\/a><\/p>\n","protected":false},"author":6,"featured_media":0,"parent":14747,"menu_order":0,"comment_status":"closed","ping_status":"closed","template":"","meta":{"_acf_changed":false,"footnotes":""},"class_list":["post-14751","page","type-page","status-publish","hentry","entry"],"acf":[],"rttpg_featured_image_url":null,"rttpg_author":{"display_name":"Tim Steinke","author_link":"https:\/\/nassasilhouette.org\/es-mx\/author\/timjsteinkegmail-com\/"},"rttpg_comment":0,"rttpg_category":" <a href=\"https:\/\/nassasilhouette.org\/es-mx\/?taxonomy=translation_priority&#038;term=optional-es-mx\" rel=\"tag\">Optional<\/a>","rttpg_excerpt":"Tanto si pertenece a la industria del tiro deportivo y est\u00e1 interesado en convertirse en patrocinador de la LMC, como si es un club de siluetas interesado en organizar una competici\u00f3n de la Copa Lapua Monarch o un tirador de siluetas con rifle que desea m\u00e1s informaci\u00f3n sobre c\u00f3mo asistir, \u00a1nos encantar\u00eda saber de usted!&hellip;&hellip;","_links":{"self":[{"href":"https:\/\/nassasilhouette.org\/es-mx\/wp-json\/wp\/v2\/pages\/14751","targetHints":{"allow":["GET"]}}],"collection":[{"href":"https:\/\/nassasilhouette.org\/es-mx\/wp-json\/wp\/v2\/pages"}],"about":[{"href":"https:\/\/nassasilhouette.org\/es-mx\/wp-json\/wp\/v2\/types\/page"}],"author":[{"embeddable":true,"href":"https:\/\/nassasilhouette.org\/es-mx\/wp-json\/wp\/v2\/users\/6"}],"replies":[{"embeddable":true,"href":"https:\/\/nassasilhouette.org\/es-mx\/wp-json\/wp\/v2\/comments?post=14751"}],"version-history":[{"count":1,"href":"https:\/\/nassasilhouette.org\/es-mx\/wp-json\/wp\/v2\/pages\/14751\/revisions"}],"predecessor-version":[{"id":19458,"href":"https:\/\/nassasilhouette.org\/es-mx\/wp-json\/wp\/v2\/pages\/14751\/revisions\/19458"}],"up":[{"embeddable":true,"href":"https:\/\/nassasilhouette.org\/es-mx\/wp-json\/wp\/v2\/pages\/14747"}],"wp:attachment":[{"href":"https:\/\/nassasilhouette.org\/es-mx\/wp-json\/wp\/v2\/media?parent=14751"}],"curies":[{"name":"wp","href":"https:\/\/api.w.org\/{rel}","templated":true}]}}