{"id":14749,"date":"2022-11-20T20:30:24","date_gmt":"2022-11-21T02:30:24","guid":{"rendered":"https:\/\/nassasilhouette.org\/copa-lapua-monarch\/calendario-de-partidos\/"},"modified":"2025-11-17T19:24:54","modified_gmt":"2025-11-18T01:24:54","slug":"calendario-de-partidos","status":"publish","type":"page","link":"https:\/\/nassasilhouette.org\/es-mx\/copa-lapua-monarch\/calendario-de-partidos\/","title":{"rendered":"Informaci\u00f3n sobre viajes"},"content":{"rendered":"\n\t\t<script>\n\t\t\tjQuery(document).ready(function(){\n\t\t\t\tjQuery(\".lapua-nav-group\").prependTo(jQuery(\".entry-header\"));\n\t\t\t});\n\t\t<\/script>\n\t\t<div class=\"lapua-nav-group\">\n\t\t\t<div class=\"lapua-home-group\">\n\t\t\t\t<a href=\"lapua-monarch-cup\"><img decoding=\"async\" src=\"\/wp-content\/uploads\/2024\/02\/lmc-logo-no-year.jpg\" \/><\/a>\n\t\t\t<\/div>\n\t\t\t<ul class=\"lapua-nav\">\n\t\t\t\t<li>\n\t\t\t\t\t<a href=\"\/es-mx\/copa-lapua-monarch\/acerca-de\/\">Sobre Nosotras<\/a>\n\t\t\t\t<\/li>\n\t\t\t\t<li>\n\t\t\t\t\t<a href=\"\/es-mx\/copa-lapua-monarch\/informacion-del-partido\/\">Informaci\u00f3n del Partido<\/a>\n\t\t\t\t<\/li>\n\t\t\t\t\n\t\t\t\t\n\t\t\t\t<li>\n\t\t\t\t\t<a href=\"\/es-mx\/copa-lapua-monarch\/calendario-de-partidos\/\">Informaci\u00f3n de Diaje<\/a>\n\t\t\t\t<\/li>\n\t\t\t\t<li>\n\t\t\t\t\t<a href=\"\/es-mx\/copa-lapua-monarch\/resultados-de-la-copa-monarca-2022\/\">Resultados de la Copa Monarca<\/a>\n\t\t\t\t<\/li>\n\t\t\t\t<li>\n\t\t\t\t\t<a href=\"\/es-mx\/copa-lapua-monarch\/patrocinadores-de-la-copa-lapua-monarch\/\">Patrocinadoras<\/a>\n\t\t\t\t<\/li>\n\t\t\t\t<li>\n\t\t\t\t\t<a href=\"\/es-mx\/copa-lapua-monarch\/contacte-con\/\">Contacta Con Nosotras<\/a>\n\t\t\t\t<\/li>\n\t\t\t\t\n\t\t\t\t\n\t\t\t<\/ul>\n\t\t<\/div>\n\t\n\n\n<div class=\"wp-block-image\">\n<figure class=\"aligncenter size-large\"><img loading=\"lazy\" decoding=\"async\" width=\"1024\" height=\"505\" src=\"https:\/\/nassasilhouette.org\/wp-content\/uploads\/2024\/02\/LMC-Logo-Passports--1024x505.jpg\" alt=\"\" class=\"wp-image-21072\" srcset=\"https:\/\/nassasilhouette.org\/wp-content\/uploads\/2024\/02\/LMC-Logo-Passports--1024x505.jpg 1024w, https:\/\/nassasilhouette.org\/wp-content\/uploads\/2024\/02\/LMC-Logo-Passports--300x148.jpg 300w, https:\/\/nassasilhouette.org\/wp-content\/uploads\/2024\/02\/LMC-Logo-Passports--768x379.jpg 768w, https:\/\/nassasilhouette.org\/wp-content\/uploads\/2024\/02\/LMC-Logo-Passports--1536x757.jpg 1536w, https:\/\/nassasilhouette.org\/wp-content\/uploads\/2024\/02\/LMC-Logo-Passports--2048x1010.jpg 2048w, https:\/\/nassasilhouette.org\/wp-content\/uploads\/2024\/02\/LMC-Logo-Passports--1568x773.jpg 1568w\" sizes=\"auto, (max-width: 1024px) 100vw, 1024px\" \/><\/figure>\n<\/div>\n\n\n<div style=\"height:10px\" aria-hidden=\"true\" class=\"wp-block-spacer\"><\/div>\n\n\n\n<p>Muchos tiradores de Rifle Silueta nunca han tenido la experiencia de cruzar las fronteras internacionales entre Canad\u00e1, M\u00e9xico y los EE.UU. para disparar una pierna de la Serie de Campeonato LMC. Independientemente del pa\u00eds anfitri\u00f3n del match, el Club Anfitri\u00f3n y el Director del Match est\u00e1n obligados a ayudar a todos los tiradores de Rifle Silueta de otros pa\u00edses con consejos de viaje, alojamiento, hospedaje y otros asuntos log\u00edsticos. Esto se hace para asegurar que cada tirador se anime a participar en toda la Serie de Campeonatos LMC, tenga una experiencia excepcional y lo haga de una manera segura y ordenada.<\/p>\n\n\n\n<p>M\u00e9xico, Canad\u00e1 y Estados Unidos tienen requisitos espec\u00edficos para pasar por la aduana con un arma de fuego. Hemos incluido un resumen de informaci\u00f3n sobre estos requisitos espec\u00edficos para que pueda empezar. Se ver\u00e1 recompensado con lo que quiz\u00e1s sea lo mejor de su tiempo disparando Rifle Silhouette.<\/p>\n\n\n\n<hr class=\"wp-block-separator has-alpha-channel-opacity\">\n\n\n<div class=\"wp-block-image\">\n<figure class=\"aligncenter size-large is-resized\"><img loading=\"lazy\" decoding=\"async\" width=\"1024\" height=\"320\" src=\"https:\/\/nassasilhouette.org\/wp-content\/uploads\/2023\/01\/Butterflies-Cropped-1024x320.png\" alt=\"\" class=\"wp-image-18645\" style=\"width:346px;height:auto\" srcset=\"https:\/\/nassasilhouette.org\/wp-content\/uploads\/2023\/01\/Butterflies-Cropped-1024x320.png 1024w, https:\/\/nassasilhouette.org\/wp-content\/uploads\/2023\/01\/Butterflies-Cropped-300x94.png 300w, https:\/\/nassasilhouette.org\/wp-content\/uploads\/2023\/01\/Butterflies-Cropped-768x240.png 768w, https:\/\/nassasilhouette.org\/wp-content\/uploads\/2023\/01\/Butterflies-Cropped-1536x480.png 1536w, https:\/\/nassasilhouette.org\/wp-content\/uploads\/2023\/01\/Butterflies-Cropped-2048x640.png 2048w, https:\/\/nassasilhouette.org\/wp-content\/uploads\/2023\/01\/Butterflies-Cropped-1568x490.png 1568w\" sizes=\"auto, (max-width: 1024px) 100vw, 1024px\" \/><\/figure>\n<\/div>\n\n\n<div style=\"height:50px\" aria-hidden=\"true\" class=\"wp-block-spacer\"><\/div>\n\n\n\n<h2 class=\"wp-block-heading alignwide has-text-align-center has-black-color has-text-color\"><strong>Viajar a M\u00e9xico<\/strong><\/h2>\n\n\n<div class=\"wp-block-image\">\n<figure class=\"aligncenter size-large is-resized\"><img loading=\"lazy\" decoding=\"async\" width=\"1024\" height=\"497\" src=\"https:\/\/nassasilhouette.org\/wp-content\/uploads\/2023\/01\/UNDER-CONSTRUCTION-1024x497.jpg\" alt=\"\" class=\"wp-image-18439\" style=\"width:358px;height:auto\" srcset=\"https:\/\/nassasilhouette.org\/wp-content\/uploads\/2023\/01\/UNDER-CONSTRUCTION-1024x497.jpg 1024w, https:\/\/nassasilhouette.org\/wp-content\/uploads\/2023\/01\/UNDER-CONSTRUCTION-300x146.jpg 300w, https:\/\/nassasilhouette.org\/wp-content\/uploads\/2023\/01\/UNDER-CONSTRUCTION-768x373.jpg 768w, https:\/\/nassasilhouette.org\/wp-content\/uploads\/2023\/01\/UNDER-CONSTRUCTION.jpg 1397w\" sizes=\"auto, (max-width: 1024px) 100vw, 1024px\" \/><\/figure>\n<\/div>\n\n\n<p class=\"has-text-align-center has-text-color\" style=\"color:#f00909\"><strong>(Tenga paciencia con nosotros mientras recopilamos informaci\u00f3n de viaje para los participantes de LMC que viajen a M\u00e9xico)<\/strong><\/p>\n\n\n\n<p>La siguiente informaci\u00f3n tiene la intenci\u00f3n de ayudar a los tiradores de Rifle Silueta de Estados Unidos y Canad\u00e1 que viajen a M\u00e9xico para un Evento LMC. Por favor lea cuidadosamente y si tiene alguna pregunta, p\u00f3ngase en contacto con el Director del Partido Mexicano que organiza el Partido LMC.<\/p>\n\n\n\n<p>A su llegada&#8230;..<\/p>\n\n\n\n<p class=\"has-normal-font-size\"><strong>Permiso de Armas de Fuego en M\u00e9xico:<\/strong><\/p>\n\n\n\n<p>M\u00e9xico exig\u00eda un permiso de armas tanto a los tiradores estadounidenses como a los canadienses para entrar en el pa\u00eds con un arma de fuego. El Director del Torneo LMC ser\u00e1 responsable de obtener los Permisos de Armas de Fuego para los tiradores que lleguen de los Estados Unidos.<\/p>\n\n\n\n<hr class=\"wp-block-separator has-alpha-channel-opacity\">\n\n\n\n<p class=\"has-normal-font-size\"><strong>USA Form 4457 (Certificado de registro de efectos personales llevados al extranjero):<\/strong><\/p>\n\n\n\n<p class=\"has-text-color\" style=\"color:#f00c0c\">Formulario 4457 debe ser llenado por los ciudadanos de EE.UU. para registrar su rifle, alcance.. Detallar critieria importante como s\/n&#8217;s etc.<\/p>\n\n\n\n<div class=\"wp-block-media-text alignwide is-stacked-on-mobile\"><figure class=\"wp-block-media-text__media\"><img loading=\"lazy\" decoding=\"async\" width=\"1024\" height=\"684\" src=\"https:\/\/nassasilhouette.org\/wp-content\/uploads\/2023\/01\/Form-4457-1024x684.jpg\" alt=\"\" class=\"wp-image-18675 size-full\" srcset=\"https:\/\/nassasilhouette.org\/wp-content\/uploads\/2023\/01\/Form-4457-1024x684.jpg 1024w, https:\/\/nassasilhouette.org\/wp-content\/uploads\/2023\/01\/Form-4457-300x200.jpg 300w, https:\/\/nassasilhouette.org\/wp-content\/uploads\/2023\/01\/Form-4457-768x513.jpg 768w, https:\/\/nassasilhouette.org\/wp-content\/uploads\/2023\/01\/Form-4457-1536x1026.jpg 1536w, https:\/\/nassasilhouette.org\/wp-content\/uploads\/2023\/01\/Form-4457-1568x1047.jpg 1568w, https:\/\/nassasilhouette.org\/wp-content\/uploads\/2023\/01\/Form-4457.jpg 1860w\" sizes=\"auto, (max-width: 1024px) 100vw, 1024px\" \/><\/figure><div class=\"wp-block-media-text__content\">\n<ul class=\"wp-block-list\">\n<li>Este formulario debe rellenarse antes de viajar a M\u00e9xico.<\/li>\n<\/ul>\n\n\n\n<ul class=\"wp-block-list\">\n<li>Encuentre el formulario en el sitio web de Aduanas y Protecci\u00f3n de Fronteras de EE.UU.  <\/li>\n<\/ul>\n\n\n\n<ul class=\"wp-block-list\">\n<li>Haga clic en el enlace<\/li>\n<\/ul>\n<\/div><\/div>\n\n\n\n<p class=\"has-text-align-center has-vivid-cyan-blue-color has-text-color\"><strong>Haga clic en el siguiente enlace para rellenar digitalmente e imprimir el formulario 4457.<\/strong><\/p>\n\n\n\n<div class=\"wp-block-buttons is-content-justification-center is-layout-flex wp-container-core-buttons-is-layout-16018d1d wp-block-buttons-is-layout-flex\">\n<div class=\"wp-block-button has-custom-font-size has-extra-small-font-size\"><a class=\"wp-block-button__link has-vivid-cyan-blue-background-color has-background wp-element-button\"><strong>FORMULARIO 4457  <\/strong><\/a><\/div>\n<\/div>\n\n\n\n<hr class=\"wp-block-separator has-alpha-channel-opacity\">\n\n\n<div class=\"wp-block-image\">\n<figure class=\"aligncenter size-large is-resized\"><img loading=\"lazy\" decoding=\"async\" width=\"1024\" height=\"320\" src=\"https:\/\/nassasilhouette.org\/wp-content\/uploads\/2023\/01\/Butterflies-Cropped-1024x320.png\" alt=\"\" class=\"wp-image-18645\" style=\"width:332px;height:auto\" srcset=\"https:\/\/nassasilhouette.org\/wp-content\/uploads\/2023\/01\/Butterflies-Cropped-1024x320.png 1024w, https:\/\/nassasilhouette.org\/wp-content\/uploads\/2023\/01\/Butterflies-Cropped-300x94.png 300w, https:\/\/nassasilhouette.org\/wp-content\/uploads\/2023\/01\/Butterflies-Cropped-768x240.png 768w, https:\/\/nassasilhouette.org\/wp-content\/uploads\/2023\/01\/Butterflies-Cropped-1536x480.png 1536w, https:\/\/nassasilhouette.org\/wp-content\/uploads\/2023\/01\/Butterflies-Cropped-2048x640.png 2048w, https:\/\/nassasilhouette.org\/wp-content\/uploads\/2023\/01\/Butterflies-Cropped-1568x490.png 1568w\" sizes=\"auto, (max-width: 1024px) 100vw, 1024px\" \/><\/figure>\n<\/div>\n\n\n<div style=\"height:50px\" aria-hidden=\"true\" class=\"wp-block-spacer\"><\/div>\n\n\n\n<h2 class=\"wp-block-heading alignwide has-text-align-center\"><strong>Viajar a Canad\u00e1<\/strong><\/h2>\n\n\n<div class=\"wp-block-image\">\n<figure class=\"aligncenter size-large is-resized\"><img loading=\"lazy\" decoding=\"async\" width=\"1024\" height=\"497\" src=\"https:\/\/nassasilhouette.org\/wp-content\/uploads\/2023\/01\/UNDER-CONSTRUCTION-1024x497.jpg\" alt=\"\" class=\"wp-image-18439\" style=\"width:272px;height:auto\" srcset=\"https:\/\/nassasilhouette.org\/wp-content\/uploads\/2023\/01\/UNDER-CONSTRUCTION-1024x497.jpg 1024w, https:\/\/nassasilhouette.org\/wp-content\/uploads\/2023\/01\/UNDER-CONSTRUCTION-300x146.jpg 300w, https:\/\/nassasilhouette.org\/wp-content\/uploads\/2023\/01\/UNDER-CONSTRUCTION-768x373.jpg 768w, https:\/\/nassasilhouette.org\/wp-content\/uploads\/2023\/01\/UNDER-CONSTRUCTION.jpg 1397w\" sizes=\"auto, (max-width: 1024px) 100vw, 1024px\" \/><\/figure>\n<\/div>\n\n\n<p class=\"has-text-align-center has-text-color\" style=\"color:#ef0a0a\"><strong>(Tenga paciencia con nosotros mientras recopilamos la informaci\u00f3n de viaje para los participantes de LMC que viajen a Canad\u00e1)<\/strong><\/p>\n\n\n\n<p>La siguiente informaci\u00f3n est\u00e1 destinada a ayudar a los tiradores de Silueta Rifle de Estados Unidos y M\u00e9xico que viajen a Canad\u00e1 para un Evento LMC. Por favor, lea atentamente y si tiene alguna pregunta, p\u00f3ngase en contacto con el Director de Partidos canadiense que organiza el Partido LMC.<\/p>\n\n\n\n<hr class=\"wp-block-separator has-alpha-channel-opacity\">\n\n\n<div class=\"wp-block-image\">\n<figure class=\"aligncenter size-large is-resized\"><img loading=\"lazy\" decoding=\"async\" width=\"1024\" height=\"320\" src=\"https:\/\/nassasilhouette.org\/wp-content\/uploads\/2023\/01\/Butterflies-Cropped-1024x320.png\" alt=\"\" class=\"wp-image-18645\" style=\"width:348px;height:auto\" srcset=\"https:\/\/nassasilhouette.org\/wp-content\/uploads\/2023\/01\/Butterflies-Cropped-1024x320.png 1024w, https:\/\/nassasilhouette.org\/wp-content\/uploads\/2023\/01\/Butterflies-Cropped-300x94.png 300w, https:\/\/nassasilhouette.org\/wp-content\/uploads\/2023\/01\/Butterflies-Cropped-768x240.png 768w, https:\/\/nassasilhouette.org\/wp-content\/uploads\/2023\/01\/Butterflies-Cropped-1536x480.png 1536w, https:\/\/nassasilhouette.org\/wp-content\/uploads\/2023\/01\/Butterflies-Cropped-2048x640.png 2048w, https:\/\/nassasilhouette.org\/wp-content\/uploads\/2023\/01\/Butterflies-Cropped-1568x490.png 1568w\" sizes=\"auto, (max-width: 1024px) 100vw, 1024px\" \/><\/figure>\n<\/div>\n\n\n<div style=\"height:50px\" aria-hidden=\"true\" class=\"wp-block-spacer\"><\/div>\n\n\n\n<h2 class=\"wp-block-heading alignwide has-text-align-center\"><strong>Viajar a Estados Unidos<\/strong><\/h2>\n\n\n<div class=\"wp-block-image\">\n<figure class=\"aligncenter size-large is-resized\"><img loading=\"lazy\" decoding=\"async\" width=\"1024\" height=\"497\" src=\"https:\/\/nassasilhouette.org\/wp-content\/uploads\/2023\/01\/UNDER-CONSTRUCTION-1024x497.jpg\" alt=\"\" class=\"wp-image-18439\" style=\"width:310px;height:auto\" srcset=\"https:\/\/nassasilhouette.org\/wp-content\/uploads\/2023\/01\/UNDER-CONSTRUCTION-1024x497.jpg 1024w, https:\/\/nassasilhouette.org\/wp-content\/uploads\/2023\/01\/UNDER-CONSTRUCTION-300x146.jpg 300w, https:\/\/nassasilhouette.org\/wp-content\/uploads\/2023\/01\/UNDER-CONSTRUCTION-768x373.jpg 768w, https:\/\/nassasilhouette.org\/wp-content\/uploads\/2023\/01\/UNDER-CONSTRUCTION.jpg 1397w\" sizes=\"auto, (max-width: 1024px) 100vw, 1024px\" \/><\/figure>\n<\/div>\n\n\n<p class=\"has-text-align-center has-text-color\" style=\"color:#ef0a0a\"><strong>(Tenga paciencia con nosotros mientras recopilamos la informaci\u00f3n de viaje para los participantes de LMC que viajen a EE.UU.)<\/strong><\/p>\n\n\n\n<p>La siguiente informaci\u00f3n est\u00e1 destinada a ayudar a los tiradores de Silueta Rifle de Canad\u00e1 y M\u00e9xico que viajen a EE.UU. para un evento LMC. Por favor, lea atentamente y si tiene alguna pregunta, p\u00f3ngase en contacto con el Director de Partidos de EE.UU. que organiza el Partido LMC.<\/p>\n\n\n\n<hr class=\"wp-block-separator has-alpha-channel-opacity\">\n","protected":false},"excerpt":{"rendered":"<p>Muchos tiradores de Rifle Silueta nunca han tenido la experiencia de cruzar las fronteras internacionales entre Canad\u00e1, M\u00e9xico y los EE.UU. para disparar una pierna de la Serie de Campeonato LMC. Independientemente del pa\u00eds anfitri\u00f3n del match, el Club Anfitri\u00f3n y el Director del Match est\u00e1n obligados a ayudar a todos los tiradores de Rifle&hellip; <a class=\"more-link\" href=\"https:\/\/nassasilhouette.org\/es-mx\/copa-lapua-monarch\/calendario-de-partidos\/\">Continue reading <span class=\"screen-reader-text\">Informaci\u00f3n sobre viajes<\/span><\/a><\/p>\n","protected":false},"author":6,"featured_media":0,"parent":14747,"menu_order":0,"comment_status":"closed","ping_status":"closed","template":"","meta":{"_acf_changed":false,"footnotes":""},"class_list":["post-14749","page","type-page","status-publish","hentry","entry"],"acf":[],"rttpg_featured_image_url":null,"rttpg_author":{"display_name":"Tim Steinke","author_link":"https:\/\/nassasilhouette.org\/es-mx\/author\/timjsteinkegmail-com\/"},"rttpg_comment":0,"rttpg_category":" <a href=\"https:\/\/nassasilhouette.org\/es-mx\/?taxonomy=translation_priority&#038;term=optional-es-mx\" rel=\"tag\">Optional<\/a>","rttpg_excerpt":"Muchos tiradores de Rifle Silueta nunca han tenido la experiencia de cruzar las fronteras internacionales entre Canad\u00e1, M\u00e9xico y los EE.UU. para disparar una pierna de la Serie de Campeonato LMC. Independientemente del pa\u00eds anfitri\u00f3n del match, el Club Anfitri\u00f3n y el Director del Match est\u00e1n obligados a ayudar a todos los tiradores de Rifle&hellip;&hellip;","_links":{"self":[{"href":"https:\/\/nassasilhouette.org\/es-mx\/wp-json\/wp\/v2\/pages\/14749","targetHints":{"allow":["GET"]}}],"collection":[{"href":"https:\/\/nassasilhouette.org\/es-mx\/wp-json\/wp\/v2\/pages"}],"about":[{"href":"https:\/\/nassasilhouette.org\/es-mx\/wp-json\/wp\/v2\/types\/page"}],"author":[{"embeddable":true,"href":"https:\/\/nassasilhouette.org\/es-mx\/wp-json\/wp\/v2\/users\/6"}],"replies":[{"embeddable":true,"href":"https:\/\/nassasilhouette.org\/es-mx\/wp-json\/wp\/v2\/comments?post=14749"}],"version-history":[{"count":3,"href":"https:\/\/nassasilhouette.org\/es-mx\/wp-json\/wp\/v2\/pages\/14749\/revisions"}],"predecessor-version":[{"id":21237,"href":"https:\/\/nassasilhouette.org\/es-mx\/wp-json\/wp\/v2\/pages\/14749\/revisions\/21237"}],"up":[{"embeddable":true,"href":"https:\/\/nassasilhouette.org\/es-mx\/wp-json\/wp\/v2\/pages\/14747"}],"wp:attachment":[{"href":"https:\/\/nassasilhouette.org\/es-mx\/wp-json\/wp\/v2\/media?parent=14749"}],"curies":[{"name":"wp","href":"https:\/\/api.w.org\/{rel}","templated":true}]}}