{"id":14635,"date":"2021-11-20T16:59:08","date_gmt":"2021-11-20T22:59:08","guid":{"rendered":"https:\/\/nassasilhouette.org\/sobre-nosotros\/contacto\/"},"modified":"2023-01-24T10:02:53","modified_gmt":"2023-01-24T16:02:53","slug":"contacto","status":"publish","type":"page","link":"https:\/\/nassasilhouette.org\/es-mx\/sobre-nosotros\/contacto\/","title":{"rendered":"Contacto"},"content":{"rendered":"\n<figure class=\"wp-block-gallery aligncenter has-nested-images columns-default is-cropped wp-block-gallery-1 is-layout-flex wp-block-gallery-is-layout-flex\">\n<figure class=\"wp-block-image size-large\"><img decoding=\"async\" src=\"\/wp-content\/uploads\/2022\/01\/Contact-Us-Banner-1-1024x488.png\" alt=\"\"><\/figure>\n<\/figure>\n\n\n\n<h2 class=\"has-large-font-size wp-block-heading\"><strong>Preguntas en l\u00ednea de la NASSA:<\/strong><\/h2>\n\n\n\n<p>Utilice el siguiente formulario para enviar preguntas generales sobre <strong>NASSA<\/strong> y Rifle Silhouette. Elija la categor\u00eda tem\u00e1tica de la pregunta correcta en el men\u00fa desplegable para dirigir mejor su mensaje a la fuente adecuada&#8230;<\/p>\n\n\n\n\t\t<div id=\"contact-us-validation\" data-yes-question=\"\u00bfDe qu\u00e9 metal est\u00e1 hecha una bala de rifle largo .22 de calibre peque\u00f1o?*\" data-no-question=\"\u00bfCu\u00e1ntas rondas se permiten en la revista?*\"><\/div>\n\t\n\n\n\n<div class=\"wp-block-contact-form-7-contact-form-selector\">\n<div class=\"wpcf7 no-js\" id=\"wpcf7-f14550-o1\" lang=\"en-US\" dir=\"ltr\" data-wpcf7-id=\"14550\">\n<div class=\"screen-reader-response\"><p role=\"status\" aria-live=\"polite\" aria-atomic=\"true\"><\/p> <ul><\/ul><\/div>\n<form action=\"\/es-mx\/wp-json\/wp\/v2\/pages\/14635#wpcf7-f14550-o1\" method=\"post\" class=\"wpcf7-form init\" aria-label=\"Contact form\" novalidate=\"novalidate\" data-status=\"init\">\n<fieldset class=\"hidden-fields-container\"><input type=\"hidden\" name=\"_wpcf7\" value=\"14550\" \/><input type=\"hidden\" name=\"_wpcf7_version\" value=\"6.1.5\" \/><input type=\"hidden\" name=\"_wpcf7_locale\" value=\"en_US\" \/><input type=\"hidden\" name=\"_wpcf7_unit_tag\" value=\"wpcf7-f14550-o1\" \/><input type=\"hidden\" name=\"_wpcf7_container_post\" value=\"0\" \/><input type=\"hidden\" name=\"_wpcf7_posted_data_hash\" value=\"\" \/><input type=\"hidden\" name=\"_wpcf7_recaptcha_response\" value=\"\" \/>\n<\/fieldset>\n<div class=\"field-row field-group-2\">\n\t<div class=\"field-group\">\n\t\t<p><label for=\"first-name\">First Name*<\/label><span class=\"wpcf7-form-control-wrap\" data-name=\"first-name\"><input size=\"40\" maxlength=\"400\" class=\"wpcf7-form-control wpcf7-text wpcf7-validates-as-required\" id=\"first-name\" aria-required=\"true\" aria-invalid=\"false\" value=\"\" type=\"text\" name=\"first-name\" \/><\/span>\n\t\t<\/p>\n\t<\/div>\n\t<div class=\"field-group\">\n\t\t<p><label for=\"last-name\">Last Name*<\/label><span class=\"wpcf7-form-control-wrap\" data-name=\"last-name\"><input size=\"40\" maxlength=\"400\" class=\"wpcf7-form-control wpcf7-text wpcf7-validates-as-required\" id=\"last-name\" aria-required=\"true\" aria-invalid=\"false\" value=\"\" type=\"text\" name=\"last-name\" \/><\/span>\n\t\t<\/p>\n\t<\/div>\n<\/div>\n<div class=\"field-row\">\n\t<div class=\"field-group\">\n\t\t<p><label for=\"email\">Email*<\/label><span class=\"wpcf7-form-control-wrap\" data-name=\"email\"><input size=\"40\" maxlength=\"400\" class=\"wpcf7-form-control wpcf7-email wpcf7-validates-as-required wpcf7-text wpcf7-validates-as-email\" id=\"email\" aria-required=\"true\" aria-invalid=\"false\" value=\"\" type=\"email\" name=\"email\" \/><\/span>\n\t\t<\/p>\n\t<\/div>\n<\/div>\n<div class=\"field-row\">\n\t<div class=\"field-group\">\n\t\t<p><label for=\"category\">Category*<\/label><span class=\"wpcf7-form-control-wrap\" data-name=\"category\"><select class=\"wpcf7-form-control wpcf7-select wpcf7-validates-as-required\" id=\"category\" aria-required=\"true\" aria-invalid=\"false\" name=\"category\"><option value=\"\">&#8212;Please choose an option&#8212;<\/option><option value=\"Log-In Issues\">Log-In Issues<\/option><option value=\"NASSA Youth Programs\">NASSA Youth Programs<\/option><option value=\"Getting Juniors Started in Silhouette\">Getting Juniors Started in Silhouette<\/option><option value=\"NASSA Club Registrations &amp; Listings\">NASSA Club Registrations &amp; Listings<\/option><option value=\"Getting Your Club Started in Silhouette\">Getting Your Club Started in Silhouette<\/option><option value=\"Volunteering for NASSA\">Volunteering for NASSA<\/option><option value=\"Submitting Silhouette News\">Submitting Silhouette News<\/option><option value=\"Submitting Technical Articles\/Blogs\">Submitting Technical Articles\/Blogs<\/option><option value=\"SK Lone Star Cup Information\">SK Lone Star Cup Information<\/option><option value=\"Other General Inquiries\">Other General Inquiries<\/option><\/select><\/span>\n\t\t<\/p>\n\t<\/div>\n<\/div>\n<div class=\"field-row field-group-2\">\n\t<div class=\"field-group\">\n\t\t<p><label for=\"country\">Country*<\/label><span class=\"wpcf7-form-control-wrap\" data-name=\"country\"><select class=\"wpcf7-form-control wpcf7-select wpcf7-validates-as-required\" id=\"country\" aria-required=\"true\" aria-invalid=\"false\" name=\"country\"><option value=\"\">&#8212;Please choose an option&#8212;<\/option><option value=\"USA\">USA<\/option><option value=\"Canada\">Canada<\/option><option value=\"Mexico\">Mexico<\/option><option value=\"Other\">Other<\/option><\/select><\/span>\n\t\t<\/p>\n\t<\/div>\n\t<div class=\"field-group\">\n\t\t<p><label for=\"state\">State\/Province<\/label><span class=\"wpcf7-form-control-wrap\" data-name=\"state\"><input size=\"40\" maxlength=\"400\" class=\"wpcf7-form-control wpcf7-text\" id=\"state\" aria-invalid=\"false\" value=\"\" type=\"text\" name=\"state\" \/><\/span>\n\t\t<\/p>\n\t<\/div>\n<\/div>\n<div class=\"field-row\">\n\t<div class=\"field-group\">\n\t\t<p><label for=\"message\">Message*<\/label><span class=\"wpcf7-form-control-wrap\" data-name=\"message\"><textarea cols=\"40\" rows=\"10\" maxlength=\"2000\" class=\"wpcf7-form-control wpcf7-textarea wpcf7-validates-as-required\" id=\"message\" aria-required=\"true\" aria-invalid=\"false\" name=\"message\"><\/textarea><\/span>\n\t\t<\/p>\n\t<\/div>\n<\/div>\n<div class=\"field-row field-group-2\">\n\t<div class=\"field-group\">\n\t\t<p><label for=\"validation-question-type\">New to Silhouette?*<\/label><span class=\"wpcf7-form-control-wrap\" data-name=\"validation-question-type\"><select class=\"wpcf7-form-control wpcf7-select wpcf7-validates-as-required\" id=\"validation-question-type\" aria-required=\"true\" aria-invalid=\"false\" name=\"validation-question-type\"><option value=\"\">&#8212;Please choose an option&#8212;<\/option><option value=\"Yes\">Yes<\/option><option value=\"No\">No<\/option><\/select><\/span>\n\t\t<\/p>\n\t<\/div>\n\t<div class=\"field-group validation-question\">\n\t\t<p><label for=\"validation-question\" id=\"validation-question-label\">Validation Question*<\/label><span class=\"wpcf7-form-control-wrap\" data-name=\"validation-question\"><input size=\"40\" maxlength=\"400\" class=\"wpcf7-form-control wpcf7-text wpcf7-validates-as-required\" id=\"validation-question\" aria-required=\"true\" aria-invalid=\"false\" value=\"\" type=\"text\" name=\"validation-question\" \/><\/span>\n\t\t<\/p>\n\t<\/div>\n<\/div>\n<div class=\"field-row field-row-captcha\">\n\t<div class=\"field-group\">\n\t<span class=\"wpcf7-form-control-wrap recaptcha\" data-name=\"recaptcha\"><span data-sitekey=\"6LcYnUwjAAAAAEgoPWHoqcJvjVEntRZ8sEdD_5an\" class=\"wpcf7-form-control wpcf7-recaptcha g-recaptcha\"><\/span>\r\n<noscript>\r\n\t<div class=\"grecaptcha-noscript\">\r\n\t\t<iframe loading=\"lazy\" src=\"https:\/\/www.google.com\/recaptcha\/api\/fallback?k=6LcYnUwjAAAAAEgoPWHoqcJvjVEntRZ8sEdD_5an\" frameborder=\"0\" scrolling=\"no\" width=\"310\" height=\"430\">\r\n\t\t<\/iframe>\r\n\t\t<textarea name=\"g-recaptcha-response\" rows=\"3\" cols=\"40\" placeholder=\"reCaptcha Response Here\">\r\n\t\t<\/textarea>\r\n\t<\/div>\r\n<\/noscript>\r\n<\/span>\n\t<\/div>\n<\/div>\n<div class=\"field-row\">\n\t<div class=\"field-group\">\n\t\t<p><input class=\"wpcf7-form-control wpcf7-submit has-spinner\" type=\"submit\" value=\"Submit\" \/>\n\t\t<\/p>\n\t<\/div>\n<\/div>\n<p><script>\ndocument.addEventListener( 'wpcf7mailsent', function( event ) {\n location = 'https:\/\/nassasilhouette.org\/thank-you\/';\n}, false );\n<\/script>\n<\/p><p style=\"display: none !important;\" class=\"akismet-fields-container\" data-prefix=\"_wpcf7_ak_\"><label>&#916;<textarea name=\"_wpcf7_ak_hp_textarea\" cols=\"45\" rows=\"8\" maxlength=\"100\"><\/textarea><\/label><input type=\"hidden\" id=\"ak_js_1\" name=\"_wpcf7_ak_js\" value=\"57\"\/><script>\ndocument.getElementById( \"ak_js_1\" ).setAttribute( \"value\", ( new Date() ).getTime() );\n<\/script>\n<\/p><div class=\"wpcf7-response-output\" aria-hidden=\"true\"><\/div>\n<\/form>\n<\/div>\n<\/div>\n\n\n\n<div style=\"height:50px\" aria-hidden=\"true\" class=\"wp-block-spacer\"><\/div>\n\n\n\n<h2 class=\"has-large-font-size wp-block-heading\">Direcciones de correo de la NASSA<\/h2>\n\n\n\n<p><strong>Toda la correspondencia escrita puede enviarse a:<br><\/strong>NASSA<br>Apartado de correos 133293<br>Spring, TX 77393<\/p>\n\n\n\n<p><strong>Todos los paquetes enviados por Fedex y UPS que requieran una direcci\u00f3n postal pueden enviarse a:<br><\/strong>NASSA<br>10800 Gosling Road<br>Caja # 133293<br>Spring, TX 77393<\/p>\n","protected":false},"excerpt":{"rendered":"<p>Preguntas en l\u00ednea de la NASSA: Utilice el siguiente formulario para enviar preguntas generales sobre NASSA y Rifle Silhouette. Elija la categor\u00eda tem\u00e1tica de la pregunta correcta en el men\u00fa desplegable para dirigir mejor su mensaje a la fuente adecuada&#8230; Direcciones de correo de la NASSA Toda la correspondencia escrita puede enviarse a:NASSAApartado de correos&hellip; <a class=\"more-link\" href=\"https:\/\/nassasilhouette.org\/es-mx\/sobre-nosotros\/contacto\/\">Continue reading <span class=\"screen-reader-text\">Contacto<\/span><\/a><\/p>\n","protected":false},"author":4,"featured_media":0,"parent":13848,"menu_order":0,"comment_status":"closed","ping_status":"closed","template":"","meta":{"_acf_changed":false,"footnotes":""},"class_list":["post-14635","page","type-page","status-publish","hentry","entry"],"acf":[],"rttpg_featured_image_url":null,"rttpg_author":{"display_name":"Chris Cawthorne","author_link":"https:\/\/nassasilhouette.org\/es-mx\/author\/cecawthorneyahoo-com\/"},"rttpg_comment":0,"rttpg_category":" <a href=\"https:\/\/nassasilhouette.org\/es-mx\/?taxonomy=translation_priority&#038;term=optional-es-mx\" rel=\"tag\">Optional<\/a>","rttpg_excerpt":"Preguntas en l\u00ednea de la NASSA: Utilice el siguiente formulario para enviar preguntas generales sobre NASSA y Rifle Silhouette. Elija la categor\u00eda tem\u00e1tica de la pregunta correcta en el men\u00fa desplegable para dirigir mejor su mensaje a la fuente adecuada&#8230; Direcciones de correo de la NASSA Toda la correspondencia escrita puede enviarse a:NASSAApartado de correos&hellip;&hellip;","_links":{"self":[{"href":"https:\/\/nassasilhouette.org\/es-mx\/wp-json\/wp\/v2\/pages\/14635","targetHints":{"allow":["GET"]}}],"collection":[{"href":"https:\/\/nassasilhouette.org\/es-mx\/wp-json\/wp\/v2\/pages"}],"about":[{"href":"https:\/\/nassasilhouette.org\/es-mx\/wp-json\/wp\/v2\/types\/page"}],"author":[{"embeddable":true,"href":"https:\/\/nassasilhouette.org\/es-mx\/wp-json\/wp\/v2\/users\/4"}],"replies":[{"embeddable":true,"href":"https:\/\/nassasilhouette.org\/es-mx\/wp-json\/wp\/v2\/comments?post=14635"}],"version-history":[{"count":9,"href":"https:\/\/nassasilhouette.org\/es-mx\/wp-json\/wp\/v2\/pages\/14635\/revisions"}],"predecessor-version":[{"id":19472,"href":"https:\/\/nassasilhouette.org\/es-mx\/wp-json\/wp\/v2\/pages\/14635\/revisions\/19472"}],"up":[{"embeddable":true,"href":"https:\/\/nassasilhouette.org\/es-mx\/wp-json\/wp\/v2\/pages\/13848"}],"wp:attachment":[{"href":"https:\/\/nassasilhouette.org\/es-mx\/wp-json\/wp\/v2\/media?parent=14635"}],"curies":[{"name":"wp","href":"https:\/\/api.w.org\/{rel}","templated":true}]}}