{"id":13853,"date":"2021-10-13T18:26:02","date_gmt":"2021-10-13T23:26:02","guid":{"rendered":"https:\/\/shootsilhouette.com\/biblioteca-tecnica-de-wigger\/"},"modified":"2023-01-24T10:02:54","modified_gmt":"2023-01-24T16:02:54","slug":"biblioteca-tecnica-de-wigger","status":"publish","type":"page","link":"https:\/\/nassasilhouette.org\/es-mx\/biblioteca-tecnica-de-wigger\/","title":{"rendered":"BIBLIOTECA T\u00c9CNICA DE WIGGER"},"content":{"rendered":"<div class=\"wp-block-image\">\n<figure class=\"aligncenter size-large\"><img loading=\"lazy\" decoding=\"async\" width=\"1024\" height=\"499\" src=\"https:\/\/nassasilhouette.org\/wp-content\/uploads\/2022\/07\/Lones-Wigger-Gold-Medal-Banner-1024x499.jpg\" alt=\"\" class=\"wp-image-13753\" srcset=\"https:\/\/nassasilhouette.org\/wp-content\/uploads\/2022\/07\/Lones-Wigger-Gold-Medal-Banner-1024x499.jpg 1024w, https:\/\/nassasilhouette.org\/wp-content\/uploads\/2022\/07\/Lones-Wigger-Gold-Medal-Banner-300x146.jpg 300w, https:\/\/nassasilhouette.org\/wp-content\/uploads\/2022\/07\/Lones-Wigger-Gold-Medal-Banner-768x374.jpg 768w, https:\/\/nassasilhouette.org\/wp-content\/uploads\/2022\/07\/Lones-Wigger-Gold-Medal-Banner-1536x748.jpg 1536w, https:\/\/nassasilhouette.org\/wp-content\/uploads\/2022\/07\/Lones-Wigger-Gold-Medal-Banner-2048x998.jpg 2048w\" sizes=\"auto, (max-width: 1024px) 100vw, 1024px\" \/><\/figure>\n<\/div>\n\n\n<div style=\"height:30px\" aria-hidden=\"true\" class=\"wp-block-spacer\"><\/div>\n\n\n\n<p>Muchos tiradores de Rifle Silueta tuvieron el placer de disparar con Lones W. Wigger, Jr. a lo largo de los a\u00f1os. Aunque el rifle de silueta no era su objetivo principal, le encantaba nuestro juego y fue dos veces ganador de los Campeonatos Nacionales de Silueta de Alta Potencia de la NRA. Tambi\u00e9n fue cuatro veces ol\u00edmpico y el tirador m\u00e1s condecorado de la historia de los deportes de tiro. Todos nos sentimos muy tristes al saber que Leones &#8220;dej\u00f3 la cordillera&#8221; en 2017.<\/p>\n\n\n\n<div style=\"height:20px\" aria-hidden=\"true\" class=\"wp-block-spacer\"><\/div>\n\n\n<div class=\"wp-block-image\">\n<figure class=\"aligncenter size-large\"><img loading=\"lazy\" decoding=\"async\" width=\"1024\" height=\"463\" src=\"https:\/\/nassasilhouette.org\/wp-content\/uploads\/2022\/05\/Lones-Wigger-Banner-1024x463.png\" alt=\"\" class=\"wp-image-11280\" srcset=\"https:\/\/nassasilhouette.org\/wp-content\/uploads\/2022\/05\/Lones-Wigger-Banner-1024x463.png 1024w, https:\/\/nassasilhouette.org\/wp-content\/uploads\/2022\/05\/Lones-Wigger-Banner-300x136.png 300w, https:\/\/nassasilhouette.org\/wp-content\/uploads\/2022\/05\/Lones-Wigger-Banner-768x348.png 768w, https:\/\/nassasilhouette.org\/wp-content\/uploads\/2022\/05\/Lones-Wigger-Banner-1536x695.png 1536w, https:\/\/nassasilhouette.org\/wp-content\/uploads\/2022\/05\/Lones-Wigger-Banner-2048x927.png 2048w\" sizes=\"auto, (max-width: 1024px) 100vw, 1024px\" \/><figcaption class=\"wp-element-caption\"><meta charset=\"utf-8\"><strong>Lones Wigger en el Campeonato Nacional de Silueta de Alta Potencia de la NRA de 1976<\/strong><\/figcaption><\/figure>\n<\/div>\n\n\n<div style=\"height:20px\" aria-hidden=\"true\" class=\"wp-block-spacer\"><\/div>\n\n\n\n<p>En honor a Lones W. Wigger, Jr. y a su familia, NASSA se enorgullece de que nuestra Biblioteca T\u00e9cnica lleve su nombre. Nos esforzaremos en desarrollar este recurso a lo largo del tiempo con los mismos est\u00e1ndares que Lones ten\u00eda para s\u00ed mismo.  <\/p>\n\n\n\n<blockquote class=\"wp-block-quote has-text-align-center is-style-default is-layout-flow wp-block-quote-is-layout-flow\">\n<p class=\"has-small-font-size\">&#8220;No hay secretos. Se necesitan horas y horas de trabajo duro, compromiso, dedicaci\u00f3n, sacrificio y deseo. Quiz\u00e1 el deseo sea lo m\u00e1s importante. Todo el mundo puede ser un ganador. S\u00f3lo depende de las ganas que tengas. Nunca olvides so\u00f1ar. Los sue\u00f1os pueden hacerse realidad y lo hacen&#8221;.<\/p>\n<cite>Teniente Coronel Lones W. Wigger, Jr. &#8211; Unidad de Tiradores del Ej\u00e9rcito de los Estados Unidos<\/cite><\/blockquote>\n\n\n\n<p class=\"has-text-align-center has-vivid-cyan-blue-color has-text-color\"><strong>Para leer m\u00e1s sobre las haza\u00f1as de tiro de Lones W. Wigger, Jr.  <\/strong><\/p>\n\n\n\n<div class=\"wp-block-buttons is-horizontal is-content-justification-center is-layout-flex wp-container-core-buttons-is-layout-499968f5 wp-block-buttons-is-layout-flex\">\n<div class=\"wp-block-button has-custom-font-size has-small-font-size\"><a class=\"wp-block-button__link has-vivid-cyan-blue-background-color has-background wp-element-button\" href=\"http:\/\/nassasilhouette.org\/lones-w-wigger-jr-the-making-of-a-champion\"><strong>LONES W. WIGGER, JR. &#8211; LA FORMACI\u00d3N DE UN CAMPE\u00d3N<\/strong><\/a><\/div>\n<\/div>\n\n\n\n<hr class=\"wp-block-separator has-alpha-channel-opacity\">\n\n\n\n<div style=\"height:50px\" aria-hidden=\"true\" class=\"wp-block-spacer\"><\/div>\n\n\n\n<h2 class=\"has-text-align-center wp-block-heading\"><strong>Objetivo de la Biblioteca T\u00e9cnica Lones W. Wigger<\/strong><\/h2>\n\n\n\n<p>La misi\u00f3n de NASSA es ayudar a promover la competici\u00f3n de Rifle Silueta. Por lo tanto, una de nuestras principales prioridades es proporcionar material de formaci\u00f3n t\u00e9cnica valioso para ayudar a nuestra comunidad de silueta de rifle. Tenemos la intenci\u00f3n de centrarnos significativamente en el desarrollo de la Biblioteca T\u00e9cnica de Lones Wigger con el tiempo para que se convierta en una fuente de referencia indispensable.  <\/p>\n\n\n\n<p>Tanto si eres un nuevo tirador, como si est\u00e1s intentando entrar en la clase AAA\/Master o te est\u00e1s entrenando para llegar a la cima de tu juego, esperamos que encuentres algo en esta biblioteca que te ayude en tu viaje. Si destacar en este deporte fuera f\u00e1cil, el viaje no merecer\u00eda la pena.  <\/p>\n\n\n\n<hr class=\"wp-block-separator has-alpha-channel-opacity\">\n\n\n\n<div style=\"height:50px\" aria-hidden=\"true\" class=\"wp-block-spacer\"><\/div>\n\n\n\n<h2 class=\"has-text-align-center wp-block-heading\"><strong>Blogs de la NASSA<\/strong><\/h2>\n\n\n<div class=\"wp-block-image\">\n<figure class=\"aligncenter size-large\"><img loading=\"lazy\" decoding=\"async\" width=\"1024\" height=\"687\" src=\"https:\/\/nassasilhouette.org\/wp-content\/uploads\/2022\/04\/Six-Blogs-Banner-1024x687.png\" alt=\"\" class=\"wp-image-11048\" srcset=\"https:\/\/nassasilhouette.org\/wp-content\/uploads\/2022\/04\/Six-Blogs-Banner-1024x687.png 1024w, https:\/\/nassasilhouette.org\/wp-content\/uploads\/2022\/04\/Six-Blogs-Banner-300x201.png 300w, https:\/\/nassasilhouette.org\/wp-content\/uploads\/2022\/04\/Six-Blogs-Banner-768x516.png 768w, https:\/\/nassasilhouette.org\/wp-content\/uploads\/2022\/04\/Six-Blogs-Banner-1536x1031.png 1536w, https:\/\/nassasilhouette.org\/wp-content\/uploads\/2022\/04\/Six-Blogs-Banner-2048x1375.png 2048w\" sizes=\"auto, (max-width: 1024px) 100vw, 1024px\" \/><\/figure>\n<\/div>\n\n\n<div style=\"height:10px\" aria-hidden=\"true\" class=\"wp-block-spacer\"><\/div>\n\n\n\n<p><meta charset=\"utf-8\">Un papel fundamental de NASSA es ayudar a desarrollar las habilidades de tiro de Rifle Silueta dentro de nuestra comunidad de tiro. Una de las maneras m\u00e1s eficaces de hacerlo es aprovechar los conocimientos de nuestros armeros de rifle de silueta, nuestros maestros tiradores y nuestros socios de la industria y distribuir esta informaci\u00f3n t\u00e9cnica a trav\u00e9s de nuestro programa de blogs NASSA. Se incluir\u00e1n autores habituales e invitados con conocimientos relevantes en las (6) categor\u00edas de <strong>\n  <em>Inspiraci\u00f3n, El juego mental, El juego f\u00edsico, Rifles y miras, Munici\u00f3n y bal\u00edstica <\/em>\n<\/strong>y<strong>\n  <em> En el campo de tiro.<\/em>\n<\/strong><\/p>\n\n\n\n<p class=\"has-text-align-center\"><meta charset=\"utf-8\">Beneficios del blog de NASSA:<\/p>\n\n\n\n<ul class=\"wp-block-list\">\n<li>Los autores son libres de expresar sus opiniones actuales para su consideraci\u00f3n.<\/li>\n\n\n\n<li>Los tiradores &#8220;registrados&#8221; en el Foro NASSA pueden plantear preguntas para entablar di\u00e1logos y debates.<\/li>\n\n\n\n<li>Este di\u00e1logo es visible para todos los que visitan el Foro NASSA.<\/li>\n\n\n\n<li>El n\u00famero de blogs crecer\u00e1 con el tiempo y con \u00e9l el valor de visitar este recurso.<meta charset=\"utf-8\"><\/li>\n<\/ul>\n\n\n\n<div class=\"wp-block-buttons is-horizontal is-content-justification-right is-layout-flex wp-container-core-buttons-is-layout-ae2fe186 wp-block-buttons-is-layout-flex\">\n<div class=\"wp-block-button has-custom-font-size has-small-font-size\"><a class=\"wp-block-button__link has-vivid-cyan-blue-background-color has-background wp-element-button\" href=\"http:\/\/nassasilhouette.org\/blogs\"><strong>\u00a1VISITE NUESTROS BLOGS!<\/strong><\/a><\/div>\n<\/div>\n\n\n\n<hr class=\"wp-block-separator has-alpha-channel-opacity\">\n\n\n\n<div style=\"height:50px\" aria-hidden=\"true\" class=\"wp-block-spacer\"><\/div>\n\n\n\n<h2 class=\"has-text-align-center wp-block-heading\"><strong>Libros de tiro recomendados<\/strong><\/h2>\n\n\n<div class=\"wp-block-image\">\n<figure class=\"aligncenter size-large\"><img loading=\"lazy\" decoding=\"async\" width=\"1024\" height=\"290\" src=\"https:\/\/nassasilhouette.org\/wp-content\/uploads\/2022\/05\/Recommended-Tech-Books-Banner-1024x290.png\" alt=\"\" class=\"wp-image-11270\" srcset=\"https:\/\/nassasilhouette.org\/wp-content\/uploads\/2022\/05\/Recommended-Tech-Books-Banner-1024x290.png 1024w, https:\/\/nassasilhouette.org\/wp-content\/uploads\/2022\/05\/Recommended-Tech-Books-Banner-300x85.png 300w, https:\/\/nassasilhouette.org\/wp-content\/uploads\/2022\/05\/Recommended-Tech-Books-Banner-768x218.png 768w, https:\/\/nassasilhouette.org\/wp-content\/uploads\/2022\/05\/Recommended-Tech-Books-Banner-1536x435.png 1536w, https:\/\/nassasilhouette.org\/wp-content\/uploads\/2022\/05\/Recommended-Tech-Books-Banner-2048x581.png 2048w\" sizes=\"auto, (max-width: 1024px) 100vw, 1024px\" \/><\/figure>\n<\/div>\n\n\n<div style=\"height:30px\" aria-hidden=\"true\" class=\"wp-block-spacer\"><\/div>\n\n\n\n<p><meta charset=\"utf-8\">La NASSA ha preparado una lista de <strong><em>Libros de tiro recomendados<\/em> <\/strong>para su revisi\u00f3n. Si usted es un nuevo tirador de Rifle Silueta, muchos de estos libros pueden ayudarle a mejorar sus puntuaciones a trav\u00e9s de la ense\u00f1anza de fundamentos b\u00e1sicos cr\u00edticos y ayudar a prevenir los errores de principiante. Si tu deseo es hacer Master Class en Silueta de Rifle, muchos de estos libros pueden ayudarte a refinar tus fundamentos y estructurar tu r\u00e9gimen de entrenamiento para conseguirlo. Si su objetivo es llegar a la cima de nuestro deporte Rifle Silhouette y ganar campeonatos, \u00a1absorber los conocimientos de estos autores campeones para formular y perfeccionar su propio camino hacia el \u00e9xito es fundamental!  <\/p>\n\n\n\n<p><meta charset=\"utf-8\">Tenemos la suerte de que hoy en d\u00eda se publican muchos libros nuevos y excelentes sobre la motivaci\u00f3n deportiva, el entrenamiento mental, los aspectos f\u00edsicos del tiro, los rifles, la munici\u00f3n, la bal\u00edstica, el dopaje por el viento, etc., que se incluyen aqu\u00ed para su revisi\u00f3n.  <\/p>\n\n\n\n<p><meta charset=\"utf-8\">Bill Pullum, nombrado en 1962 entrenador jefe de la reci\u00e9n creada US Army Marksmanship Training Unit (USAMTU), fue un pionero en el desarrollo de t\u00e9cnicas modernas de entrenamiento. Bill Pullum y Frank T. Hanenkrat, un tirador de la USAMTU y compa\u00f1ero instructor, escribir\u00edan un libro innovador titulado <strong>\n  <em>Tiro con rifle en posici\u00f3n<\/em>\n<\/strong> que establecer\u00eda el list\u00f3n para entrenar a tiradores de campeonato como Lones Wigger a grandes logros. Dos libros posteriores de Bill y Frank se incluyen en nuestra lista de lecturas recomendadas como imprescindibles.<\/p>\n\n\n\n<p><meta charset=\"utf-8\">Nuestros otros autores de <strong>\n  <em>Libros de Tiro Recomendados<\/em>\n<\/strong> tambi\u00e9n tienen una s\u00f3lida y diversa formaci\u00f3n en tiro en deportes de tiro complementarios como ISSF Prone\/3-P\/Air Rifle, NRA High Power\/Service Rifle, Tiro a Larga Distancia o Psicolog\u00eda del Tiro Deportivo. Sus conocimientos son directamente aplicables a nuestro deporte de silueta con rifle, \u00a1de lo contrario no se habr\u00edan incluido!<\/p>\n\n\n\n<div class=\"wp-block-buttons is-horizontal is-content-justification-right is-layout-flex wp-container-core-buttons-is-layout-ae2fe186 wp-block-buttons-is-layout-flex\">\n<div class=\"wp-block-button has-custom-font-size has-small-font-size\"><a class=\"wp-block-button__link has-vivid-cyan-blue-background-color has-background wp-element-button\" href=\"http:\/\/nassasilhouette.org\/recommended-shooting-books\"><strong>LEER M\u00c1S<\/strong><\/a><\/div>\n<\/div>\n\n\n\n<hr class=\"wp-block-separator has-alpha-channel-opacity\">\n\n\n\n<div style=\"height:50px\" aria-hidden=\"true\" class=\"wp-block-spacer\"><\/div>\n\n\n\n<h2 class=\"has-text-align-center wp-block-heading\"><strong>Programa de formaci\u00f3n Silhouette<\/strong><\/h2>\n\n\n<div class=\"wp-block-image\">\n<figure class=\"aligncenter size-large\"><img loading=\"lazy\" decoding=\"async\" width=\"1024\" height=\"342\" src=\"https:\/\/nassasilhouette.org\/wp-content\/uploads\/2023\/01\/Silhpouette-Training-Program-Banner-1024x342.jpg\" alt=\"\" class=\"wp-image-17436\" srcset=\"https:\/\/nassasilhouette.org\/wp-content\/uploads\/2023\/01\/Silhpouette-Training-Program-Banner-1024x342.jpg 1024w, https:\/\/nassasilhouette.org\/wp-content\/uploads\/2023\/01\/Silhpouette-Training-Program-Banner-300x100.jpg 300w, https:\/\/nassasilhouette.org\/wp-content\/uploads\/2023\/01\/Silhpouette-Training-Program-Banner-768x257.jpg 768w, https:\/\/nassasilhouette.org\/wp-content\/uploads\/2023\/01\/Silhpouette-Training-Program-Banner-1536x513.jpg 1536w, https:\/\/nassasilhouette.org\/wp-content\/uploads\/2023\/01\/Silhpouette-Training-Program-Banner-2048x685.jpg 2048w, https:\/\/nassasilhouette.org\/wp-content\/uploads\/2023\/01\/Silhpouette-Training-Program-Banner-1568x524.jpg 1568w\" sizes=\"auto, (max-width: 1024px) 100vw, 1024px\" \/><\/figure>\n<\/div>\n\n\n<div style=\"height:30px\" aria-hidden=\"true\" class=\"wp-block-spacer\"><\/div>\n\n\n\n<p>El Equipo de Implementaci\u00f3n de la NASSA est\u00e1 plenamente comprometido con el desarrollo de un <strong>Programa de Formaci\u00f3n de Siluetas de la NASSA<\/strong> como uno de nuestros proyectos cr\u00edticos a largo plazo. Hemos declarado anteriormente que un componente clave del \u00e9xito de nuestros <strong>Programas Juveniles NASSA<\/strong> es la capacidad de llevar a cabo seminarios y proporcionar entrenamiento para los tiradores junior. Puede ser en forma de:<\/p>\n\n\n\n<ul class=\"wp-block-list\">\n<li><strong>Seminarios\/Escuelas de Entrenamiento Juvenil<\/strong> &#8211; Seminarios\/escuelas dirigidos por algunos de los mejores tiradores de Rifle Silueta de la NASSA para introducir e iniciar a los j\u00f3venes en nuestro deporte.<\/li>\n<\/ul>\n\n\n\n<ul class=\"wp-block-list\">\n<li><strong>Entrenamiento Individualizado para J\u00f3venes<\/strong> &#8211; Para aquellos que se toman en serio el Rifle Silueta, un programa de entrenamiento individualizado m\u00e1s estructurado para competir a nivel estatal\/regional\/nacional.<\/li>\n<\/ul>\n\n\n\n<p>La capacidad de ofrecer seminarios\/entrenamiento aporta algo de valor a los juniors, a los padres de los juniors y a las organizaciones de tiro juvenil afines con las que deseamos colaborar. Obviamente, hay un beneficio para toda la comunidad de Rifle Silueta y pondr\u00edamos a disposici\u00f3n el Programa de Entrenamiento de Silueta NASSA a todos los que quisieran participar.  <\/p>\n\n\n\n<p>Para lograr un exitoso Programa de Entrenamiento de Silueta de la NASSA, debemos desarrollar y desarrollaremos material superior de entrenamiento de Silueta de Rifle que satisfaga las necesidades de nuestra comunidad. Haremos referencia a lo que ya se ha creado a trav\u00e9s de nuestras organizaciones afines, como USA Shooting, el Civilian Marksmanship Program (CMP), la NRA, la International Shooting Sport Federation (ISSF) y otras organizaciones.<\/p>\n\n\n\n<p class=\"has-text-align-center has-vivid-cyan-blue-color has-text-color\"><strong>Utilice el siguiente enlace para obtener m\u00e1s informaci\u00f3n sobre el Programa de formaci\u00f3n en siluetas de la NASSA  <\/strong><\/p>\n\n\n\n<div class=\"wp-block-buttons is-content-justification-right is-layout-flex wp-container-core-buttons-is-layout-765c4724 wp-block-buttons-is-layout-flex\">\n<div class=\"wp-block-button has-custom-font-size has-extra-small-font-size\"><a class=\"wp-block-button__link has-vivid-cyan-blue-background-color has-background wp-element-button\" href=\"https:\/\/nassasilhouette.org\/es-mx\/biblioteca-tecnica-de-wigger\/programa-de-formacion-silhouette\/\"><strong>LEER M\u00c1S<\/strong><\/a><\/div>\n<\/div>\n\n\n\n<hr class=\"wp-block-separator has-alpha-channel-opacity\">\n\n\n\n<div style=\"height:50px\" aria-hidden=\"true\" class=\"wp-block-spacer\"><\/div>\n\n\n\n<h2 class=\"has-text-align-center wp-block-heading\"><strong>Iniciar un programa de siluetas<\/strong><\/h2>\n\n\n<div class=\"wp-block-image\">\n<figure class=\"aligncenter size-large\"><img loading=\"lazy\" decoding=\"async\" width=\"1024\" height=\"481\" src=\"https:\/\/nassasilhouette.org\/wp-content\/uploads\/2022\/12\/Starting-a-Silhouette-Program-Banner-1-1024x481.jpg\" alt=\"\" class=\"wp-image-15276\" srcset=\"https:\/\/nassasilhouette.org\/wp-content\/uploads\/2022\/12\/Starting-a-Silhouette-Program-Banner-1-1024x481.jpg 1024w, https:\/\/nassasilhouette.org\/wp-content\/uploads\/2022\/12\/Starting-a-Silhouette-Program-Banner-1-300x141.jpg 300w, https:\/\/nassasilhouette.org\/wp-content\/uploads\/2022\/12\/Starting-a-Silhouette-Program-Banner-1-768x361.jpg 768w, https:\/\/nassasilhouette.org\/wp-content\/uploads\/2022\/12\/Starting-a-Silhouette-Program-Banner-1-1536x722.jpg 1536w, https:\/\/nassasilhouette.org\/wp-content\/uploads\/2022\/12\/Starting-a-Silhouette-Program-Banner-1-2048x963.jpg 2048w, https:\/\/nassasilhouette.org\/wp-content\/uploads\/2022\/12\/Starting-a-Silhouette-Program-Banner-1-1568x737.jpg 1568w\" sizes=\"auto, (max-width: 1024px) 100vw, 1024px\" \/><\/figure>\n<\/div>\n\n\n<div style=\"height:30px\" aria-hidden=\"true\" class=\"wp-block-spacer\"><\/div>\n\n\n\n<p>Los estatutos de la NASSA tratan de la promoci\u00f3n y expansi\u00f3n del Rifle Silhouette en todas las Regiones de la NASSA. Una forma en que NASSA puede hacerlo es proporcionando informaci\u00f3n \u00fatil sobre c\u00f3mo iniciar u optimizar un programa de Rifle Silhouette en los clubes de tiro de toda Norteam\u00e9rica.<\/p>\n\n\n\n<p>Estamos empezando a recopilar diversos contenidos que incluyen la construcci\u00f3n\/mantenimiento de un campo de tiro Silhouette, el desarrollo de la infraestructura Silhouette, la compra de los suministros necesarios, la realizaci\u00f3n de una partida Silhouette y otros aspectos log\u00edsticos para ponerte en marcha. Se trata de un trabajo en curso que se ir\u00e1 completando a medida que recopilemos y a\u00f1adamos material digno de ser publicado.<\/p>\n\n\n\n<p class=\"has-text-align-center has-vivid-cyan-blue-color has-text-color\"><strong>Utiliza el enlace que aparece a continuaci\u00f3n para consultar el contenido del programa Starting a Silhouette que hemos a\u00f1adido hasta ahora.<\/strong><\/p>\n\n\n\n<div class=\"wp-block-buttons is-horizontal is-content-justification-right is-layout-flex wp-container-core-buttons-is-layout-ae2fe186 wp-block-buttons-is-layout-flex\">\n<div class=\"wp-block-button has-custom-font-size has-small-font-size\"><a class=\"wp-block-button__link has-vivid-cyan-blue-background-color has-background wp-element-button\" href=\"http:\/\/nassasilhouette.org\/conducting-a-silhouette-match\"><strong>LEER M\u00c1S<\/strong><\/a><\/div>\n<\/div>\n\n\n\n<hr class=\"wp-block-separator has-alpha-channel-opacity\">\n\n\n\n<div style=\"height:50px\" aria-hidden=\"true\" class=\"wp-block-spacer\"><\/div>\n\n\n\n<h2 class=\"has-text-align-center wp-block-heading\"><strong>Encuestas sobre el equipo del campeonato<\/strong><\/h2>\n\n\n<div class=\"wp-block-image\">\n<figure class=\"aligncenter size-large\"><img loading=\"lazy\" decoding=\"async\" width=\"1024\" height=\"472\" src=\"https:\/\/nassasilhouette.org\/wp-content\/uploads\/2022\/05\/Championship-Equipment-Surveys-1024x472.png\" alt=\"\" class=\"wp-image-11298\" srcset=\"https:\/\/nassasilhouette.org\/wp-content\/uploads\/2022\/05\/Championship-Equipment-Surveys-1024x472.png 1024w, https:\/\/nassasilhouette.org\/wp-content\/uploads\/2022\/05\/Championship-Equipment-Surveys-300x138.png 300w, https:\/\/nassasilhouette.org\/wp-content\/uploads\/2022\/05\/Championship-Equipment-Surveys-768x354.png 768w, https:\/\/nassasilhouette.org\/wp-content\/uploads\/2022\/05\/Championship-Equipment-Surveys-1536x709.png 1536w, https:\/\/nassasilhouette.org\/wp-content\/uploads\/2022\/05\/Championship-Equipment-Surveys-2048x945.png 2048w\" sizes=\"auto, (max-width: 1024px) 100vw, 1024px\" \/><\/figure>\n<\/div>\n\n\n<div style=\"height:10px\" aria-hidden=\"true\" class=\"wp-block-spacer\"><\/div>\n\n\n\n<p>La NASSA tiene previsto ampliar y mejorar <strong>las encuestas sobre el equipamiento de los campeonatos<\/strong> por varias razones:<\/p>\n\n\n\n<ul class=\"wp-block-list\">\n<li>Muchos tiradores de Rifle Silueta est\u00e1n interesados en saber qu\u00e9 rifles, miras, acciones, balas, p\u00f3lvora y otros componentes cr\u00edticos son tendencia y est\u00e1n siendo utilizados por los tiradores de Rifle Silueta en toda Norteam\u00e9rica. Los tiradores noveles pueden necesitar ayuda para seleccionar el equipo adecuado desde el principio. Los tiradores m\u00e1s experimentados buscan recomendaciones similares para mejorar su rendimiento, como entrar en la Master Class o ganar ese Championship Match.<\/li>\n<\/ul>\n\n\n\n<p><\/p>\n\n\n\n<ul class=\"wp-block-list\">\n<li>Nuestros patrocinadores de la industria siempre est\u00e1n buscando datos relevantes, como la cuota de mercado de los productos y el rendimiento relativo de sus productos en las disciplinas de Rifle Silueta. Nuestros patrocinadores industriales contribuyen a nuestras tablas de premios, por lo que es importante que trabajemos con ellos para ofrecer las mejores fuentes de datos de encuestas sobre equipos.<\/li>\n<\/ul>\n\n\n\n<p><\/p>\n\n\n\n<ul class=\"wp-block-list\">\n<li>Se podr\u00eda argumentar que las encuestas existentes sobre el campeonato no abordan los dos puntos anteriores. Nuestras encuestas suelen incluir una lista de equipos\/componentes que todos los competidores utilizan en un determinado campeonato. A partir de estos datos, se puede calcular la cuota de mercado total de la marca dentro de una determinada categor\u00eda de equipos\/componentes. Lo que faltan son los datos de rendimiento. Por ejemplo, las encuestas no indican qu\u00e9 utilizan los (10) mejores tiradores, por lo que nuestros patrocinadores industriales no obtienen datos sobre el rendimiento \u00f3ptimo de los productos. La adici\u00f3n de algunas categor\u00edas, como la marca de ca\u00f1\u00f3n para la silueta de alta potencia, tambi\u00e9n podr\u00eda dar lugar a mejores m\u00e9tricas de rendimiento.  <\/li>\n<\/ul>\n\n\n\n<p>En el transcurso de 2023, el equipo de implementaci\u00f3n de NASSA trabajar\u00e1 con nuestros patrocinadores de la industria, directores regionales de NASSA y directores de partidos de campeonato para optimizar y ampliar el proceso de encuesta de equipos que mejor sirva a las necesidades de nuestros miembros de NASSA. Esto dar\u00e1 lugar a la creaci\u00f3n de una <strong>base de datos de encuestas sobre los campeonatos<\/strong> que se publicar\u00e1 en este sitio web.<\/p>\n\n\n\n<p class=\"has-text-align-center has-vivid-cyan-blue-color has-text-color\"><strong>Mientras tanto, haga clic en el siguiente enlace para ver las \u00faltimas encuestas del Campeonato Nacional de Silueta de la NRA:<\/strong><\/p>\n\n\n\n<div class=\"wp-block-buttons is-horizontal is-content-justification-right is-layout-flex wp-container-core-buttons-is-layout-ae2fe186 wp-block-buttons-is-layout-flex\">\n<div class=\"wp-block-button has-custom-font-size has-small-font-size\"><a class=\"wp-block-button__link has-vivid-cyan-blue-background-color has-background wp-element-button\" href=\"http:\/\/nassasilhouette.org\/championship-equipment-surveys\"><strong>LEER M\u00c1S<\/strong><\/a><\/div>\n<\/div>\n\n\n\n<hr class=\"wp-block-separator has-alpha-channel-opacity\">\n","protected":false},"excerpt":{"rendered":"<p>Muchos tiradores de Rifle Silueta tuvieron el placer de disparar con Lones W. Wigger, Jr. a lo largo de los a\u00f1os. Aunque el rifle de silueta no era su objetivo principal, le encantaba nuestro juego y fue dos veces ganador de los Campeonatos Nacionales de Silueta de Alta Potencia de la NRA. Tambi\u00e9n fue cuatro&hellip; <a class=\"more-link\" href=\"https:\/\/nassasilhouette.org\/es-mx\/biblioteca-tecnica-de-wigger\/\">Continue reading <span class=\"screen-reader-text\">BIBLIOTECA T\u00c9CNICA DE WIGGER<\/span><\/a><\/p>\n","protected":false},"author":2,"featured_media":0,"parent":0,"menu_order":5,"comment_status":"closed","ping_status":"closed","template":"","meta":{"_acf_changed":false,"footnotes":""},"class_list":["post-13853","page","type-page","status-publish","hentry","entry"],"acf":[],"rttpg_featured_image_url":null,"rttpg_author":{"display_name":"Garin Hatch","author_link":"https:\/\/nassasilhouette.org\/es-mx\/author\/garinhatchgmail-com\/"},"rttpg_comment":0,"rttpg_category":" <a href=\"https:\/\/nassasilhouette.org\/es-mx\/?taxonomy=translation_priority&#038;term=optional-es-mx\" rel=\"tag\">Optional<\/a>","rttpg_excerpt":"Muchos tiradores de Rifle Silueta tuvieron el placer de disparar con Lones W. Wigger, Jr. a lo largo de los a\u00f1os. Aunque el rifle de silueta no era su objetivo principal, le encantaba nuestro juego y fue dos veces ganador de los Campeonatos Nacionales de Silueta de Alta Potencia de la NRA. Tambi\u00e9n fue cuatro&hellip;&hellip;","_links":{"self":[{"href":"https:\/\/nassasilhouette.org\/es-mx\/wp-json\/wp\/v2\/pages\/13853","targetHints":{"allow":["GET"]}}],"collection":[{"href":"https:\/\/nassasilhouette.org\/es-mx\/wp-json\/wp\/v2\/pages"}],"about":[{"href":"https:\/\/nassasilhouette.org\/es-mx\/wp-json\/wp\/v2\/types\/page"}],"author":[{"embeddable":true,"href":"https:\/\/nassasilhouette.org\/es-mx\/wp-json\/wp\/v2\/users\/2"}],"replies":[{"embeddable":true,"href":"https:\/\/nassasilhouette.org\/es-mx\/wp-json\/wp\/v2\/comments?post=13853"}],"version-history":[{"count":3,"href":"https:\/\/nassasilhouette.org\/es-mx\/wp-json\/wp\/v2\/pages\/13853\/revisions"}],"predecessor-version":[{"id":19479,"href":"https:\/\/nassasilhouette.org\/es-mx\/wp-json\/wp\/v2\/pages\/13853\/revisions\/19479"}],"wp:attachment":[{"href":"https:\/\/nassasilhouette.org\/es-mx\/wp-json\/wp\/v2\/media?parent=13853"}],"curies":[{"name":"wp","href":"https:\/\/api.w.org\/{rel}","templated":true}]}}