{"id":13852,"date":"2021-10-13T21:50:51","date_gmt":"2021-10-14T02:50:51","guid":{"rendered":"https:\/\/shootsilhouette.com\/regiones-clubes-nassa\/"},"modified":"2023-01-24T10:03:00","modified_gmt":"2023-01-24T16:03:00","slug":"regiones-clubes-nassa","status":"publish","type":"page","link":"https:\/\/nassasilhouette.org\/es-mx\/regiones-clubes-nassa\/","title":{"rendered":"REGIONES\/CLUBES NASSA"},"content":{"rendered":"\n<h2 class=\"has-text-align-center wp-block-heading\"><strong>The NASSA Regional Federation<\/strong><\/h2>\n\n\n\n<p>Nuestra Visi\u00f3n NASSA se basa en la camarader\u00eda, las tradiciones y la pasi\u00f3n que cada uno de nuestros tiradores de Rifle Silueta comparten a lo largo de M\u00e9xico los EE.UU. y Canad\u00e1. Por lo tanto, se prest\u00f3 mucha atenci\u00f3n a la estructura y funci\u00f3n de nuestra <strong>Federaci\u00f3n Regional<\/strong> <strong>NASSA<\/strong>, formada por las siguientes entidades:<\/p>\n\n\n\n<div class=\"wp-block-columns is-layout-flex wp-container-core-columns-is-layout-9d6595d7 wp-block-columns-is-layout-flex\">\n<div class=\"wp-block-column is-layout-flow wp-block-column-is-layout-flow\">\n<figure class=\"wp-block-image size-large\"><img loading=\"lazy\" decoding=\"async\" width=\"1024\" height=\"1024\" src=\"https:\/\/nassasilhouette.org\/wp-content\/uploads\/2021\/12\/iStock-180753819-1024x1024.jpg\" alt=\"\" class=\"wp-image-8056\" srcset=\"https:\/\/nassasilhouette.org\/wp-content\/uploads\/2021\/12\/iStock-180753819-1024x1024.jpg 1024w, https:\/\/nassasilhouette.org\/wp-content\/uploads\/2021\/12\/iStock-180753819-300x300.jpg 300w, https:\/\/nassasilhouette.org\/wp-content\/uploads\/2021\/12\/iStock-180753819-150x150.jpg 150w, https:\/\/nassasilhouette.org\/wp-content\/uploads\/2021\/12\/iStock-180753819-768x768.jpg 768w, https:\/\/nassasilhouette.org\/wp-content\/uploads\/2021\/12\/iStock-180753819-1536x1536.jpg 1536w, https:\/\/nassasilhouette.org\/wp-content\/uploads\/2021\/12\/iStock-180753819-2048x2048.jpg 2048w\" sizes=\"auto, (max-width: 1024px) 100vw, 1024px\" \/><\/figure>\n<\/div>\n\n\n\n<div class=\"wp-block-column is-layout-flow wp-block-column-is-layout-flow\">\n<p><\/p>\n\n\n\n<p><\/p>\n\n\n\n<div style=\"height:50px\" aria-hidden=\"true\" class=\"wp-block-spacer\"><\/div>\n\n\n\n<p class=\"has-small-font-size\"><strong>M\u00e9xico: <\/strong>Las (4) Regiones NASSA del Noreste, Noroeste, Centro y Sur de M\u00e9xico.<\/p>\n\n\n\n<p class=\"has-small-font-size\"><strong>EE.UU.:<\/strong> Las (6) Regiones NASSA del Norte Central, Noreste, Noroeste, Sur Central, Sureste y Suroeste de EE.UU.<\/p>\n\n\n\n<p class=\"has-small-font-size\"><strong>Canad\u00e1:<\/strong> Una Regi\u00f3n Provincial formada por todas las Provincias de Canad\u00e1 (en revisi\u00f3n).<\/p>\n<\/div>\n<\/div>\n\n\n\n<div style=\"height:9px\" aria-hidden=\"true\" class=\"wp-block-spacer\"><\/div>\n\n\n\n<p class=\"has-text-align-center has-normal-font-size\"><strong>&#8220;NASSA &#8211; An Association Built by Silhouette Shooters For Silhouette Shooters&#8221;<\/strong><\/p>\n\n\n\n<div style=\"height:30px\" aria-hidden=\"true\" class=\"wp-block-spacer\"><\/div>\n\n\n<div class=\"wp-block-image\">\n<figure class=\"aligncenter size-large\"><img loading=\"lazy\" decoding=\"async\" width=\"1024\" height=\"48\" src=\"https:\/\/nassasilhouette.org\/wp-content\/uploads\/2021\/12\/Paragraph-Separator-1024x48.png\" alt=\"\" class=\"wp-image-8017\" srcset=\"https:\/\/nassasilhouette.org\/wp-content\/uploads\/2021\/12\/Paragraph-Separator-1024x48.png 1024w, https:\/\/nassasilhouette.org\/wp-content\/uploads\/2021\/12\/Paragraph-Separator-300x14.png 300w, https:\/\/nassasilhouette.org\/wp-content\/uploads\/2021\/12\/Paragraph-Separator-768x36.png 768w, https:\/\/nassasilhouette.org\/wp-content\/uploads\/2021\/12\/Paragraph-Separator-1536x72.png 1536w, https:\/\/nassasilhouette.org\/wp-content\/uploads\/2021\/12\/Paragraph-Separator-2048x97.png 2048w\" sizes=\"auto, (max-width: 1024px) 100vw, 1024px\" \/><\/figure>\n<\/div>\n\n\n<div style=\"height:30px\" aria-hidden=\"true\" class=\"wp-block-spacer\"><\/div>\n\n\n\n<h2 class=\"has-text-align-center wp-block-heading\"><strong>Regiones\/Clubes de M\u00e9xico<\/strong><\/h2>\n\n\n\n<p class=\"has-text-align-center\"><strong>Esto incluye las regiones NASSA M\u00e9xico Noreste, Noroeste, Centro y Sur de M\u00e9xico.  <\/strong><\/p>\n\n\n<div class=\"wp-block-image\">\n<figure class=\"aligncenter size-large\"><img loading=\"lazy\" decoding=\"async\" width=\"1024\" height=\"678\" src=\"https:\/\/nassasilhouette.org\/wp-content\/uploads\/2021\/12\/Mexico-Regions-Map-1-1024x678.png\" alt=\"\" class=\"wp-image-8105\" srcset=\"https:\/\/nassasilhouette.org\/wp-content\/uploads\/2021\/12\/Mexico-Regions-Map-1-1024x678.png 1024w, https:\/\/nassasilhouette.org\/wp-content\/uploads\/2021\/12\/Mexico-Regions-Map-1-300x199.png 300w, https:\/\/nassasilhouette.org\/wp-content\/uploads\/2021\/12\/Mexico-Regions-Map-1-768x509.png 768w, https:\/\/nassasilhouette.org\/wp-content\/uploads\/2021\/12\/Mexico-Regions-Map-1-1536x1017.png 1536w, https:\/\/nassasilhouette.org\/wp-content\/uploads\/2021\/12\/Mexico-Regions-Map-1-2048x1356.png 2048w\" sizes=\"auto, (max-width: 1024px) 100vw, 1024px\" \/><\/figure>\n<\/div>\n\n\n<div style=\"height:10px\" aria-hidden=\"true\" class=\"wp-block-spacer\"><\/div>\n\n\n\n<p><meta charset=\"utf-8\">Cuenta la leyenda que nuestro deporte de Rifle Silueta tuvo sus or\u00edgenes con los hombres de Pancho Villa en el norte de M\u00e9xico durante la Guerra Fronteriza de 1910-1919 con el General Pershing y las tropas del Ej\u00e9rcito de los Estados Unidos. Las apuestas sobre qui\u00e9n era el mejor tirador entre los hombres de Villa llevaron a disparar a distancia a animales vivos para demostrar qui\u00e9n era el verdadero campe\u00f3n. Tras el conflicto, los hombres de Villa regresaron a casa y llevaron consigo estos eventos deportivos con animales vivos utilizando sus rifles de caza de alta potencia. Con el tiempo, los brotes de animales vivos se sustituyeron por recortes met\u00e1licos de animales, en parte debido a la presi\u00f3n del p\u00fablico, dando lugar a las &#8220;Silhuetas Met\u00e1licas&#8221;.  <\/p>\n\n\n\n<p>Avanzando m\u00e1s de 100 a\u00f1os, M\u00e9xico contin\u00faa con esta larga y fuerte tradici\u00f3n de Silhuetas Met\u00e1licas, convirti\u00e9ndolo en el deporte de tiro n\u00famero uno en M\u00e9xico. Muchos de los 31 Estados Federales de M\u00e9xico tienen numerosos Clubes de Rifle Silueta y la competencia es intensa, ya que el Estado ganador del Campeonato Nacional de M\u00e9xico reclama el derecho a organizar el Campeonato Nacional de M\u00e9xico del a\u00f1o siguiente.<\/p>\n\n\n\n<p class=\"has-text-align-center has-vivid-cyan-blue-color has-text-color\"><strong>Para leer m\u00e1s sobre las Regiones de M\u00e9xico y los Clubes de Rifle Silueta dentro de las Regiones, haz clic en el siguiente enlace:<\/strong><\/p>\n\n\n\n<div class=\"wp-block-buttons is-horizontal is-content-justification-right is-layout-flex wp-container-core-buttons-is-layout-ae2fe186 wp-block-buttons-is-layout-flex\">\n<div class=\"wp-block-button has-custom-font-size has-small-font-size\"><a class=\"wp-block-button__link has-vivid-cyan-blue-background-color has-background wp-element-button\" href=\"http:\/\/nassasilhouette.org\/mexico-silhouette-ranges\"><strong>LEER M\u00c1S<\/strong><\/a><\/div>\n<\/div>\n\n\n\n<hr class=\"wp-block-separator has-alpha-channel-opacity\">\n\n\n\n<div style=\"height:30px\" aria-hidden=\"true\" class=\"wp-block-spacer\"><\/div>\n\n\n\n<h2 class=\"has-text-align-center wp-block-heading\"><strong>Regiones\/Clubes de EE.UU.<\/strong><\/h2>\n\n\n\n<p class=\"has-text-align-center\"><strong>Esto incluye las regiones de NASSA USA de North Central, Northeast, Northwest, South Central, Southeast y Southwest USA.<\/strong><\/p>\n\n\n<div class=\"wp-block-image\">\n<figure class=\"aligncenter size-large\"><img loading=\"lazy\" decoding=\"async\" width=\"1024\" height=\"698\" src=\"https:\/\/nassasilhouette.org\/wp-content\/uploads\/2021\/12\/USA-Regions-Map-2-1024x698.png\" alt=\"\" class=\"wp-image-8070\" srcset=\"https:\/\/nassasilhouette.org\/wp-content\/uploads\/2021\/12\/USA-Regions-Map-2-1024x698.png 1024w, https:\/\/nassasilhouette.org\/wp-content\/uploads\/2021\/12\/USA-Regions-Map-2-300x204.png 300w, https:\/\/nassasilhouette.org\/wp-content\/uploads\/2021\/12\/USA-Regions-Map-2-768x523.png 768w, https:\/\/nassasilhouette.org\/wp-content\/uploads\/2021\/12\/USA-Regions-Map-2-1536x1047.png 1536w, https:\/\/nassasilhouette.org\/wp-content\/uploads\/2021\/12\/USA-Regions-Map-2-2048x1396.png 2048w\" sizes=\"auto, (max-width: 1024px) 100vw, 1024px\" \/><\/figure>\n<\/div>\n\n\n<div style=\"height:10px\" aria-hidden=\"true\" class=\"wp-block-spacer\"><\/div>\n\n\n\n<p><meta charset=\"utf-8\">La silueta de rifle de alta potencia emigr\u00f3 de M\u00e9xico a trav\u00e9s de la frontera entre Arizona y Nuevo M\u00e9xico con gusto durante las d\u00e9cadas de 1960 y 1970. En una d\u00e9cada, el Rifle Silueta en los EE.UU. se dinamiz\u00f3 a\u00fan m\u00e1s cuando la NRA se convirti\u00f3 en el organismo sancionador oficial y la disciplina de Rifle Silueta Smallbore se a\u00f1adi\u00f3 a la mezcla. Las competiciones de rifle de silueta se extendieron por todo Estados Unidos y pronto se convirtieron en el deporte de tiro m\u00e1s r\u00e1pido del pa\u00eds.  <\/p>\n\n\n\n<p>Cincuenta a\u00f1os despu\u00e9s, el Rifle Silueta sigue siendo uno de los deportes de tiro m\u00e1s desafiantes y divertidos. Hay algo especial en golpear un carnero a 500 metros y ver y o\u00edr ese CLANG cuando el carnero cae. Hoy en d\u00eda en los EE.UU. hay muchos nuevos deportes de tiro que compiten directamente con el Rifle Silueta en atraer y retener a los tiradores. La misi\u00f3n de la NASSA es garantizar que crezcamos y florezcamos como uno de los principales deportes de tiro de los Estados Unidos.<\/p>\n\n\n\n<p class=\"has-text-align-center has-vivid-cyan-blue-color has-text-color\"><meta charset=\"utf-8\"><strong>Para leer m\u00e1s sobre las Regiones de EE.UU. y los Clubes de Rifle Silueta dentro de las Regiones, haga clic en el enlace de abajo:<\/strong><\/p>\n\n\n\n<div class=\"wp-block-buttons is-horizontal is-content-justification-right is-layout-flex wp-container-core-buttons-is-layout-ae2fe186 wp-block-buttons-is-layout-flex\">\n<div class=\"wp-block-button has-custom-font-size has-small-font-size\"><a class=\"wp-block-button__link has-vivid-cyan-blue-background-color has-background wp-element-button\" href=\"http:\/\/nassasilhouette.org\/usa-gun-clubs\"><strong>LEER M\u00c1S<\/strong><\/a><\/div>\n<\/div>\n\n\n\n<hr class=\"wp-block-separator has-alpha-channel-opacity\">\n\n\n\n<div style=\"height:31px\" aria-hidden=\"true\" class=\"wp-block-spacer\"><\/div>\n\n\n\n<h2 class=\"has-text-align-center wp-block-heading\"><strong>Canad\u00e1 Provincias\/Clubes<\/strong><\/h2>\n\n\n\n<p class=\"has-text-align-center\"><strong>Incluye las provincias canadienses combinadas de Alberta, Columbia Brit\u00e1nica, Manitoba, Nuevo Brunswick, Terranova, Territorios del Noroeste, Nueva Escocia, Nunavut, Ontario, Isla del Pr\u00edncipe Eduardo, Quebec, Saskatchawan y Yuk\u00f3n.<\/strong><\/p>\n\n\n<div class=\"wp-block-image\">\n<figure class=\"aligncenter size-large\"><img loading=\"lazy\" decoding=\"async\" width=\"1024\" height=\"693\" src=\"https:\/\/nassasilhouette.org\/wp-content\/uploads\/2021\/12\/Canada-Regions-Map-1024x693.png\" alt=\"\" class=\"wp-image-8134\" srcset=\"https:\/\/nassasilhouette.org\/wp-content\/uploads\/2021\/12\/Canada-Regions-Map-1024x693.png 1024w, https:\/\/nassasilhouette.org\/wp-content\/uploads\/2021\/12\/Canada-Regions-Map-300x203.png 300w, https:\/\/nassasilhouette.org\/wp-content\/uploads\/2021\/12\/Canada-Regions-Map-768x520.png 768w, https:\/\/nassasilhouette.org\/wp-content\/uploads\/2021\/12\/Canada-Regions-Map-1536x1039.png 1536w, https:\/\/nassasilhouette.org\/wp-content\/uploads\/2021\/12\/Canada-Regions-Map-2048x1386.png 2048w\" sizes=\"auto, (max-width: 1024px) 100vw, 1024px\" \/><\/figure>\n<\/div>\n\n\n<div style=\"height:10px\" aria-hidden=\"true\" class=\"wp-block-spacer\"><\/div>\n\n\n\n<p>  Dado que Rifle Silhouette estaba migrando por todo EE.UU. desde sus or\u00edgenes a lo largo de la frontera entre Arizona y Nuevo M\u00e9xico, era inevitable que se desplazara m\u00e1s al norte para cruzar la frontera con Canad\u00e1. Los Campeonatos de Rifle Silueta en el Noreste y Noroeste de EE.UU. atraer\u00edan a tiradores canadienses a trav\u00e9s de la frontera y viceversa.  <\/p>\n\n\n\n<p>Esa tradici\u00f3n contin\u00faa hoy en d\u00eda con los canadienses que asisten a los encuentros de silueta de EE.UU., como los Campeonatos Nacionales de Silueta de la NRA cuando se celebran en Ridgway, Pennsylvania y el Campeonato de la Copa Conard Bernhardt en Pe Ell, Washington. Los tiradores de los EE.UU. responden asistiendo a competiciones como los Campeonatos Nacionales de Silueta de Canad\u00e1, que se celebran en la costa oeste canadiense. La Lapua Monarch Cup continuar\u00e1 esta tendencia a medida que se celebren m\u00e1s campeonatos norteamericanos que re\u00fanan a tiradores de Canad\u00e1, M\u00e9xico y Estados Unidos.<meta charset=\"utf-8\"><\/p>\n\n\n\n<p class=\"has-text-align-center has-vivid-cyan-blue-color has-text-color\"><meta charset=\"utf-8\"><strong>Para obtener m\u00e1s informaci\u00f3n sobre las provincias canadienses y los clubes de silueta de rifle dentro de las provincias, haga clic en el siguiente enlace:<\/strong><\/p>\n\n\n\n<div class=\"wp-block-buttons is-horizontal is-content-justification-right is-layout-flex wp-container-core-buttons-is-layout-ae2fe186 wp-block-buttons-is-layout-flex\">\n<div class=\"wp-block-button has-custom-font-size has-small-font-size\"><a class=\"wp-block-button__link has-vivid-cyan-blue-background-color has-background wp-element-button\" href=\"http:\/\/nassasilhouette.org\/canada-provinces-ranges\"><strong>LEER M\u00c1S<\/strong><\/a><\/div>\n<\/div>\n\n\n\n<hr class=\"wp-block-separator has-alpha-channel-opacity\">\n\n\n\n<div style=\"height:50px\" aria-hidden=\"true\" class=\"wp-block-spacer\"><\/div>\n\n\n<div class=\"wp-block-image\">\n<figure class=\"aligncenter size-large\"><img loading=\"lazy\" decoding=\"async\" width=\"1024\" height=\"48\" src=\"https:\/\/nassasilhouette.org\/wp-content\/uploads\/2021\/12\/Paragraph-Separator-1024x48.png\" alt=\"\" class=\"wp-image-8017\" srcset=\"https:\/\/nassasilhouette.org\/wp-content\/uploads\/2021\/12\/Paragraph-Separator-1024x48.png 1024w, https:\/\/nassasilhouette.org\/wp-content\/uploads\/2021\/12\/Paragraph-Separator-300x14.png 300w, https:\/\/nassasilhouette.org\/wp-content\/uploads\/2021\/12\/Paragraph-Separator-768x36.png 768w, https:\/\/nassasilhouette.org\/wp-content\/uploads\/2021\/12\/Paragraph-Separator-1536x72.png 1536w, https:\/\/nassasilhouette.org\/wp-content\/uploads\/2021\/12\/Paragraph-Separator-2048x97.png 2048w\" sizes=\"auto, (max-width: 1024px) 100vw, 1024px\" \/><\/figure>\n<\/div>\n\n\n<div style=\"height:30px\" aria-hidden=\"true\" class=\"wp-block-spacer\"><\/div>\n\n\n\n<h2 class=\"has-text-align-center wp-block-heading\"><strong>NASSA Regional Directors<\/strong><\/h2>\n\n\n<div class=\"wp-block-image\">\n<figure class=\"aligncenter size-large\"><img loading=\"lazy\" decoding=\"async\" width=\"1024\" height=\"420\" src=\"https:\/\/nassasilhouette.org\/wp-content\/uploads\/2022\/02\/Regional-Directors-Banner-1024x420.png\" alt=\"\" class=\"wp-image-10084\" srcset=\"https:\/\/nassasilhouette.org\/wp-content\/uploads\/2022\/02\/Regional-Directors-Banner-1024x420.png 1024w, https:\/\/nassasilhouette.org\/wp-content\/uploads\/2022\/02\/Regional-Directors-Banner-300x123.png 300w, https:\/\/nassasilhouette.org\/wp-content\/uploads\/2022\/02\/Regional-Directors-Banner-768x315.png 768w, https:\/\/nassasilhouette.org\/wp-content\/uploads\/2022\/02\/Regional-Directors-Banner-1536x629.png 1536w, https:\/\/nassasilhouette.org\/wp-content\/uploads\/2022\/02\/Regional-Directors-Banner-2048x839.png 2048w\" sizes=\"auto, (max-width: 1024px) 100vw, 1024px\" \/><\/figure>\n<\/div>\n\n\n<div style=\"height:10px\" aria-hidden=\"true\" class=\"wp-block-spacer\"><\/div>\n\n\n\n<p>Los Directores Regionales de NASSA son el alma de la organizaci\u00f3n, representan los intereses de sus tiradores localizados de Rifle Silueta. La importancia de este papel se acentuar\u00e1 a\u00fan m\u00e1s con la propuesta de un Director Regional Representante de Canad\u00e1, M\u00e9xico y EE.UU. como miembro del Consejo de una futura corporaci\u00f3n sin \u00e1nimo de lucro NASSA 5013(c)(3).  <\/p>\n\n\n\n<p class=\"has-text-align-center has-vivid-cyan-blue-color has-text-color\"><strong>Para saber m\u00e1s sobre qui\u00e9nes son los actuales Directores Regionales en Canad\u00e1, M\u00e9xico y EE.UU. y sus responsabilidades espec\u00edficas, haga clic en el siguiente enlace:<\/strong><\/p>\n\n\n\n<div class=\"wp-block-buttons is-horizontal is-content-justification-right is-layout-flex wp-container-core-buttons-is-layout-ae2fe186 wp-block-buttons-is-layout-flex\">\n<div class=\"wp-block-button has-custom-font-size has-small-font-size\"><a class=\"wp-block-button__link has-vivid-cyan-blue-background-color has-background wp-element-button\" href=\"http:\/\/nassasilhouette.org\/nassa-regional-coordinators\"><strong>LEER M\u00c1S<\/strong><\/a><\/div>\n<\/div>\n\n\n\n<hr class=\"wp-block-separator has-alpha-channel-opacity\">\n\n\n\n<h2 class=\"has-text-align-center wp-block-heading\"><strong>\u00bfPor qu\u00e9 una Federaci\u00f3n Regional NASSA?<\/strong><\/h2>\n\n\n\n<p>Una de las preguntas que el Equipo de Implementaci\u00f3n de NASSA recibe a menudo es \u00bfpor qu\u00e9 tener una red de Regiones NASSA en todo M\u00e9xico, Canad\u00e1 y EE.UU.? El Equipo de Implementaci\u00f3n de la NASSA compar\u00f3 los resultados de muchas organizaciones multinacionales sin \u00e1nimo de lucro al inicio de nuestro Proceso de Planificaci\u00f3n Estrat\u00e9gica de la NASSA. Pr\u00e1cticamente todas estas organizaciones dividieron sus zonas geogr\u00e1ficas de actuaci\u00f3n en regiones. A continuaci\u00f3n se resumen nuestras conclusiones y las razones que nos llevan a seguir este ejemplo, sin ning\u00fan orden espec\u00edfico de importancia:<\/p>\n\n\n\n<hr class=\"wp-block-separator has-alpha-channel-opacity\">\n\n\n\n<p class=\"has-normal-font-size\"><strong>Apoye a la comunidad local de Silhouette:<\/strong><\/p>\n\n\n\n<p>Am\u00e9rica del Norte es una vasta zona geogr\u00e1fica compuesta por (3) pa\u00edses y una rica y diferente mezcla cultural de lenguas y cultura. Y podr\u00edamos estar hablando de Luisiana. Al examinar estas diferencias y tenerlas en cuenta cuando establecimos nuestros L\u00edmites Regionales NASSA, esperamos servir mejor a las comunidades locales de Rifle Silueta. El servicio se traduce en la adopci\u00f3n de medidas mediante el establecimiento de Iniciativas Regionales espec\u00edficas y mensurables que aborden las mayores oportunidades para los Estados y Provincias que componen cada Regi\u00f3n de la NASSA.<\/p>\n\n\n\n<hr class=\"wp-block-separator has-alpha-channel-opacity\">\n\n\n\n<p class=\"has-normal-font-size\"><strong>Reclutamiento de voluntarios locales para sostener y hacer crecer NASSA:<\/strong> <\/p>\n\n\n\n<p>Cada Director Regional de NASSA tendr\u00e1 que crear una fuerza local de voluntarios en su regi\u00f3n respectiva. La capacidad de delegar responsabilidades a un nivel regional m\u00e1s localizado proporciona muchos beneficios, como un mayor n\u00famero de voluntarios para construir y mantener nuestra asociaci\u00f3n. Esto es fundamental para las organizaciones sin \u00e1nimo de lucro que dependen \u00fanicamente de los voluntarios para hacer el trabajo pesado. Algunos de estos voluntarios se implicar\u00e1n m\u00e1s en los asuntos de NASSA y apoyar\u00e1n un plan de sucesi\u00f3n.<\/p>\n\n\n\n<hr class=\"wp-block-separator has-alpha-channel-opacity\">\n\n\n\n<p class=\"has-normal-font-size\"><strong>Eficacia para cumplir la misi\u00f3n de la NASSA:<\/strong><\/p>\n\n\n\n<p>La colaboraci\u00f3n entre varias Regiones de la NASSA para alcanzar objetivos espec\u00edficos es m\u00e1s eficaz y necesaria para acelerar los avances. Por ejemplo, Luisiana, en la regi\u00f3n centro-sur de Estados Unidos, es la meca de la silueta de rifle de aire en Estados Unidos. El Bayou Airgun Club (BAC) de Baton Rouge sabe c\u00f3mo fabricar los mejores soportes reajustables para blancos de rifle de aire comprimido. La Regi\u00f3n Sureste de EE.UU. vendr\u00e1 al Campeonato Shamrock Air Rifle Silhouette en marzo de 2023 para hacer de punto de referencia a BAC para acelerar la introducci\u00f3n del Air Rifle Silhouette en la Regi\u00f3n Sureste.  <\/p>\n\n\n\n<p>Toda esta colaboraci\u00f3n debe tenerse en cuenta a la hora de establecer Iniciativas Regionales para cada Regi\u00f3n de NASSA. Queremos impulsar el aprovechamiento de las competencias b\u00e1sicas de cada regi\u00f3n y el intercambio con otras regiones.<\/p>\n\n\n\n<hr class=\"wp-block-separator has-alpha-channel-opacity\">\n\n\n\n<p class=\"has-normal-font-size\"><strong>Mejor comunicaci\u00f3n<\/strong>:&nbsp;<\/p>\n\n\n\n<p>Uno de los hallazgos significativos del Equipo de Implementaci\u00f3n de la NASSA es lo poco que saben muchos tiradores de Silhouette sobre lo que est\u00e1 sucediendo en otras Regiones de la NASSA dentro de Norteam\u00e9rica. Esto es particularmente cierto sobre lo que muchos tiradores de silueta de rifle de EE.UU. no saben acerca de M\u00e9xico.  <\/p>\n\n\n\n<p>La Copa Lapua Monarch ha tenido un efecto positivo a la hora de derribar barreras para conocer lo que ocurre al otro lado de nuestras fronteras internacionales. NASSA espera derribar a\u00fan m\u00e1s estas barreras a trav\u00e9s de su p\u00e1gina web y de las herramientas multimedia y de noticias que estamos creando. Gran parte de la informaci\u00f3n, como los datos de los clubes de tiro, los programas y horarios de los partidos, ya existe a nivel local. La intenci\u00f3n de la p\u00e1gina web de la NASSA es organizar mejor la informaci\u00f3n y distribuirla.<\/p>\n\n\n\n<hr class=\"wp-block-separator has-alpha-channel-opacity\">\n\n\n\n<p class=\"has-normal-font-size\"><strong>Un equipo NASSA m\u00e1s fuerte<\/strong>:  <\/p>\n\n\n\n<p>Los tiradores de Rifle Silueta hablan a menudo de la falta de apoyo de algunas de nuestras organizaciones sancionadoras. La misi\u00f3n de la NASSA es construir una asociaci\u00f3n que est\u00e9 bien organizada y gobernada desde la c\u00fapula de la organizaci\u00f3n, pero que est\u00e9 dirigida y sea responsable desde la base, es decir, desde las comunidades locales de tiro de rifle y silueta que existen en todas las regiones de la NASSA. Creemos que la Federaci\u00f3n de Regiones de NASSA desempe\u00f1ar\u00e1 ese papel.<\/p>\n\n\n\n<hr class=\"wp-block-separator has-alpha-channel-opacity\">\n","protected":false},"excerpt":{"rendered":"<p>The NASSA Regional Federation Nuestra Visi\u00f3n NASSA se basa en la camarader\u00eda, las tradiciones y la pasi\u00f3n que cada uno de nuestros tiradores de Rifle Silueta comparten a lo largo de M\u00e9xico los EE.UU. y Canad\u00e1. Por lo tanto, se prest\u00f3 mucha atenci\u00f3n a la estructura y funci\u00f3n de nuestra Federaci\u00f3n Regional NASSA, formada por&hellip; <a class=\"more-link\" href=\"https:\/\/nassasilhouette.org\/es-mx\/regiones-clubes-nassa\/\">Continue reading <span class=\"screen-reader-text\">REGIONES\/CLUBES NASSA<\/span><\/a><\/p>\n","protected":false},"author":2,"featured_media":13980,"parent":0,"menu_order":3,"comment_status":"closed","ping_status":"closed","template":"","meta":{"_acf_changed":false,"footnotes":""},"class_list":["post-13852","page","type-page","status-publish","has-post-thumbnail","hentry","entry"],"acf":[],"rttpg_featured_image_url":{"full":["https:\/\/nassasilhouette.org\/wp-content\/uploads\/2022\/07\/NASSA-RegionsClubs-Feature-Image.jpg",1347,1333,false],"landscape":["https:\/\/nassasilhouette.org\/wp-content\/uploads\/2022\/07\/NASSA-RegionsClubs-Feature-Image.jpg",1347,1333,false],"portraits":["https:\/\/nassasilhouette.org\/wp-content\/uploads\/2022\/07\/NASSA-RegionsClubs-Feature-Image.jpg",1347,1333,false],"thumbnail":["https:\/\/nassasilhouette.org\/wp-content\/uploads\/2022\/07\/NASSA-RegionsClubs-Feature-Image-150x150.jpg",150,150,true],"medium":["https:\/\/nassasilhouette.org\/wp-content\/uploads\/2022\/07\/NASSA-RegionsClubs-Feature-Image-300x297.jpg",300,297,true],"large":["https:\/\/nassasilhouette.org\/wp-content\/uploads\/2022\/07\/NASSA-RegionsClubs-Feature-Image-1024x1013.jpg",750,742,true],"1536x1536":["https:\/\/nassasilhouette.org\/wp-content\/uploads\/2022\/07\/NASSA-RegionsClubs-Feature-Image.jpg",1347,1333,false],"2048x2048":["https:\/\/nassasilhouette.org\/wp-content\/uploads\/2022\/07\/NASSA-RegionsClubs-Feature-Image.jpg",1347,1333,false],"post-thumbnail":["https:\/\/nassasilhouette.org\/wp-content\/uploads\/2022\/07\/NASSA-RegionsClubs-Feature-Image.jpg",1347,1333,false],"gform-image-choice-sm":["https:\/\/nassasilhouette.org\/wp-content\/uploads\/2022\/07\/NASSA-RegionsClubs-Feature-Image.jpg",300,297,false],"gform-image-choice-md":["https:\/\/nassasilhouette.org\/wp-content\/uploads\/2022\/07\/NASSA-RegionsClubs-Feature-Image.jpg",400,396,false],"gform-image-choice-lg":["https:\/\/nassasilhouette.org\/wp-content\/uploads\/2022\/07\/NASSA-RegionsClubs-Feature-Image.jpg",600,594,false],"rt_custom":["https:\/\/nassasilhouette.org\/wp-content\/uploads\/2022\/07\/NASSA-RegionsClubs-Feature-Image.jpg",1347,1333,false]},"rttpg_author":{"display_name":"Garin Hatch","author_link":"https:\/\/nassasilhouette.org\/es-mx\/author\/garinhatchgmail-com\/"},"rttpg_comment":0,"rttpg_category":" <a href=\"https:\/\/nassasilhouette.org\/es-mx\/?taxonomy=translation_priority&#038;term=optional-es-mx\" rel=\"tag\">Optional<\/a>","rttpg_excerpt":"The NASSA Regional Federation Nuestra Visi\u00f3n NASSA se basa en la camarader\u00eda, las tradiciones y la pasi\u00f3n que cada uno de nuestros tiradores de Rifle Silueta comparten a lo largo de M\u00e9xico los EE.UU. y Canad\u00e1. Por lo tanto, se prest\u00f3 mucha atenci\u00f3n a la estructura y funci\u00f3n de nuestra Federaci\u00f3n Regional NASSA, formada por&hellip;&hellip;","_links":{"self":[{"href":"https:\/\/nassasilhouette.org\/es-mx\/wp-json\/wp\/v2\/pages\/13852","targetHints":{"allow":["GET"]}}],"collection":[{"href":"https:\/\/nassasilhouette.org\/es-mx\/wp-json\/wp\/v2\/pages"}],"about":[{"href":"https:\/\/nassasilhouette.org\/es-mx\/wp-json\/wp\/v2\/types\/page"}],"author":[{"embeddable":true,"href":"https:\/\/nassasilhouette.org\/es-mx\/wp-json\/wp\/v2\/users\/2"}],"replies":[{"embeddable":true,"href":"https:\/\/nassasilhouette.org\/es-mx\/wp-json\/wp\/v2\/comments?post=13852"}],"version-history":[{"count":3,"href":"https:\/\/nassasilhouette.org\/es-mx\/wp-json\/wp\/v2\/pages\/13852\/revisions"}],"predecessor-version":[{"id":19531,"href":"https:\/\/nassasilhouette.org\/es-mx\/wp-json\/wp\/v2\/pages\/13852\/revisions\/19531"}],"wp:featuredmedia":[{"embeddable":true,"href":"https:\/\/nassasilhouette.org\/es-mx\/wp-json\/wp\/v2\/media\/13980"}],"wp:attachment":[{"href":"https:\/\/nassasilhouette.org\/es-mx\/wp-json\/wp\/v2\/media?parent=13852"}],"curies":[{"name":"wp","href":"https:\/\/api.w.org\/{rel}","templated":true}]}}