{"id":13851,"date":"2021-10-13T18:27:42","date_gmt":"2021-10-13T23:27:42","guid":{"rendered":"https:\/\/shootsilhouette.com\/noticias-y-multimedia\/"},"modified":"2024-08-08T12:56:34","modified_gmt":"2024-08-08T17:56:34","slug":"noticias-y-multimedia","status":"publish","type":"page","link":"https:\/\/nassasilhouette.org\/es-mx\/noticias-y-multimedia\/","title":{"rendered":"NOTICIAS Y MULTIMEDIA"},"content":{"rendered":"<div class=\"wp-block-image\">\n<figure class=\"aligncenter size-large\"><img loading=\"lazy\" decoding=\"async\" width=\"1024\" height=\"436\" src=\"https:\/\/nassasilhouette.org\/wp-content\/uploads\/2022\/09\/News-Multi-Media-Final-Slider-1024x436.jpg\" alt=\"\" class=\"wp-image-14212\" srcset=\"https:\/\/nassasilhouette.org\/wp-content\/uploads\/2022\/09\/News-Multi-Media-Final-Slider-1024x436.jpg 1024w, https:\/\/nassasilhouette.org\/wp-content\/uploads\/2022\/09\/News-Multi-Media-Final-Slider-300x128.jpg 300w, https:\/\/nassasilhouette.org\/wp-content\/uploads\/2022\/09\/News-Multi-Media-Final-Slider-768x327.jpg 768w, https:\/\/nassasilhouette.org\/wp-content\/uploads\/2022\/09\/News-Multi-Media-Final-Slider-1536x654.jpg 1536w, https:\/\/nassasilhouette.org\/wp-content\/uploads\/2022\/09\/News-Multi-Media-Final-Slider-2048x871.jpg 2048w, https:\/\/nassasilhouette.org\/wp-content\/uploads\/2022\/09\/News-Multi-Media-Final-Slider-1568x667.jpg 1568w, https:\/\/nassasilhouette.org\/wp-content\/uploads\/2022\/09\/News-Multi-Media-Final-Slider-scaled-1220x520.jpg 1220w, https:\/\/nassasilhouette.org\/wp-content\/uploads\/2022\/09\/News-Multi-Media-Final-Slider-scaled-1200x511.jpg 1200w, https:\/\/nassasilhouette.org\/wp-content\/uploads\/2022\/09\/News-Multi-Media-Final-Slider-scaled-620x264.jpg 620w, https:\/\/nassasilhouette.org\/wp-content\/uploads\/2022\/09\/News-Multi-Media-Final-Slider-scaled-400x170.jpg 400w\" sizes=\"auto, (max-width: 1024px) 100vw, 1024px\" \/><\/figure>\n<\/div>\n\n\n<div style=\"height:50px\" aria-hidden=\"true\" class=\"wp-block-spacer\"><\/div>\n\n\n\n<p class=\"has-normal-font-size\">NASSA ha reunido un conglomerado de Noticias y Multimedia para mantener informados a nuestros miembros sobre todas las actividades de NASSA.<\/p>\n\n\n\n<hr class=\"wp-block-separator has-alpha-channel-opacity\">\n\n\n\n<div style=\"height:10px\" aria-hidden=\"true\" class=\"wp-block-spacer\"><\/div>\n\n\n\n<h2 class=\"wp-block-heading has-text-align-center\"><strong>NASSA Press Releases<\/strong><\/h2>\n\n\n<div class=\"wp-block-image\">\n<figure class=\"aligncenter size-large\"><img loading=\"lazy\" decoding=\"async\" width=\"1024\" height=\"416\" src=\"https:\/\/nassasilhouette.org\/wp-content\/uploads\/2022\/09\/NASSA-Press-Release-Banner-2-1024x416.jpg\" alt=\"\" class=\"wp-image-14276\" srcset=\"https:\/\/nassasilhouette.org\/wp-content\/uploads\/2022\/09\/NASSA-Press-Release-Banner-2-1024x416.jpg 1024w, https:\/\/nassasilhouette.org\/wp-content\/uploads\/2022\/09\/NASSA-Press-Release-Banner-2-300x122.jpg 300w, https:\/\/nassasilhouette.org\/wp-content\/uploads\/2022\/09\/NASSA-Press-Release-Banner-2-768x312.jpg 768w, https:\/\/nassasilhouette.org\/wp-content\/uploads\/2022\/09\/NASSA-Press-Release-Banner-2-1536x625.jpg 1536w, https:\/\/nassasilhouette.org\/wp-content\/uploads\/2022\/09\/NASSA-Press-Release-Banner-2-2048x833.jpg 2048w, https:\/\/nassasilhouette.org\/wp-content\/uploads\/2022\/09\/NASSA-Press-Release-Banner-2-1568x638.jpg 1568w\" sizes=\"auto, (max-width: 1024px) 100vw, 1024px\" \/><\/figure>\n<\/div>\n\n\n<div style=\"height:31px\" aria-hidden=\"true\" class=\"wp-block-spacer\"><\/div>\n\n\n\n<p>El Equipo de Implementaci\u00f3n de la NASSA publicar\u00e1 peri\u00f3dicamente <strong>comunicados de prensa de la NASSA<\/strong> en los que se destacar\u00e1n los hitos significativos alcanzados en el marco de nuestro Plan Estrat\u00e9gico de Implementaci\u00f3n de la NASSA. Se tratar\u00e1n temas como:  <\/p>\n\n\n\n<ul class=\"wp-block-list\">\n<li>Anuncios de nombramientos de personal para el Equipo de Implementaci\u00f3n de NASSA, los Directores Regionales o varios otros Directores Funcionales de NASSA que apoyan nuestra infraestructura organizativa.  <\/li>\n\n\n\n<li>Desarrollo de contenidos t\u00e9cnicos de gran valor a\u00f1adido en el marco de la Carta NASSA. Esto podr\u00eda incluir la puesta a prueba de nuevas tecnolog\u00edas, como bases de datos de rendimiento y aplicaciones que mejoren la disciplina del rifle de silueta.  <\/li>\n\n\n\n<li>Notificaciones de acuerdos de colaboraci\u00f3n con organizaciones afines, patrocinadores, proveedores de la industria y otros en los que exista un beneficio mutuo.  <\/li>\n<\/ul>\n\n\n\n<p>Todos estos comunicados de prensa de NASSA, como los (2) que se publican a continuaci\u00f3n, tienen por objeto mantener informados a los miembros de NASSA y fomentar la confianza a medida que nos acercamos a un modelo de gobierno corporativo 501(c)(3) sin \u00e1nimo de lucro.<\/p>\n\n\n\n<hr class=\"wp-block-separator has-alpha-channel-opacity\">\n\n\n\n\t\t\t\t<div class=\"blog-recent-posts-title\">\n\t\t\t\t\tOur Latest Posts\n\t\t\t\t<\/div>\n\t\t\t\t<ul class=\"blog-recent-posts\">\n\t\t\t\t\t\t\t\t  \t\t\t\t\t\n\t\t\t\t\t\t<li class=\"blog-recent-post\">\n\t\t\t\t\t\t\t<a class=\"blog-recent-post-link-group\" href=\"https:\/\/nassasilhouette.org\/es-mx\/publicado-el-programa-de-partidos-de-la-copa-sk-lone-star-2026\/\">\n\t\t\t\t\t\t\t\t<div class=\"blog-recent-post-link-image\" style=\"background-image:url(https:\/\/nassasilhouette.org\/wp-content\/uploads\/2025\/11\/2026-SKLSC-Annoucement-Thumb-Image.jpg)\"><\/div>\n\t\t\t\t\t\t\t\t<div class=\"blog-recent-post-link-title\">Publicado el programa de partidos de la Copa SK Lone Star 2026.<\/div>\n\t\t\t\t\t\t\t<\/a>\n\t\t\t\t\t\t\t\n\t\t\t\t\t\t\t\t\t\t\t\t\t\t\n\t\t\t\t\t\t\t<div class=\"blog-recent-post-author\">By Chris Cawthorne<\/div>\n\t\t\t\t\t\t\t<div class=\"blog-recent-post-date\"><i class=\"fa fa-calendar\"><\/i><span>January 11, 2026<\/span><\/div>\n\t\t\t\t\t\t\t<div class=\"blog-recent-post-excerpt\">\n\t\t\t\t\t\t\t\t<p>2026 SKLSC \u00a1Ya est\u00e1 abierto el plazo de inscripci\u00f3n! Las inscripciones est\u00e1n limitadas a 120 competidores de &#8220;Rifle Est\u00e1ndar&#8221; y a 30 competidores de &#8220;Silueta Benchrest&#8221; debido a la capacidad m\u00e1xima del campo de tiro. AS\u00cd QUE INSCR\u00cdBETE AHORA a trav\u00e9s de la inscripci\u00f3n en l\u00ednea o por correo antes de que se llene el&hellip; <a class=\"more-link\" href=\"https:\/\/nassasilhouette.org\/es-mx\/publicado-el-programa-de-partidos-de-la-copa-sk-lone-star-2026\/\">Continue reading <span class=\"screen-reader-text\">Publicado el programa de partidos de la Copa SK Lone Star 2026.<\/span><\/a><\/p>\n\t\t\t\t\t\t\t<\/div>\n\t\t\t\t\t\t\t<a class=\"blog-recent-post-cta\" href=\"https:\/\/nassasilhouette.org\/es-mx\/publicado-el-programa-de-partidos-de-la-copa-sk-lone-star-2026\/\">Read More<\/a>\t\n\t\t\t\t\t\t<\/li>\n\n\t\t\t\t  \t\t\t\t\t\n\t\t\t\t\t\t<li class=\"blog-recent-post\">\n\t\t\t\t\t\t\t<a class=\"blog-recent-post-link-group\" href=\"https:\/\/nassasilhouette.org\/es-mx\/llega-la-copa-sk-lone-star-2026\/\">\n\t\t\t\t\t\t\t\t<div class=\"blog-recent-post-link-image\" style=\"background-image:url(https:\/\/nassasilhouette.org\/wp-content\/uploads\/2026\/01\/2026-SKLSC-Feature-Image.png)\"><\/div>\n\t\t\t\t\t\t\t\t<div class=\"blog-recent-post-link-title\">\u00a1Llega la Copa SK Lone Star 2026!<\/div>\n\t\t\t\t\t\t\t<\/a>\n\t\t\t\t\t\t\t\n\t\t\t\t\t\t\t\t\t\t\t\t\t\t\n\t\t\t\t\t\t\t<div class=\"blog-recent-post-author\">By Chris Cawthorne<\/div>\n\t\t\t\t\t\t\t<div class=\"blog-recent-post-date\"><i class=\"fa fa-calendar\"><\/i><span>November 17, 2025<\/span><\/div>\n\t\t\t\t\t\t\t<div class=\"blog-recent-post-excerpt\">\n\t\t\t\t\t\t\t\t<p>Nos complace anunciar que la Copa SK Lone Star 2026 se celebrar\u00e1 en las instalaciones Bayou Rifles Addicks de Houston, Texas, los d\u00edas 6 y 7 de junio de 2025. Una vez m\u00e1s, \u00a1un gran saludo a SK Ammunition, nuestro &#8220;patrocinador principal&#8221;, por hacer posible esta &#8220;Super Regional Internacional&#8221; en 2026! Pronto tendremos el Programa&hellip; <a class=\"more-link\" href=\"https:\/\/nassasilhouette.org\/es-mx\/llega-la-copa-sk-lone-star-2026\/\">Continue reading <span class=\"screen-reader-text\">\u00a1Llega la Copa SK Lone Star 2026!<\/span><\/a><\/p>\n\t\t\t\t\t\t\t<\/div>\n\t\t\t\t\t\t\t<a class=\"blog-recent-post-cta\" href=\"https:\/\/nassasilhouette.org\/es-mx\/llega-la-copa-sk-lone-star-2026\/\">Read More<\/a>\t\n\t\t\t\t\t\t<\/li>\n\n\t\t\t\t  \t\t\t\t  \n\t\t\t\t\t\t\t\t<\/ul>\n\n\t\t\t\t\t\t\t\t<p class=\"blog-recent-more-posts-p\">\n\t\t\t\t\t<a class=\"blog-recent-more-posts-link\" href=\"\/news-multimedia\/nassa-press-releases\/\">More \"NASSA Press Releases\" Posts<\/a>\n\t\t\t\t<\/p>\n\n\t\t\t\t\n\n\n\n<hr class=\"wp-block-separator has-alpha-channel-opacity\">\n\n\n\n<div style=\"height:50px\" aria-hidden=\"true\" class=\"wp-block-spacer\"><\/div>\n\n\n\n<h2 class=\"wp-block-heading has-text-align-center\"><strong>Actualizaciones regionales de NASSA<\/strong><\/h2>\n\n\n<div class=\"wp-block-image\">\n<figure class=\"aligncenter size-large\"><img loading=\"lazy\" decoding=\"async\" width=\"1024\" height=\"392\" src=\"https:\/\/nassasilhouette.org\/wp-content\/uploads\/2022\/11\/NASSA-Regional-Updates-Border-Banner-1024x392.jpg\" alt=\"\" class=\"wp-image-14956\" srcset=\"https:\/\/nassasilhouette.org\/wp-content\/uploads\/2022\/11\/NASSA-Regional-Updates-Border-Banner-1024x392.jpg 1024w, https:\/\/nassasilhouette.org\/wp-content\/uploads\/2022\/11\/NASSA-Regional-Updates-Border-Banner-300x115.jpg 300w, https:\/\/nassasilhouette.org\/wp-content\/uploads\/2022\/11\/NASSA-Regional-Updates-Border-Banner-768x294.jpg 768w, https:\/\/nassasilhouette.org\/wp-content\/uploads\/2022\/11\/NASSA-Regional-Updates-Border-Banner-1536x588.jpg 1536w, https:\/\/nassasilhouette.org\/wp-content\/uploads\/2022\/11\/NASSA-Regional-Updates-Border-Banner-2048x784.jpg 2048w, https:\/\/nassasilhouette.org\/wp-content\/uploads\/2022\/11\/NASSA-Regional-Updates-Border-Banner-1568x600.jpg 1568w\" sizes=\"auto, (max-width: 1024px) 100vw, 1024px\" \/><\/figure>\n<\/div>\n\n\n<div style=\"height:30px\" aria-hidden=\"true\" class=\"wp-block-spacer\"><\/div>\n\n\n\n<p>Las <strong>Actualizaciones Regionales de NASSA<\/strong> son un medio para que todos los Directores Regionales de NASSA en Canad\u00e1, M\u00e9xico y EE.UU. comuniquen y promuevan lo que est\u00e1 sucediendo en cada una de sus respectivas regiones. Se tratar\u00e1n temas como:  <\/p>\n\n\n\n<ul class=\"wp-block-list\">\n<li>Promoci\u00f3n de los <strong>partidos y resultados de los campeonatos<\/strong> en sus regiones.<\/li>\n\n\n\n<li>La introducci\u00f3n de nuevos clubes de Rifle Silhouette, programas y nuevas disciplinas de Rifle Silhouette.<\/li>\n\n\n\n<li>El anuncio de nuevos y\/o mejorados clubes de Rifle Silhouette\/instalaciones de campo que beneficien a la comunidad de Rifle Silhouette.<\/li>\n\n\n\n<li>El anuncio y la promoci\u00f3n de nuevas <strong>Iniciativas Regionales NASSA <\/strong>dentro de una regi\u00f3n determinada.<\/li>\n\n\n\n<li>La difusi\u00f3n de cualquier otra informaci\u00f3n relevante de la regi\u00f3n que pueda beneficiar a la comunidad local de Rifle Silhouette.<\/li>\n<\/ul>\n\n\n\n<hr class=\"wp-block-separator has-alpha-channel-opacity\">\n\n\n\n\t\t\t\t<div class=\"blog-recent-posts-title\">\n\t\t\t\t\tOur Latest Posts\n\t\t\t\t<\/div>\n\t\t\t\t<ul class=\"blog-recent-posts\">\n\t\t\t\t\t\t\t\t  \t\t\t\t\t\n\t\t\t\t\t\t<li class=\"blog-recent-post\">\n\t\t\t\t\t\t\t<a class=\"blog-recent-post-link-group\" href=\"https:\/\/nassasilhouette.org\/es-mx\/copa-lapua-monarca-y-visita-nassa-cananea\/\">\n\t\t\t\t\t\t\t\t<div class=\"blog-recent-post-link-image\" style=\"background-image:url(https:\/\/nassasilhouette.org\/wp-content\/uploads\/2024\/05\/Cananera-85th-Thumbnail.jpg)\"><\/div>\n\t\t\t\t\t\t\t\t<div class=\"blog-recent-post-link-title\">Copa Lapua Monarca y Visita NASSA Cananea<\/div>\n\t\t\t\t\t\t\t<\/a>\n\t\t\t\t\t\t\t\n\t\t\t\t\t\t\t\t\t\t\t\t\t\t\n\t\t\t\t\t\t\t<div class=\"blog-recent-post-author\">By Chris Cawthorne<\/div>\n\t\t\t\t\t\t\t<div class=\"blog-recent-post-date\"><i class=\"fa fa-calendar\"><\/i><span>May 27, 2024<\/span><\/div>\n\t\t\t\t\t\t\t<div class=\"blog-recent-post-excerpt\">\n\t\t\t\t\t\t\t\t<p>El Club De Tiro Y Caza Cananea, situado cerca de la ciudad de Cananea (Sonora, M\u00e9xico), celebr\u00f3 su 85 Aniversario organizando un partido festivo de dos d\u00edas, el 18 y 19 de mayo de 2024. Daniel Salazar, Presidente de la Junta Directiva de la Copa Lapua Monarca, y Chris Cawthorne, Miembro de la Junta Directiva&hellip; <a class=\"more-link\" href=\"https:\/\/nassasilhouette.org\/es-mx\/copa-lapua-monarca-y-visita-nassa-cananea\/\">Continue reading <span class=\"screen-reader-text\">Copa Lapua Monarca y Visita NASSA Cananea<\/span><\/a><\/p>\n\t\t\t\t\t\t\t<\/div>\n\t\t\t\t\t\t\t<a class=\"blog-recent-post-cta\" href=\"https:\/\/nassasilhouette.org\/es-mx\/copa-lapua-monarca-y-visita-nassa-cananea\/\">Read More<\/a>\t\n\t\t\t\t\t\t<\/li>\n\n\t\t\t\t  \t\t\t\t\t\n\t\t\t\t\t\t<li class=\"blog-recent-post\">\n\t\t\t\t\t\t\t<a class=\"blog-recent-post-link-group\" href=\"https:\/\/nassasilhouette.org\/es-mx\/benchrest-f-class-smallbore-silhouette-llega-a-texas\/\">\n\t\t\t\t\t\t\t\t<div class=\"blog-recent-post-link-image\" style=\"background-image:url(https:\/\/nassasilhouette.org\/wp-content\/uploads\/2023\/11\/Feature-Image.jpg)\"><\/div>\n\t\t\t\t\t\t\t\t<div class=\"blog-recent-post-link-title\">\u00a1Benchrest\/F-Class Smallbore Silhouette llega a Texas!<\/div>\n\t\t\t\t\t\t\t<\/a>\n\t\t\t\t\t\t\t\n\t\t\t\t\t\t\t\t\t\t\t\t\t\t\n\t\t\t\t\t\t\t<div class=\"blog-recent-post-author\">By Chris Cawthorne<\/div>\n\t\t\t\t\t\t\t<div class=\"blog-recent-post-date\"><i class=\"fa fa-calendar\"><\/i><span>November 17, 2023<\/span><\/div>\n\t\t\t\t\t\t\t<div class=\"blog-recent-post-excerpt\">\n\t\t\t\t\t\t\t\t<p>USA SOUTH CENTRAL REGION &#8211; Benchrest\/F-Class Smallbore Silhouette se introdujo en el 2023 TSRA Texas State Smallbore Silhouette Championships celebrado en Bayou Rifles el 11-12 de noviembre de 2023. \u00a1Basado en el \u00e9xito que tuvimos aqu\u00ed en nuestros 2023 TSRA Texas State SB Silhouette Championships, Dustin se ha comprometido a a\u00f1adir esta disciplina a los&hellip; <a class=\"more-link\" href=\"https:\/\/nassasilhouette.org\/es-mx\/benchrest-f-class-smallbore-silhouette-llega-a-texas\/\">Continue reading <span class=\"screen-reader-text\">\u00a1Benchrest\/F-Class Smallbore Silhouette llega a Texas!<\/span><\/a><\/p>\n\t\t\t\t\t\t\t<\/div>\n\t\t\t\t\t\t\t<a class=\"blog-recent-post-cta\" href=\"https:\/\/nassasilhouette.org\/es-mx\/benchrest-f-class-smallbore-silhouette-llega-a-texas\/\">Read More<\/a>\t\n\t\t\t\t\t\t<\/li>\n\n\t\t\t\t  \t\t\t\t  \n\t\t\t\t\t\t\t\t<\/ul>\n\n\t\t\t\t\t\t\t\t<p class=\"blog-recent-more-posts-p\">\n\t\t\t\t\t<a class=\"blog-recent-more-posts-link\" href=\"\/news-multimedia\/silhouette-news\/\">More \"Silhouette News\" Posts<\/a>\n\t\t\t\t<\/p>\n\n\t\t\t\t\n\n\n\n<hr class=\"wp-block-separator has-alpha-channel-opacity\">\n\n\n\n<div style=\"height:50px\" aria-hidden=\"true\" class=\"wp-block-spacer\"><\/div>\n\n\n\n<h2 class=\"wp-block-heading has-text-align-center\"><strong>Silhouette y Industry Newswire<\/strong><\/h2>\n\n\n<div class=\"wp-block-image\">\n<figure class=\"aligncenter size-large\"><img loading=\"lazy\" decoding=\"async\" width=\"1024\" height=\"396\" src=\"https:\/\/nassasilhouette.org\/wp-content\/uploads\/2022\/11\/Silhouette-Industry-Newswire-Banner-1024x396.jpg\" alt=\"\" class=\"wp-image-14975\" srcset=\"https:\/\/nassasilhouette.org\/wp-content\/uploads\/2022\/11\/Silhouette-Industry-Newswire-Banner-1024x396.jpg 1024w, https:\/\/nassasilhouette.org\/wp-content\/uploads\/2022\/11\/Silhouette-Industry-Newswire-Banner-300x116.jpg 300w, https:\/\/nassasilhouette.org\/wp-content\/uploads\/2022\/11\/Silhouette-Industry-Newswire-Banner-768x297.jpg 768w, https:\/\/nassasilhouette.org\/wp-content\/uploads\/2022\/11\/Silhouette-Industry-Newswire-Banner-1536x594.jpg 1536w, https:\/\/nassasilhouette.org\/wp-content\/uploads\/2022\/11\/Silhouette-Industry-Newswire-Banner-2048x792.jpg 2048w, https:\/\/nassasilhouette.org\/wp-content\/uploads\/2022\/11\/Silhouette-Industry-Newswire-Banner-1568x606.jpg 1568w\" sizes=\"auto, (max-width: 1024px) 100vw, 1024px\" \/><\/figure>\n<\/div>\n\n\n<div style=\"height:29px\" aria-hidden=\"true\" class=\"wp-block-spacer\"><\/div>\n\n\n\n<p>La misi\u00f3n de NASSA es conectarte con las noticias actuales de Silhouette y de la industria sobre lo que est\u00e1 pasando en el mundo de Rifle Silhouette. Esto incluir\u00eda publicaciones, v\u00eddeos, podcasts y otros medios de nuestra comunidad Silhouette, noticias del sector de nuestros patrocinadores y proveedores o lo que est\u00e1 ocurriendo en nuestras organizaciones afines.<\/p>\n\n\n\n<p class=\"has-text-align-center has-vivid-cyan-blue-color has-text-color\"><strong>Sea paciente con nosotros mientras construimos nuestra red de colaboradores de noticias. Mientras tanto, haga clic en el siguiente enlace para ver una muestra de lo que le espera en un futuro pr\u00f3ximo.<\/strong><\/p>\n\n\n\n<div class=\"wp-block-buttons is-horizontal is-content-justification-center is-layout-flex wp-container-core-buttons-is-layout-499968f5 wp-block-buttons-is-layout-flex\">\n<div class=\"wp-block-button has-custom-font-size has-extra-small-font-size\"><a class=\"wp-block-button__link has-vivid-cyan-blue-background-color has-background wp-element-button\" href=\"https:\/\/nassasilhouette.org\/news-multimedia\/newswire\/\"><strong>SILUETA E INDUSTRIA NEWSWIRE<\/strong><\/a><\/div>\n<\/div>\n\n\n\n<hr class=\"wp-block-separator has-alpha-channel-opacity\">\n\n\n\n<div style=\"height:10px\" aria-hidden=\"true\" class=\"wp-block-spacer\"><\/div>\n\n\n\n<h2 class=\"wp-block-heading has-text-align-center\"><strong>NASSA Instagram<\/strong><\/h2>\n\n\n<div class=\"wp-block-image\">\n<figure class=\"aligncenter size-large\"><img loading=\"lazy\" decoding=\"async\" width=\"1024\" height=\"496\" src=\"https:\/\/nassasilhouette.org\/wp-content\/uploads\/2022\/12\/NASSA-Instagram-Banner-1-1024x496.jpg\" alt=\"\" class=\"wp-image-16822\" srcset=\"https:\/\/nassasilhouette.org\/wp-content\/uploads\/2022\/12\/NASSA-Instagram-Banner-1-1024x496.jpg 1024w, https:\/\/nassasilhouette.org\/wp-content\/uploads\/2022\/12\/NASSA-Instagram-Banner-1-300x145.jpg 300w, https:\/\/nassasilhouette.org\/wp-content\/uploads\/2022\/12\/NASSA-Instagram-Banner-1-768x372.jpg 768w, https:\/\/nassasilhouette.org\/wp-content\/uploads\/2022\/12\/NASSA-Instagram-Banner-1-1536x744.jpg 1536w, https:\/\/nassasilhouette.org\/wp-content\/uploads\/2022\/12\/NASSA-Instagram-Banner-1-2048x992.jpg 2048w, https:\/\/nassasilhouette.org\/wp-content\/uploads\/2022\/12\/NASSA-Instagram-Banner-1-1568x759.jpg 1568w\" sizes=\"auto, (max-width: 1024px) 100vw, 1024px\" \/><\/figure>\n<\/div>\n\n\n<div style=\"height:10px\" aria-hidden=\"true\" class=\"wp-block-spacer\"><\/div>\n\n\n\n<div style=\"height:30px\" aria-hidden=\"true\" class=\"wp-block-spacer\"><\/div>\n\n\n\n<p>La primera iniciativa de NASSA <strong>Youth Programs<\/strong> fue el lanzamiento de <strong>NASSA Instagram <\/strong>en noviembre de 2022. Esta plataforma multimedia, muy popular entre nuestros j\u00f3venes, permite ahora a los tiradores Junior de Rifle Silueta conectarse entre s\u00ed a trav\u00e9s de nuestras Regiones NASSA en Canad\u00e1, M\u00e9xico y los EE.UU.. Ahora los juniors pueden conectarse y mantenerse en contacto con los amigos que conozcan en campeonatos como el 2022 NRA Silhouette Nationals en Ridgway, PA.<\/p>\n\n\n\n<p><a>Luisiana y el sur de Texas son dos estados con una importante participaci\u00f3n de Junior Rifle Silhouette. Juniors tanto de Luisiana como de Texas viajan de un lado a otro para competir entre s\u00ed durante toda la temporada de partidos de Silhouette. El <strong>Equipo de Implementaci\u00f3n de NASSA<\/strong> se reuni\u00f3 con muchos de estos mismos juniors (y padres) en el Texas State Smallbore Silhouette Championships &nbsp;en noviembre de 2022 para discutir el lanzamiento de la nueva plataforma <strong>NASSA Instagram<\/strong>.<\/a><\/p>\n\n\n\n<p>Como resultado de esta reuni\u00f3n, el <strong>Equipo de Implementaci\u00f3n de NASSA<em> <\/em><\/strong>est\u00e1 trabajando ahora con estos mismos juniors (y padres) para definir su papel en la administraci\u00f3n de <strong>NASSA Instagram<\/strong>. &nbsp;Una vez que este papel y el proceso est\u00e9n mejor definidos, ampliaremos y compartiremos la administraci\u00f3n de <strong>NASSA Instagram <\/strong>con juniors seleccionados en todas las Regiones de NASSA.<\/p>\n\n\n\n<p class=\"has-text-align-center has-text-color\" style=\"color:#2898e8\"><strong>Para conectarte con NASSA Instagram, haz clic en el siguiente enlace<\/strong>:<\/p>\n\n\n\n<div class=\"wp-block-buttons is-layout-flex wp-block-buttons-is-layout-flex\">\n<div class=\"wp-block-button has-custom-font-size aligncenter has-extra-small-font-size\"><a class=\"wp-block-button__link has-background wp-element-button\" href=\"https:\/\/www.instagram.com\/nassasilhouette\/\" style=\"background-color:#2898e8\"><strong>NASSA INSTAGRAM<\/strong><\/a><\/div>\n<\/div>\n\n\n\n<hr class=\"wp-block-separator has-alpha-channel-opacity\">\n\n\n\n<div style=\"height:49px\" aria-hidden=\"true\" class=\"wp-block-spacer\"><\/div>\n\n\n\n<p class=\"has-white-color has-text-color\">Haga clic en el siguiente enlace para obtener m\u00e1s informaci\u00f3n sobre nuestro Canal YouTube NASSA<\/p>\n\n\n\n<p class=\"has-white-color has-text-color\"><strong>Haz clic en el siguiente enlace para obtener m\u00e1s informaci\u00f3n sobre NASSA Instagram y conectarte.<\/strong><\/p>\n","protected":false},"excerpt":{"rendered":"<p>NASSA ha reunido un conglomerado de Noticias y Multimedia para mantener informados a nuestros miembros sobre todas las actividades de NASSA. NASSA Press Releases El Equipo de Implementaci\u00f3n de la NASSA publicar\u00e1 peri\u00f3dicamente comunicados de prensa de la NASSA en los que se destacar\u00e1n los hitos significativos alcanzados en el marco de nuestro Plan Estrat\u00e9gico&hellip; <a class=\"more-link\" href=\"https:\/\/nassasilhouette.org\/es-mx\/benchrest-f-class-smallbore-silhouette-llega-a-texas\/\">Continue reading <span class=\"screen-reader-text\">\u00a1Benchrest\/F-Class Smallbore Silhouette llega a Texas!<\/span><\/a><\/p>\n","protected":false},"author":2,"featured_media":12745,"parent":0,"menu_order":4,"comment_status":"closed","ping_status":"closed","template":"","meta":{"_acf_changed":false,"footnotes":""},"class_list":["post-13851","page","type-page","status-publish","has-post-thumbnail","hentry","entry"],"acf":[],"rttpg_featured_image_url":{"full":["https:\/\/nassasilhouette.org\/wp-content\/uploads\/2021\/11\/Monarch-Cup-Logo-2022.jpg",314,274,false],"landscape":["https:\/\/nassasilhouette.org\/wp-content\/uploads\/2021\/11\/Monarch-Cup-Logo-2022.jpg",314,274,false],"portraits":["https:\/\/nassasilhouette.org\/wp-content\/uploads\/2021\/11\/Monarch-Cup-Logo-2022.jpg",314,274,false],"thumbnail":["https:\/\/nassasilhouette.org\/wp-content\/uploads\/2021\/11\/Monarch-Cup-Logo-2022-150x150.jpg",150,150,true],"medium":["https:\/\/nassasilhouette.org\/wp-content\/uploads\/2021\/11\/Monarch-Cup-Logo-2022-300x262.jpg",300,262,true],"large":["https:\/\/nassasilhouette.org\/wp-content\/uploads\/2021\/11\/Monarch-Cup-Logo-2022.jpg",314,274,false],"1536x1536":["https:\/\/nassasilhouette.org\/wp-content\/uploads\/2021\/11\/Monarch-Cup-Logo-2022.jpg",314,274,false],"2048x2048":["https:\/\/nassasilhouette.org\/wp-content\/uploads\/2021\/11\/Monarch-Cup-Logo-2022.jpg",314,274,false],"post-thumbnail":["https:\/\/nassasilhouette.org\/wp-content\/uploads\/2021\/11\/Monarch-Cup-Logo-2022.jpg",314,274,false],"gform-image-choice-sm":["https:\/\/nassasilhouette.org\/wp-content\/uploads\/2021\/11\/Monarch-Cup-Logo-2022.jpg",300,262,false],"gform-image-choice-md":["https:\/\/nassasilhouette.org\/wp-content\/uploads\/2021\/11\/Monarch-Cup-Logo-2022.jpg",314,274,false],"gform-image-choice-lg":["https:\/\/nassasilhouette.org\/wp-content\/uploads\/2021\/11\/Monarch-Cup-Logo-2022.jpg",314,274,false],"rt_custom":["https:\/\/nassasilhouette.org\/wp-content\/uploads\/2021\/11\/Monarch-Cup-Logo-2022.jpg",314,274,false]},"rttpg_author":{"display_name":"Garin Hatch","author_link":"https:\/\/nassasilhouette.org\/es-mx\/author\/garinhatchgmail-com\/"},"rttpg_comment":0,"rttpg_category":"","rttpg_excerpt":"NASSA ha reunido un conglomerado de Noticias y Multimedia para mantener informados a nuestros miembros sobre todas las actividades de NASSA. NASSA Press Releases El Equipo de Implementaci\u00f3n de la NASSA publicar\u00e1 peri\u00f3dicamente comunicados de prensa de la NASSA en los que se destacar\u00e1n los hitos significativos alcanzados en el marco de nuestro Plan Estrat\u00e9gico&hellip;&hellip;","_links":{"self":[{"href":"https:\/\/nassasilhouette.org\/es-mx\/wp-json\/wp\/v2\/pages\/13851","targetHints":{"allow":["GET"]}}],"collection":[{"href":"https:\/\/nassasilhouette.org\/es-mx\/wp-json\/wp\/v2\/pages"}],"about":[{"href":"https:\/\/nassasilhouette.org\/es-mx\/wp-json\/wp\/v2\/types\/page"}],"author":[{"embeddable":true,"href":"https:\/\/nassasilhouette.org\/es-mx\/wp-json\/wp\/v2\/users\/2"}],"replies":[{"embeddable":true,"href":"https:\/\/nassasilhouette.org\/es-mx\/wp-json\/wp\/v2\/comments?post=13851"}],"version-history":[{"count":4,"href":"https:\/\/nassasilhouette.org\/es-mx\/wp-json\/wp\/v2\/pages\/13851\/revisions"}],"predecessor-version":[{"id":21513,"href":"https:\/\/nassasilhouette.org\/es-mx\/wp-json\/wp\/v2\/pages\/13851\/revisions\/21513"}],"wp:featuredmedia":[{"embeddable":true,"href":"https:\/\/nassasilhouette.org\/es-mx\/wp-json\/wp\/v2\/media\/12745"}],"wp:attachment":[{"href":"https:\/\/nassasilhouette.org\/es-mx\/wp-json\/wp\/v2\/media?parent=13851"}],"curies":[{"name":"wp","href":"https:\/\/api.w.org\/{rel}","templated":true}]}}