{"id":13850,"date":"2021-11-20T17:58:26","date_gmt":"2021-11-20T23:58:26","guid":{"rendered":"https:\/\/shootsilhouette.com\/asociacion-norteamericana-de-tiro-de-silueta\/resultados-del-campeonato\/"},"modified":"2023-01-24T10:12:39","modified_gmt":"2023-01-24T16:12:39","slug":"resultados-del-campeonato","status":"publish","type":"page","link":"https:\/\/nassasilhouette.org\/es-mx\/resultados-del-campeonato\/","title":{"rendered":"RESULTADOS DEL CAMPEONATO"},"content":{"rendered":"<div class=\"wp-block-image\">\n<figure class=\"aligncenter size-large\"><img loading=\"lazy\" decoding=\"async\" width=\"1024\" height=\"540\" src=\"https:\/\/nassasilhouette.org\/wp-content\/uploads\/2022\/12\/Championships-Results-Banner-1024x540.png\" alt=\"\" class=\"wp-image-16069\" srcset=\"https:\/\/nassasilhouette.org\/wp-content\/uploads\/2022\/12\/Championships-Results-Banner-1024x540.png 1024w, https:\/\/nassasilhouette.org\/wp-content\/uploads\/2022\/12\/Championships-Results-Banner-300x158.png 300w, https:\/\/nassasilhouette.org\/wp-content\/uploads\/2022\/12\/Championships-Results-Banner-768x405.png 768w, https:\/\/nassasilhouette.org\/wp-content\/uploads\/2022\/12\/Championships-Results-Banner-1536x810.png 1536w, https:\/\/nassasilhouette.org\/wp-content\/uploads\/2022\/12\/Championships-Results-Banner-2048x1079.png 2048w, https:\/\/nassasilhouette.org\/wp-content\/uploads\/2022\/12\/Championships-Results-Banner-1568x826.png 1568w\" sizes=\"auto, (max-width: 1024px) 100vw, 1024px\" \/><\/figure>\n<\/div>\n\n\n<div style=\"height:30px\" aria-hidden=\"true\" class=\"wp-block-spacer\"><\/div>\n\n\n<div class=\"wp-block-image\">\n<figure class=\"aligncenter size-large\"><img loading=\"lazy\" decoding=\"async\" width=\"1024\" height=\"275\" src=\"https:\/\/nassasilhouette.org\/wp-content\/uploads\/2022\/12\/North-American-Championship-Results-1024x275.jpg\" alt=\"\" class=\"wp-image-16047\" srcset=\"https:\/\/nassasilhouette.org\/wp-content\/uploads\/2022\/12\/North-American-Championship-Results-1024x275.jpg 1024w, https:\/\/nassasilhouette.org\/wp-content\/uploads\/2022\/12\/North-American-Championship-Results-300x81.jpg 300w, https:\/\/nassasilhouette.org\/wp-content\/uploads\/2022\/12\/North-American-Championship-Results-768x206.jpg 768w, https:\/\/nassasilhouette.org\/wp-content\/uploads\/2022\/12\/North-American-Championship-Results-1536x413.jpg 1536w, https:\/\/nassasilhouette.org\/wp-content\/uploads\/2022\/12\/North-American-Championship-Results-2048x550.jpg 2048w, https:\/\/nassasilhouette.org\/wp-content\/uploads\/2022\/12\/North-American-Championship-Results-1568x421.jpg 1568w\" sizes=\"auto, (max-width: 1024px) 100vw, 1024px\" \/><\/figure>\n<\/div>\n\n\n<div style=\"height:10px\" aria-hidden=\"true\" class=\"wp-block-spacer\"><\/div>\n\n\n\n<h2 class=\"has-text-align-center wp-block-heading\"><strong>Copa Lapua Monarch 2022  <\/strong><\/h2>\n\n\n\n<p>Algo muy significativo sucedi\u00f3 en el Mundo de la Silueta en el Campeonato Nacional de Silueta Smallbore M\u00e9xico 2019. Un peque\u00f1o grupo de los mejores Tiradores de Silueta de M\u00e9xico, Canad\u00e1 y Estados Unidos se reunieron durante este Campeonato y acordaron promover una Serie de Campeonatos Norteamericanos de Silueta Smallbore. Pronto comenz\u00f3 el trabajo con el Capstone Precision Group y Lapua acordando ser el patrocinador principal de esta reci\u00e9n creada Lapua Monarch Cup (LMC).  <\/p>\n\n\n\n<p>La Copa Lapua Monarca 2022 se llev\u00f3 a cabo con \u00e9xito despu\u00e9s de dos a\u00f1os de retraso por la Epidemia de Covid y el sue\u00f1o que naci\u00f3 en 2019 en Saltillo \u00a1es ahora una exitosa realidad! Enhorabuena a Dustin Flint (Baton Rouge, LA), que se ha proclamado campe\u00f3n de la Copa Lapua Monarch 2022.  <\/p>\n\n\n\n<p class=\"has-text-align-center has-vivid-cyan-blue-color has-text-color\"><strong>Para acceder al sitio web de la Lapua Monarch Cup y consultar los resultados globales, haga clic en el siguiente enlace:<\/strong><\/p>\n\n\n\n<div class=\"wp-block-buttons is-content-justification-center is-layout-flex wp-container-core-buttons-is-layout-16018d1d wp-block-buttons-is-layout-flex\">\n<div class=\"wp-block-button has-custom-font-size has-extra-small-font-size\"><a class=\"wp-block-button__link has-vivid-cyan-blue-background-color has-background wp-element-button\" href=\"https:\/\/nassasilhouette.org\/es-mx\/copa-lapua-monarch\/resultados-de-la-copa-monarca-2022\/\"><strong>RESULTADOS GLOBALES DE LA LMC 2022<\/strong><\/a><\/div>\n<\/div>\n\n\n\n<p> <\/p>\n\n\n\n<hr class=\"wp-block-separator has-alpha-channel-opacity\">\n\n\n<div class=\"wp-block-image\">\n<figure class=\"aligncenter size-large\"><img loading=\"lazy\" decoding=\"async\" width=\"1024\" height=\"184\" src=\"https:\/\/nassasilhouette.org\/wp-content\/uploads\/2022\/12\/Canada-Championship-Results-Banner-1024x184.png\" alt=\"\" class=\"wp-image-16050\" srcset=\"https:\/\/nassasilhouette.org\/wp-content\/uploads\/2022\/12\/Canada-Championship-Results-Banner-1024x184.png 1024w, https:\/\/nassasilhouette.org\/wp-content\/uploads\/2022\/12\/Canada-Championship-Results-Banner-300x54.png 300w, https:\/\/nassasilhouette.org\/wp-content\/uploads\/2022\/12\/Canada-Championship-Results-Banner-768x138.png 768w, https:\/\/nassasilhouette.org\/wp-content\/uploads\/2022\/12\/Canada-Championship-Results-Banner-1536x277.png 1536w, https:\/\/nassasilhouette.org\/wp-content\/uploads\/2022\/12\/Canada-Championship-Results-Banner-2048x369.png 2048w, https:\/\/nassasilhouette.org\/wp-content\/uploads\/2022\/12\/Canada-Championship-Results-Banner-1568x282.png 1568w\" sizes=\"auto, (max-width: 1024px) 100vw, 1024px\" \/><\/figure>\n<\/div>\n\n\n<div style=\"height:10px\" aria-hidden=\"true\" class=\"wp-block-spacer\"><\/div>\n\n\n\n<p>Los resultados de los campeonatos de Canad\u00e1 a los que se puede acceder en el siguiente enlace est\u00e1n ordenados por tipo de campeonato: Campeonatos Nacionales, Campeonatos Provisionales y Campeonatos Especiales, tal y como se definen a continuaci\u00f3n. Los partidos de campeonato de cada una de estas categor\u00edas se clasifican adem\u00e1s por provincias.  <\/p>\n\n\n\n<div class=\"wp-block-media-text alignwide is-stacked-on-mobile\" style=\"grid-template-columns:15% auto\"><figure class=\"wp-block-media-text__media\"><img loading=\"lazy\" decoding=\"async\" width=\"1024\" height=\"756\" src=\"https:\/\/nassasilhouette.org\/wp-content\/uploads\/2021\/12\/SRAC-Logo-1024x756.png\" alt=\"\" class=\"wp-image-7143 size-full\" srcset=\"https:\/\/nassasilhouette.org\/wp-content\/uploads\/2021\/12\/SRAC-Logo-1024x756.png 1024w, https:\/\/nassasilhouette.org\/wp-content\/uploads\/2021\/12\/SRAC-Logo-300x221.png 300w, https:\/\/nassasilhouette.org\/wp-content\/uploads\/2021\/12\/SRAC-Logo-768x567.png 768w, https:\/\/nassasilhouette.org\/wp-content\/uploads\/2021\/12\/SRAC-Logo-1536x1134.png 1536w, https:\/\/nassasilhouette.org\/wp-content\/uploads\/2021\/12\/SRAC-Logo-2048x1512.png 2048w\" sizes=\"auto, (max-width: 1024px) 100vw, 1024px\" \/><\/figure><div class=\"wp-block-media-text__content\">\n<p><meta charset=\"utf-8\"><strong>Campeonatos Nacionales &#8211;<\/strong> Los Campeonatos Nacionales Canadienses de Silueta tanto para Alta Potencia como para Smallbore se han celebrado en lugares como el Bull River Shooters Association Club debido a su capacidad log\u00edstica para celebrar estos encuentros. National Championships are not conducted in the Air Rifle and Lever Action disciplines.<\/p>\n\n\n\n<p><meta charset=\"utf-8\"><strong>Provincial Championships &#8211;<\/strong> Provincial Championship Matches are conducted annually by some Provinces throughout Canada, although many Provinces currently do not have the gun clubs, shooter attendance and\/or logistics to conduct such championships.<\/p>\n\n\n\n<p><meta charset=\"utf-8\"><strong>Campeonatos Especiales &#8211;<\/strong> Partidos sancionados pueden ser patrocinados a trav\u00e9s del SRAC y Afiliados por clubes de armas de Silhouette que no encajan en las categor\u00edas anteriores.  <\/p>\n<\/div><\/div>\n\n\n\n<p class=\"has-text-align-center has-vivid-cyan-blue-color has-text-color\"><strong>Haga clic en el siguiente enlace para ver los resultados de los campeonatos de Canad\u00e1 de 2022 y 2023:  <\/strong><\/p>\n\n\n\n<div class=\"wp-block-buttons is-horizontal is-content-justification-center is-layout-flex wp-container-core-buttons-is-layout-499968f5 wp-block-buttons-is-layout-flex\">\n<div class=\"wp-block-button has-custom-font-size has-extra-small-font-size\"><a class=\"wp-block-button__link has-vivid-cyan-blue-background-color has-background wp-element-button\" href=\"https:\/\/nassasilhouette.org\/shoot-silhouette\/championship-results\/canada-championship-results\/\">RESULTADOS DE <strong>LOS CAMPEONATOS DE CANAD\u00c1<\/strong>DE 2022 Y <strong>2023<\/strong><\/a><\/div>\n<\/div>\n\n\n\n<hr class=\"wp-block-separator has-alpha-channel-opacity\">\n\n\n\n<div style=\"height:50px\" aria-hidden=\"true\" class=\"wp-block-spacer\"><\/div>\n\n\n<div class=\"wp-block-image\">\n<figure class=\"aligncenter size-large\"><img loading=\"lazy\" decoding=\"async\" width=\"1024\" height=\"184\" src=\"https:\/\/nassasilhouette.org\/wp-content\/uploads\/2022\/12\/Mexico-Championship-Results-Banner-1024x184.png\" alt=\"\" class=\"wp-image-16055\" srcset=\"https:\/\/nassasilhouette.org\/wp-content\/uploads\/2022\/12\/Mexico-Championship-Results-Banner-1024x184.png 1024w, https:\/\/nassasilhouette.org\/wp-content\/uploads\/2022\/12\/Mexico-Championship-Results-Banner-300x54.png 300w, https:\/\/nassasilhouette.org\/wp-content\/uploads\/2022\/12\/Mexico-Championship-Results-Banner-768x138.png 768w, https:\/\/nassasilhouette.org\/wp-content\/uploads\/2022\/12\/Mexico-Championship-Results-Banner-1536x277.png 1536w, https:\/\/nassasilhouette.org\/wp-content\/uploads\/2022\/12\/Mexico-Championship-Results-Banner-2048x369.png 2048w, https:\/\/nassasilhouette.org\/wp-content\/uploads\/2022\/12\/Mexico-Championship-Results-Banner-1568x282.png 1568w\" sizes=\"auto, (max-width: 1024px) 100vw, 1024px\" \/><\/figure>\n<\/div>\n\n\n<div style=\"height:10px\" aria-hidden=\"true\" class=\"wp-block-spacer\"><\/div>\n\n\n\n<p>Los resultados de los Campeonatos de M\u00e9xico a los que se puede acceder en el siguiente enlace est\u00e1n ordenados por tipo de Campeonato: Campeonatos Nacionales, Campeonatos Estatales y Campeonatos Especiales sancionados por la FEMETI como se define a continuaci\u00f3n. Los partidos de campeonato de cada una de estas categor\u00edas se clasifican adem\u00e1s por Estado.<\/p>\n\n\n\n<div class=\"wp-block-media-text alignwide is-stacked-on-mobile\" style=\"grid-template-columns:15% auto\"><figure class=\"wp-block-media-text__media\"><img loading=\"lazy\" decoding=\"async\" width=\"905\" height=\"1024\" src=\"https:\/\/nassasilhouette.org\/wp-content\/uploads\/2021\/12\/FEMETI-LOGO-905x1024.png\" alt=\"\" class=\"wp-image-7146 size-full\" srcset=\"https:\/\/nassasilhouette.org\/wp-content\/uploads\/2021\/12\/FEMETI-LOGO-905x1024.png 905w, https:\/\/nassasilhouette.org\/wp-content\/uploads\/2021\/12\/FEMETI-LOGO-265x300.png 265w, https:\/\/nassasilhouette.org\/wp-content\/uploads\/2021\/12\/FEMETI-LOGO-768x869.png 768w, https:\/\/nassasilhouette.org\/wp-content\/uploads\/2021\/12\/FEMETI-LOGO-1358x1536.png 1358w, https:\/\/nassasilhouette.org\/wp-content\/uploads\/2021\/12\/FEMETI-LOGO-1810x2048.png 1810w\" sizes=\"auto, (max-width: 905px) 100vw, 905px\" \/><\/figure><div class=\"wp-block-media-text__content\">\n<p><strong>Campeonatos Nacionales &#8211;<\/strong> Actualmente en M\u00e9xico, se llevan a cabo Campeonatos Nacionales en las disciplinas de Smallbore y Highpower Rifle Silhouette. La competencia entre los clubes de Rifle Silueta en cada uno de los Estados de M\u00e9xico es feroz, y el club ganador tiene el privilegio de ser el anfitri\u00f3n de los Campeonatos Nacionales de M\u00e9xico del a\u00f1o siguiente.<\/p>\n\n\n\n<p><strong>Campeonatos Estatales &#8211;<\/strong> Los Campeonatos Estatales Mexicanos se llevan a cabo en muchos estados de M\u00e9xico.  <\/p>\n\n\n\n<p><strong>Campeonatos sancionados por la FEMETI &#8211;<\/strong> Se llevan a cabo Campeonatos de Rifle Silueta que no encajan en las categor\u00edas anteriores. Un ejemplo es la 2da. etapa de la Copa Lapua Monarca 2022 realizada en Saltillo, Coahuila. Estas competiciones cuentan con una gran participaci\u00f3n de los mejores tiradores y tienen una merecida tradici\u00f3n como campeonatos por derecho propio.  <\/p>\n<\/div><\/div>\n\n\n\n<p class=\"has-text-align-center has-vivid-cyan-blue-color has-text-color\"><strong>Haga clic en el siguiente enlace para ver los resultados del Campeonato de M\u00e9xico 2023:<\/strong><\/p>\n\n\n\n<div class=\"wp-block-buttons is-horizontal is-content-justification-center is-layout-flex wp-container-core-buttons-is-layout-499968f5 wp-block-buttons-is-layout-flex\">\n<div class=\"wp-block-button has-custom-font-size has-extra-small-font-size\"><a class=\"wp-block-button__link has-vivid-cyan-blue-background-color has-background wp-element-button\" href=\"http:\/\/nassasilhouette.org\/mexico-championship-results\">RESULTADOS DEL <strong>CAMPEONATO DE M\u00c9XICO<\/strong> 2023<\/a><\/div>\n<\/div>\n\n\n\n<hr class=\"wp-block-separator has-alpha-channel-opacity\">\n\n\n\n<div style=\"height:50px\" aria-hidden=\"true\" class=\"wp-block-spacer\"><\/div>\n\n\n<div class=\"wp-block-image\">\n<figure class=\"aligncenter size-large\"><img loading=\"lazy\" decoding=\"async\" width=\"1024\" height=\"188\" src=\"https:\/\/nassasilhouette.org\/wp-content\/uploads\/2022\/12\/USA-Championship-Results-Banner-1024x188.png\" alt=\"\" class=\"wp-image-16058\" srcset=\"https:\/\/nassasilhouette.org\/wp-content\/uploads\/2022\/12\/USA-Championship-Results-Banner-1024x188.png 1024w, https:\/\/nassasilhouette.org\/wp-content\/uploads\/2022\/12\/USA-Championship-Results-Banner-300x55.png 300w, https:\/\/nassasilhouette.org\/wp-content\/uploads\/2022\/12\/USA-Championship-Results-Banner-768x141.png 768w, https:\/\/nassasilhouette.org\/wp-content\/uploads\/2022\/12\/USA-Championship-Results-Banner-1536x282.png 1536w, https:\/\/nassasilhouette.org\/wp-content\/uploads\/2022\/12\/USA-Championship-Results-Banner-2048x376.png 2048w, https:\/\/nassasilhouette.org\/wp-content\/uploads\/2022\/12\/USA-Championship-Results-Banner-1568x288.png 1568w\" sizes=\"auto, (max-width: 1024px) 100vw, 1024px\" \/><\/figure>\n<\/div>\n\n\n<div style=\"height:10px\" aria-hidden=\"true\" class=\"wp-block-spacer\"><\/div>\n\n\n\n<p>Los resultados de los campeonatos de EE.UU. a los que se puede acceder en el siguiente enlace est\u00e1n ordenados por tipo de competici\u00f3n: Campeonatos Nacionales, Campeonatos Regionales, Campeonatos Estatales y Campeonatos Registrados, tal y como se definen a continuaci\u00f3n. Los partidos de campeonato de cada una de estas categor\u00edas se clasifican adem\u00e1s por regiones.  <\/p>\n\n\n\n<div class=\"wp-block-media-text alignwide is-stacked-on-mobile\" style=\"grid-template-columns:15% auto\"><figure class=\"wp-block-media-text__media\"><img loading=\"lazy\" decoding=\"async\" width=\"1024\" height=\"1001\" src=\"https:\/\/nassasilhouette.org\/wp-content\/uploads\/2021\/12\/National_Rifle_Association_official_logo.svg-1024x1001.png\" alt=\"\" class=\"wp-image-7145 size-full\" srcset=\"https:\/\/nassasilhouette.org\/wp-content\/uploads\/2021\/12\/National_Rifle_Association_official_logo.svg-1024x1001.png 1024w, https:\/\/nassasilhouette.org\/wp-content\/uploads\/2021\/12\/National_Rifle_Association_official_logo.svg-300x293.png 300w, https:\/\/nassasilhouette.org\/wp-content\/uploads\/2021\/12\/National_Rifle_Association_official_logo.svg-768x750.png 768w, https:\/\/nassasilhouette.org\/wp-content\/uploads\/2021\/12\/National_Rifle_Association_official_logo.svg-1536x1501.png 1536w, https:\/\/nassasilhouette.org\/wp-content\/uploads\/2021\/12\/National_Rifle_Association_official_logo.svg.png 1920w\" sizes=\"auto, (max-width: 1024px) 100vw, 1024px\" \/><\/figure><div class=\"wp-block-media-text__content\">\n<p><strong>Campeonatos Nacionales &#8211;<\/strong> En la actualidad, en EE.UU. se celebran Campeonatos Nacionales en las disciplinas de Acci\u00f3n de Palanca, Smallbore y Silueta de Fusil de Gran Potencia. No se han celebrado Campeonatos Nacionales de Silueta de Rifle de Aire desde 2017.<\/p>\n\n\n\n<p><strong>Campeonatos Regionales &#8211; <\/strong>Los Partidos Regionales se celebran en todo EE.UU. sin fronteras regionales espec\u00edficas y definidas. Los directores de partidos de clubes de tiro de silueta pueden solicitar a la NRA permiso para registrar un partido regional a su propia discreci\u00f3n.<\/p>\n\n\n\n<p><strong>Campeonatos estatales &#8211;<\/strong> Muchos estados de EE.UU. organizan campeonatos estatales, aunque muchos de ellos carecen de clubes de tiro o de la log\u00edstica necesaria para organizarlos.<\/p>\n\n\n\n<p><strong>Campeonatos Registrados &#8211;<\/strong> Los Campeonatos de Rifle Silueta Registrados por la NRA se llevan a cabo regularmente y no encajan en las categor\u00edas anteriores, como la Copa Conard Bernhart, Montana Iron Man, Lapua Super Shoot y el Shamrock Silhouette Shoot-Out. Estas competiciones cuentan con una gran participaci\u00f3n de los mejores tiradores y tienen una merecida tradici\u00f3n como campeonatos por derecho propio.  <\/p>\n<\/div><\/div>\n\n\n\n<p class=\"has-text-align-center has-vivid-cyan-blue-color has-text-color\"><strong>Haga clic en el siguiente enlace para ver los resultados de los campeonatos de EE.UU. de 2022 y 2023:<\/strong><\/p>\n\n\n\n<div class=\"wp-block-buttons is-horizontal is-content-justification-center is-layout-flex wp-container-core-buttons-is-layout-499968f5 wp-block-buttons-is-layout-flex\">\n<div class=\"wp-block-button has-custom-font-size has-extra-small-font-size\"><a class=\"wp-block-button__link has-vivid-cyan-blue-background-color has-background wp-element-button\" href=\"https:\/\/nassasilhouette.org\/shoot-silhouette\/championship-results\/usa-championship-results\/\">RESULTADOS DE <strong>LOS CAMPEONATOS DE EE.UU.<\/strong> DE 2022 Y 2023<\/a><\/div>\n<\/div>\n\n\n\n<hr class=\"wp-block-separator has-alpha-channel-opacity\">\n\n\n\n<div style=\"height:50px\" aria-hidden=\"true\" class=\"wp-block-spacer\"><\/div>\n\n\n\n<h2 class=\"has-text-align-center wp-block-heading\"><strong>Archivo de resultados del Campeonato<\/strong><\/h2>\n\n\n\n<p><strong>Todos los archivos de resultados de los campeonatos de Canad\u00e1, M\u00e9xico y Estados Unidos se archivar\u00e1n a partir de 2022.  <\/strong>Esto continuar\u00e1 para los a\u00f1os siguientes (2023, 2024, 2025, etc.) en nuestras bases de datos para su referencia.  <\/p>\n\n\n\n<p class=\"has-text-align-center has-vivid-cyan-blue-color has-text-color\"><strong>Para ver los archivos, haga clic en el enlace de los archivos de resultados de los campeonatos que aparece a continuaci\u00f3n:  <\/strong><\/p>\n\n\n\n<div class=\"wp-block-buttons is-horizontal is-content-justification-center is-layout-flex wp-container-core-buttons-is-layout-499968f5 wp-block-buttons-is-layout-flex\">\n<div class=\"wp-block-button has-custom-font-size has-extra-small-font-size\"><a class=\"wp-block-button__link has-vivid-cyan-blue-background-color has-background wp-element-button\" href=\"https:\/\/nassasilhouette.org\/shoot-silhouette\/championship-results\/championship-results-archive\/\"><strong>ARCHIVOS DE RESULTADOS DEL CAMPEONATO<\/strong><\/a><\/div>\n<\/div>\n\n\n\n<hr class=\"wp-block-separator has-alpha-channel-opacity\">\n\n\n\n<div style=\"height:49px\" aria-hidden=\"true\" class=\"wp-block-spacer\"><\/div>\n\n\n\n<h2 class=\"has-text-align-center wp-block-heading\"><strong>Championship Results Database<\/strong><\/h2>\n\n\n<div class=\"wp-block-image\">\n<figure class=\"aligncenter size-large\"><img loading=\"lazy\" decoding=\"async\" width=\"1024\" height=\"411\" src=\"https:\/\/nassasilhouette.org\/wp-content\/uploads\/2022\/01\/Championship-Results-Database-Banner-1024x411.png\" alt=\"\" class=\"wp-image-9873\" srcset=\"https:\/\/nassasilhouette.org\/wp-content\/uploads\/2022\/01\/Championship-Results-Database-Banner-1024x411.png 1024w, https:\/\/nassasilhouette.org\/wp-content\/uploads\/2022\/01\/Championship-Results-Database-Banner-300x120.png 300w, https:\/\/nassasilhouette.org\/wp-content\/uploads\/2022\/01\/Championship-Results-Database-Banner-768x308.png 768w, https:\/\/nassasilhouette.org\/wp-content\/uploads\/2022\/01\/Championship-Results-Database-Banner-1536x616.png 1536w, https:\/\/nassasilhouette.org\/wp-content\/uploads\/2022\/01\/Championship-Results-Database-Banner-2048x822.png 2048w\" sizes=\"auto, (max-width: 1024px) 100vw, 1024px\" \/><\/figure>\n<\/div>\n\n\n<div style=\"height:10px\" aria-hidden=\"true\" class=\"wp-block-spacer\"><\/div>\n\n\n\n<p>En un futuro pr\u00f3ximo, prevalecer\u00e1n los deportes de tiro que aprovechen la vanguardia de la tecnolog\u00eda digital. Ya lo estamos viendo con la utilizaci\u00f3n de aplicaciones en l\u00ednea y bases de datos asociadas para aumentar el atractivo de determinadas disciplinas de tiro. \u00a1Ya sabes qui\u00e9nes son!<\/p>\n\n\n\n<p>Dado que uno de los principales prop\u00f3sitos de NASSA es hacer crecer nuestro Deporte de Silueta con Rifle, no tenemos intenci\u00f3n de quedarnos al margen. Por lo tanto, una de las iniciativas estrat\u00e9gicas de la fase V de la NASSA es desarrollar nuestro propio software de vanguardia basado en aplicaciones, que incluir\u00e1 una base de datos de los resultados de los campeonatos de siluetas para el an\u00e1lisis del rendimiento.  <\/p>\n\n\n\n<p class=\"has-text-align-center has-vivid-cyan-blue-color has-text-color\"><strong>Haga clic en el siguiente enlace para obtener m\u00e1s informaci\u00f3n y mantenerse al d\u00eda sobre nuestro proyecto de base de datos de resultados NASSA.<\/strong><\/p>\n\n\n\n<div class=\"wp-block-buttons is-horizontal is-content-justification-center is-layout-flex wp-container-core-buttons-is-layout-499968f5 wp-block-buttons-is-layout-flex\">\n<div class=\"wp-block-button has-custom-font-size has-extra-small-font-size\"><a class=\"wp-block-button__link has-vivid-cyan-blue-background-color has-background wp-element-button\" href=\"http:\/\/nassasilhouette.org\/championship-results-database\"><strong>BASE DE DATOS DE RESULTADOS DEL CAMPEONATO<\/strong><\/a><\/div>\n<\/div>\n\n\n\n<hr class=\"wp-block-separator has-alpha-channel-opacity\">\n","protected":false},"excerpt":{"rendered":"<p>Copa Lapua Monarch 2022 Algo muy significativo sucedi\u00f3 en el Mundo de la Silueta en el Campeonato Nacional de Silueta Smallbore M\u00e9xico 2019. Un peque\u00f1o grupo de los mejores Tiradores de Silueta de M\u00e9xico, Canad\u00e1 y Estados Unidos se reunieron durante este Campeonato y acordaron promover una Serie de Campeonatos Norteamericanos de Silueta Smallbore. Pronto&hellip; <a class=\"more-link\" href=\"https:\/\/nassasilhouette.org\/es-mx\/resultados-del-campeonato\/\">Continue reading <span class=\"screen-reader-text\">RESULTADOS DEL CAMPEONATO<\/span><\/a><\/p>\n","protected":false},"author":4,"featured_media":13581,"parent":0,"menu_order":2,"comment_status":"closed","ping_status":"closed","template":"","meta":{"_acf_changed":false,"footnotes":""},"class_list":["post-13850","page","type-page","status-publish","has-post-thumbnail","hentry","entry"],"acf":[],"rttpg_featured_image_url":{"full":["https:\/\/nassasilhouette.org\/wp-content\/uploads\/2022\/03\/Trophy-Feature-Image-3.png",2094,2099,false],"landscape":["https:\/\/nassasilhouette.org\/wp-content\/uploads\/2022\/03\/Trophy-Feature-Image-3.png",2094,2099,false],"portraits":["https:\/\/nassasilhouette.org\/wp-content\/uploads\/2022\/03\/Trophy-Feature-Image-3.png",2094,2099,false],"thumbnail":["https:\/\/nassasilhouette.org\/wp-content\/uploads\/2022\/03\/Trophy-Feature-Image-3-150x150.png",150,150,true],"medium":["https:\/\/nassasilhouette.org\/wp-content\/uploads\/2022\/03\/Trophy-Feature-Image-3-300x300.png",300,300,true],"large":["https:\/\/nassasilhouette.org\/wp-content\/uploads\/2022\/03\/Trophy-Feature-Image-3-1022x1024.png",750,751,true],"1536x1536":["https:\/\/nassasilhouette.org\/wp-content\/uploads\/2022\/03\/Trophy-Feature-Image-3-1532x1536.png",1532,1536,true],"2048x2048":["https:\/\/nassasilhouette.org\/wp-content\/uploads\/2022\/03\/Trophy-Feature-Image-3-2043x2048.png",2043,2048,true],"post-thumbnail":["https:\/\/nassasilhouette.org\/wp-content\/uploads\/2022\/03\/Trophy-Feature-Image-3.png",1568,1572,false],"gform-image-choice-sm":["https:\/\/nassasilhouette.org\/wp-content\/uploads\/2022\/03\/Trophy-Feature-Image-3.png",300,300,false],"gform-image-choice-md":["https:\/\/nassasilhouette.org\/wp-content\/uploads\/2022\/03\/Trophy-Feature-Image-3.png",400,400,false],"gform-image-choice-lg":["https:\/\/nassasilhouette.org\/wp-content\/uploads\/2022\/03\/Trophy-Feature-Image-3.png",600,600,false],"rt_custom":["https:\/\/nassasilhouette.org\/wp-content\/uploads\/2022\/03\/Trophy-Feature-Image-3.png",2094,2099,false]},"rttpg_author":{"display_name":"Chris Cawthorne","author_link":"https:\/\/nassasilhouette.org\/es-mx\/author\/cecawthorneyahoo-com\/"},"rttpg_comment":0,"rttpg_category":" <a href=\"https:\/\/nassasilhouette.org\/es-mx\/?taxonomy=translation_priority&#038;term=optional-es-mx\" rel=\"tag\">Optional<\/a>","rttpg_excerpt":"Copa Lapua Monarch 2022 Algo muy significativo sucedi\u00f3 en el Mundo de la Silueta en el Campeonato Nacional de Silueta Smallbore M\u00e9xico 2019. Un peque\u00f1o grupo de los mejores Tiradores de Silueta de M\u00e9xico, Canad\u00e1 y Estados Unidos se reunieron durante este Campeonato y acordaron promover una Serie de Campeonatos Norteamericanos de Silueta Smallbore. Pronto&hellip;&hellip;","_links":{"self":[{"href":"https:\/\/nassasilhouette.org\/es-mx\/wp-json\/wp\/v2\/pages\/13850","targetHints":{"allow":["GET"]}}],"collection":[{"href":"https:\/\/nassasilhouette.org\/es-mx\/wp-json\/wp\/v2\/pages"}],"about":[{"href":"https:\/\/nassasilhouette.org\/es-mx\/wp-json\/wp\/v2\/types\/page"}],"author":[{"embeddable":true,"href":"https:\/\/nassasilhouette.org\/es-mx\/wp-json\/wp\/v2\/users\/4"}],"replies":[{"embeddable":true,"href":"https:\/\/nassasilhouette.org\/es-mx\/wp-json\/wp\/v2\/comments?post=13850"}],"version-history":[{"count":4,"href":"https:\/\/nassasilhouette.org\/es-mx\/wp-json\/wp\/v2\/pages\/13850\/revisions"}],"predecessor-version":[{"id":19565,"href":"https:\/\/nassasilhouette.org\/es-mx\/wp-json\/wp\/v2\/pages\/13850\/revisions\/19565"}],"wp:featuredmedia":[{"embeddable":true,"href":"https:\/\/nassasilhouette.org\/es-mx\/wp-json\/wp\/v2\/media\/13581"}],"wp:attachment":[{"href":"https:\/\/nassasilhouette.org\/es-mx\/wp-json\/wp\/v2\/media?parent=13850"}],"curies":[{"name":"wp","href":"https:\/\/api.w.org\/{rel}","templated":true}]}}