{"id":13770,"date":"2021-10-13T18:32:26","date_gmt":"2021-10-13T23:32:26","guid":{"rendered":"https:\/\/shootsilhouette.com\/asociacion-norteamericana-de-tiro-de-silueta\/"},"modified":"2024-08-08T12:50:43","modified_gmt":"2024-08-08T17:50:43","slug":"shoot-silhouette","status":"publish","type":"page","link":"https:\/\/nassasilhouette.org\/es-mx\/","title":{"rendered":"ASOCIACI\u00d3N NORTEAMERICANA DE TIRO DE SILUETA"},"content":{"rendered":"\n<div class=\"alignnormal\"><div id=\"metaslider-id-13772\" style=\"width: 100%;\" class=\"ml-slider-3-107-0 metaslider metaslider-flex metaslider-13772 ml-slider has-dots-nav ms-theme-default\" role=\"region\" aria-label=\"Home Ribbon\" data-height=\"520\" data-width=\"1220\">\n    <div id=\"metaslider_container_13772\">\n        <div id=\"metaslider_13772\">\n            <ul class='slides'>\n                <li style=\"display: block; width: 100%;\" class=\"slide-17803 ms-image \" aria-roledescription=\"slide\" data-date=\"2023-01-02 19:57:10\" data-filename=\"Homepage-Slider-Ridgway-scaled-1220x520.jpg\" data-slide-type=\"image\"><img loading=\"lazy\" decoding=\"async\" src=\"https:\/\/nassasilhouette.org\/wp-content\/uploads\/2023\/01\/Homepage-Slider-Ridgway-scaled-1220x520.jpg\" height=\"520\" width=\"1220\" alt=\"\" class=\"slider-13772 slide-17803 msDefaultImage\" title=\"Homepage Slider Ridgway\" \/><\/li>\n                <li style=\"display: none; width: 100%;\" class=\"slide-17806 ms-image \" aria-roledescription=\"slide\" data-date=\"2023-01-02 19:58:37\" data-filename=\"Homepage-Slider-Saltillo-scaled-1220x520.jpg\" data-slide-type=\"image\"><img loading=\"lazy\" decoding=\"async\" src=\"https:\/\/nassasilhouette.org\/wp-content\/uploads\/2023\/01\/Homepage-Slider-Saltillo-scaled-1220x520.jpg\" height=\"520\" width=\"1220\" alt=\"\" class=\"slider-13772 slide-17806 msDefaultImage\" title=\"Homepage Slider Saltillo\" \/><\/li>\n                <li style=\"display: none; width: 100%;\" class=\"slide-17809 ms-image \" aria-roledescription=\"slide\" data-date=\"2023-01-02 19:59:24\" data-filename=\"Homepage-Slider-Bull-River-scaled-1220x520.jpg\" data-slide-type=\"image\"><img loading=\"lazy\" decoding=\"async\" src=\"https:\/\/nassasilhouette.org\/wp-content\/uploads\/2023\/01\/Homepage-Slider-Bull-River-scaled-1220x520.jpg\" height=\"520\" width=\"1220\" alt=\"\" class=\"slider-13772 slide-17809 msDefaultImage\" title=\"Homepage Slider Bull River\" \/><\/li>\n                <li style=\"display: none; width: 100%;\" class=\"slide-13887 ms-image \" aria-roledescription=\"slide\" data-date=\"2022-07-11 12:36:42\" data-filename=\"About-Us-Slider-scaled-1220x520.jpg\" data-slide-type=\"image\"><img loading=\"lazy\" decoding=\"async\" src=\"https:\/\/nassasilhouette.org\/wp-content\/uploads\/2022\/07\/About-Us-Slider-scaled-1220x520.jpg\" height=\"520\" width=\"1220\" alt=\"\" class=\"slider-13772 slide-13887 msDefaultImage\" title=\"About Us Slider\" \/><\/li>\n                <li style=\"display: none; width: 100%;\" class=\"slide-14170 ms-image \" aria-roledescription=\"slide\" data-date=\"2022-08-21 14:59:41\" data-filename=\"Upcoming-Championships-Results-Slider-scaled-1220x520.jpg\" data-slide-type=\"image\"><img loading=\"lazy\" decoding=\"async\" src=\"https:\/\/nassasilhouette.org\/wp-content\/uploads\/2022\/08\/Upcoming-Championships-Results-Slider-scaled-1220x520.jpg\" height=\"520\" width=\"1220\" alt=\"\" class=\"slider-13772 slide-14170 msDefaultImage\" title=\"Upcoming Championships &amp; Results Slider\" \/><\/li>\n                <li style=\"display: none; width: 100%;\" class=\"slide-14214 ms-image \" aria-roledescription=\"slide\" data-date=\"2022-09-05 21:59:28\" data-filename=\"News-Multi-Media-Final-Slider-scaled-1220x520.jpg\" data-slide-type=\"image\"><img loading=\"lazy\" decoding=\"async\" src=\"https:\/\/nassasilhouette.org\/wp-content\/uploads\/2022\/09\/News-Multi-Media-Final-Slider-scaled-1220x520.jpg\" height=\"520\" width=\"1220\" alt=\"\" class=\"slider-13772 slide-14214 msDefaultImage\" title=\"News &amp; Multi-Media Final Slider\" \/><\/li>\n                <li style=\"display: none; width: 100%;\" class=\"slide-13893 ms-image \" aria-roledescription=\"slide\" data-date=\"2022-07-11 13:03:08\" data-filename=\"NASSA-Region-Slider-scaled-1220x520.jpg\" data-slide-type=\"image\"><img loading=\"lazy\" decoding=\"async\" src=\"https:\/\/nassasilhouette.org\/wp-content\/uploads\/2022\/07\/NASSA-Region-Slider-scaled-1220x520.jpg\" height=\"520\" width=\"1220\" alt=\"\" class=\"slider-13772 slide-13893 msDefaultImage\" title=\"NASSA Region Slider\" \/><\/li>\n                <li style=\"display: none; width: 100%;\" class=\"slide-13899 ms-image \" aria-roledescription=\"slide\" data-date=\"2022-07-11 13:11:55\" data-filename=\"Wigger-Library-Slider-scaled-1220x520.jpg\" data-slide-type=\"image\"><img loading=\"lazy\" decoding=\"async\" src=\"https:\/\/nassasilhouette.org\/wp-content\/uploads\/2022\/07\/Wigger-Library-Slider-scaled-1220x520.jpg\" height=\"520\" width=\"1220\" alt=\"\" class=\"slider-13772 slide-13899 msDefaultImage\" title=\"Wigger Library Slider\" \/><\/li>\n                <li style=\"display: none; width: 100%;\" class=\"slide-14209 ms-image \" aria-roledescription=\"slide\" data-date=\"2022-09-05 16:55:28\" data-filename=\"Ram-Slider-scaled-1220x520.jpg\" data-slide-type=\"image\"><img loading=\"lazy\" decoding=\"async\" src=\"https:\/\/nassasilhouette.org\/wp-content\/uploads\/2022\/09\/Ram-Slider-scaled-1220x520.jpg\" height=\"520\" width=\"1220\" alt=\"\" class=\"slider-13772 slide-14209 msDefaultImage\" title=\"Ram Slider\" \/><\/li>\n                <li style=\"display: none; width: 100%;\" class=\"slide-14225 ms-image \" aria-roledescription=\"slide\" data-date=\"2022-09-09 18:11:58\" data-filename=\"NASSA-Links-scaled-1220x520.jpg\" data-slide-type=\"image\"><img loading=\"lazy\" decoding=\"async\" src=\"https:\/\/nassasilhouette.org\/wp-content\/uploads\/2022\/09\/NASSA-Links-scaled-1220x520.jpg\" height=\"520\" width=\"1220\" alt=\"\" class=\"slider-13772 slide-14225 msDefaultImage\" title=\"NASSA Links\" \/><\/li>\n            <\/ul>\n        <\/div>\n        \n    <\/div>\n<\/div><\/div>\n\n\n\n<p class=\"has-text-align-center\">Para aquellos que no nos conocen,&nbsp;el prop\u00f3sito de la <strong>North American Silhouette Shooting Organization (NASSA) <\/strong>es fomentar y promover los Deportes de Silueta con Rifle en todo Canad\u00e1, Estados Unidos y M\u00e9xico. Esto se logra a trav\u00e9s de la promoci\u00f3n de Campeonatos y Partidos de Clubes, y la difusi\u00f3n de informaci\u00f3n y conocimientos para nuestra comunidad de tiro de silueta.  <\/p>\n\n\n\n<p class=\"has-text-align-center has-vivid-cyan-blue-color has-text-color\"><meta charset=\"utf-8\"><strong>Por favor, navegue por nuestro sitio web y los foros que sirven para promover los deportes de tiro con rifle de silueta en el continente norteamericano<\/strong><\/p>\n\n\n\n<p>\n\n\t<div class=\"feature-banner\">\n\t\t<div class=\"feature-banner-inner\">\n\t\t\t<div class=\"feature-banner-image\">\n\t\t\t\t<img decoding=\"async\" src=\"\">\n\t\t\t<\/div>\n\t\t\t<div class=\"feature-banner-text\">\n\t\t\t\t<h5>\n\t\t\t\t\tPortal web oficial de la Lapua Monarch Cup\t\t\t\t<\/h5>\n\t\t\t\t<p>Obtenga aqu\u00ed la informaci\u00f3n m\u00e1s reciente sobre la Lapua Monarch Cup, como el programa de partidos, las reglas, el calendario, informaci\u00f3n sobre viajes y resultados. \u00a1No se pierda esta serie de partidos del Campeonato de Norteam\u00e9rica!<\/p>\n\t\t\t\t<a class=\"feature-banner-link\" href=\"https:\/\/nassasilhouette.org\/es-mx\/copa-lapua-monarch\/\">Lee Mas<\/a>\n\t\t\t<\/div>\n\t\t<\/div>\n\t<\/div>\n\n\t<div class=\"feature-banner feature-banner2\">\n\t\t<div class=\"feature-banner-inner\">\n\t\t\t<div class=\"feature-banner-image\">\n\t\t\t\t<img decoding=\"async\" src=\"\">\n\t\t\t<\/div>\n\t\t\t<div class=\"feature-banner-text\">\n\t\t\t\t<h5>\n\t\t\t\t\t\t\t\t\t<\/h5>\n\t\t\t\t\t\t\t\t<a class=\"feature-banner-link\" href=\"\">Lee Mas<\/a>\n\t\t\t<\/div>\n\t\t<\/div>\n\t<\/div>\n\t\n\t<div class=\"home-grid\">\n\t\t\n\t\t<div class=\"home-grid-column\">\n\t\t\t\t\t\t<div class=\"home-grid-column-inner\">\n\t\t\t\t<a class=\"home-grid-column-title\" href=\"https:\/\/nassasilhouette.org\/es-mx\/sobre-nosotros\/\">\n\t\t\t\t\t<span>\n\t\t\t\t\t\tSOBRE NOSOTROS\t\t\t\t\t<\/span>\n\t\t\t\t<\/a>\n\t\t\t\t<a class=\"home-grid-column-image\" href=\"https:\/\/nassasilhouette.org\/es-mx\/sobre-nosotros\/\" style=\"background-image:url(https:\/\/nassasilhouette.org\/wp-content\/uploads\/2022\/03\/NASSA-Sunrise.png)\"><\/a>\n\t\t\t\t<div class=\"home-grid-column-text\">\n\t\t\t\t\tBienvenido al sitio web de NASSA Se trata de un TRABAJO EN PROCESO que necesitar\u00e1 cierto tiempo de desarrollo para alcanzar todo su potencial. Eche un vistazo y d\u00edganos qu\u00e9 le parece...\t\t\t\t<\/div>\n\t\t\t\t<a class=\"home-grid-link\" href=\"https:\/\/nassasilhouette.org\/es-mx\/sobre-nosotros\/\">Lee Mas<\/a>\n\t\t\t<\/div>\n\t\t<\/div>\n\t\t\n\t\t<div class=\"home-grid-column\">\n\t\t\t\t\t\t<div class=\"home-grid-column-inner\">\n\t\t\t\t<a class=\"home-grid-column-title\" href=\"https:\/\/nassasilhouette.org\/es-mx\/proximos-campeonatos\/\">\n\t\t\t\t\t<span>\n\t\t\t\t\t\tPR\u00d3XIMOS CAMPEONATOS\t\t\t\t\t<\/span>\n\t\t\t\t<\/a>\n\t\t\t\t<a class=\"home-grid-column-image\" href=\"https:\/\/nassasilhouette.org\/es-mx\/proximos-campeonatos\/\" style=\"background-image:url(https:\/\/nassasilhouette.org\/wp-content\/uploads\/2022\/03\/Upcoming-Championships-Feature-Image.png)\"><\/a>\n\t\t\t\t<div class=\"home-grid-column-text\">\n\t\t\t\t\t\u00a1Ven a rodar un campeonato importante! No hay nada como disparar en un gran partido. La NASSA est\u00e1 elaborando una lista completa de los pr\u00f3ximos grandes campeonatos en Canad\u00e1, M\u00e9xico y Estados Unidos ...\t\t\t\t<\/div>\n\t\t\t\t<a class=\"home-grid-link\" href=\"https:\/\/nassasilhouette.org\/es-mx\/proximos-campeonatos\/\">Lee Mas<\/a>\n\t\t\t<\/div>\n\t\t<\/div>\n\t\t\n\t\t<div class=\"home-grid-column\">\n\t\t\t\t\t\t<div class=\"home-grid-column-inner\">\n\t\t\t\t<a class=\"home-grid-column-title\" href=\"https:\/\/nassasilhouette.org\/es-mx\/resultados-del-campeonato\/\">\n\t\t\t\t\t<span>\n\t\t\t\t\t\tRESULTADOS DEL CAMPEONATO\t\t\t\t\t<\/span>\n\t\t\t\t<\/a>\n\t\t\t\t<a class=\"home-grid-column-image\" href=\"https:\/\/nassasilhouette.org\/es-mx\/resultados-del-campeonato\/\" style=\"background-image:url(https:\/\/nassasilhouette.org\/wp-content\/uploads\/2022\/03\/Trophy-Feature-Image-3.png)\"><\/a>\n\t\t\t\t<div class=\"home-grid-column-text\">\n\t\t\t\t\t\u00a1Siga el circuito del campeonato! Siga las puntuaciones de los mejores tiradores maestros, as\u00ed como de otros participantes en Norteam\u00e9rica. La NASSA tambi\u00e9n est\u00e1 creando una base de datos de grandes campeonatos para ...\t\t\t\t<\/div>\n\t\t\t\t<a class=\"home-grid-link\" href=\"https:\/\/nassasilhouette.org\/es-mx\/resultados-del-campeonato\/\">Lee Mas<\/a>\n\t\t\t<\/div>\n\t\t<\/div>\n\t\t\n\t\t<div class=\"home-grid-column\">\n\t\t\t\t\t\t<div class=\"home-grid-column-inner\">\n\t\t\t\t<a class=\"home-grid-column-title\" href=\"https:\/\/nassasilhouette.org\/es-mx\/regiones-clubes-nassa\/\">\n\t\t\t\t\t<span>\n\t\t\t\t\t\tREGIONES\/CLUBES NASSA\t\t\t\t\t<\/span>\n\t\t\t\t<\/a>\n\t\t\t\t<a class=\"home-grid-column-image\" href=\"https:\/\/nassasilhouette.org\/es-mx\/regiones-clubes-nassa\/\" style=\"background-image:url(https:\/\/nassasilhouette.org\/wp-content\/uploads\/2022\/07\/NASSA-RegionsClubs-Feature-Image.jpg)\"><\/a>\n\t\t\t\t<div class=\"home-grid-column-text\">\n\t\t\t\t\tEncuentre un campo de tiro, participe y dispare. Encuentra una regi\u00f3n NASSA y un club de tiro de silueta cerca de ti. \u00a1No te olvides de traer a tu familia y amigos! ...\t\t\t\t<\/div>\n\t\t\t\t<a class=\"home-grid-link\" href=\"https:\/\/nassasilhouette.org\/es-mx\/regiones-clubes-nassa\/\">Lee Mas<\/a>\n\t\t\t<\/div>\n\t\t<\/div>\n\t\t\n\t\t<div class=\"home-grid-column\">\n\t\t\t\t\t\t<div class=\"home-grid-column-inner\">\n\t\t\t\t<a class=\"home-grid-column-title\" href=\"https:\/\/nassasilhouette.org\/es-mx\/noticias-y-multimedia\/\">\n                    <span>\n                        Comunicados de prensa y actualizaciones regionales de NASSA                    <\/span>\n                <\/a>\n\t\t\t\t\n\t\t\t\t\t\t\t\t\n\t\t\t\t\t\t\t\t  \t\t\t\t\t\t<a class=\"home-grid-column-image\" href=\"https:\/\/nassasilhouette.org\/es-mx\/publicado-el-programa-de-partidos-de-la-copa-sk-lone-star-2026\/\" style=\"background-image:url(https:\/\/nassasilhouette.org\/wp-content\/uploads\/2025\/11\/2026-SKLSC-Annoucement-Thumb-Image.jpg)\"><\/a>\n\t\t\t\t\t\t<div class=\"home-grid-column-text\">\n\t\t\t\t\t\t\t<div class=\"home-grid-column-title\">Publicado el programa de partidos de la Copa SK Lone Star 2026.<\/div>\n\t\t\t\t\t\t\t2026 SKLSC \u00a1Ya est\u00e1 abierto el plazo de inscripci\u00f3n! Las inscripciones est\u00e1n limitadas a 120 com...\t\t\t\t\t\t<\/div>\n\t\t\t\t\t\t<a class=\"home-grid-link\" href=\"https:\/\/nassasilhouette.org\/es-mx\/publicado-el-programa-de-partidos-de-la-copa-sk-lone-star-2026\/\">Lee Mas<\/a>\t\n\t\t\t\t\n\n\t\t\t\t  \t\t\t\t  \n\t\t\t\t\t\t\t\t\n\t\t\t<\/div>\n\t\t<\/div>\n\t\t\n\t\t\n\t\t\n\t\t\n\t\t\n\t\t\n\t\t\n\t\t\n\t\t<div class=\"home-grid-column\">\n\t\t\t\t\t\t<div class=\"home-grid-column-inner\">\n\t\t\t\t<a class=\"home-grid-column-title\" href=\"https:\/\/nassasilhouette.org\/es-mx\/biblioteca-tecnica-de-wigger\/\">\n                    <span>\n                        Biblioteca T\u00e9cnica                    <\/span>\n                <\/a>\n\t\t\t\t\n\t\t\t\t\t\t\t\t\n\t\t\t\t\t\t\t\t  \t\t\t\t\t\t<a class=\"home-grid-column-image\" href=\"https:\/\/nassasilhouette.org\/es-mx\/formacion-parte-1\/\" style=\"background-image:url(https:\/\/nassasilhouette.org\/wp-content\/uploads\/2022\/12\/Rifle-Silhoueyye-Report-Logo.jpg)\"><\/a>\n\t\t\t\t\t\t<div class=\"home-grid-column-text\">\n\t\t\t\t\t\t\t<div class=\"home-grid-column-title\">Formaci\u00f3n, Parte 1<\/div>\n\t\t\t\t\t\t\tCrear h\u00e1bitos que conduzcan al \u00e9xito. &#8220;Si puedes esquivar una llave inglesa, puedes esquivar...\t\t\t\t\t\t<\/div>\n\t\t\t\t\t\t<a class=\"home-grid-link\" href=\"https:\/\/nassasilhouette.org\/es-mx\/formacion-parte-1\/\">Lee Mas<\/a>\t\n\t\t\t\t\n\n\t\t\t\t  \t\t\t\t  \n\t\t\t\t\t\t\t\t\n\t\t\t<\/div>\n\t\t<\/div>\t\n\n\t<\/div>\n\n\n\t<div class=\"newswire-banner\">\n\t\t<div class=\"newswire-banner-inner\">\n\t\t\t<div class=\"newswire-banner-image\">\n\t\t\t\t<img decoding=\"async\" src=\"\">\n\t\t\t<\/div>\n\t\t\t<div class=\"newswire-banner-text\">\n\t\t\t\t<h5>\n\t\t\t\t\t\t\t\t\t<\/h5>\n\t\t\t\t\t\t\t\t<a class=\"newswire-banner-link\" href=\"\">Lee Mas<\/a>\n\t\t\t<\/div>\n\t\t<\/div>\n\t<\/div>\n\n\t\n\t<meta charset=\"utf-8\"><\/p>\n\n\n\n<p>P\u00f3ngase en contacto con nosotros si tiene alguna pregunta sobre la NASSA y venga a vernos a uno de sus partidos locales. El Tiro de Silueta con Rifle es un reto, pero no encontrar\u00e1s un grupo de tiradores m\u00e1s amigable para iniciarte en este gran deporte de tiro.<\/p>\n","protected":false},"excerpt":{"rendered":"<p>Para aquellos que no nos conocen,&nbsp;el prop\u00f3sito de la North American Silhouette Shooting Organization (NASSA) es fomentar y promover los Deportes de Silueta con Rifle en todo Canad\u00e1, Estados Unidos y M\u00e9xico. Esto se logra a trav\u00e9s de la promoci\u00f3n de Campeonatos y Partidos de Clubes, y la difusi\u00f3n de informaci\u00f3n y conocimientos para nuestra&hellip; <a class=\"more-link\" href=\"https:\/\/nassasilhouette.org\/es-mx\/formacion-parte-1\/\">Continue reading <span class=\"screen-reader-text\">Formaci\u00f3n, Parte 1<\/span><\/a><\/p>\n","protected":false},"author":2,"featured_media":0,"parent":0,"menu_order":0,"comment_status":"closed","ping_status":"closed","template":"","meta":{"_acf_changed":false,"footnotes":""},"class_list":["post-13770","page","type-page","status-publish","hentry","entry"],"acf":[],"rttpg_featured_image_url":null,"rttpg_author":{"display_name":"Garin Hatch","author_link":"https:\/\/nassasilhouette.org\/es-mx\/author\/garinhatchgmail-com\/"},"rttpg_comment":0,"rttpg_category":"","rttpg_excerpt":"Para aquellos que no nos conocen,&nbsp;el prop\u00f3sito de la North American Silhouette Shooting Organization (NASSA) es fomentar y promover los Deportes de Silueta con Rifle en todo Canad\u00e1, Estados Unidos y M\u00e9xico. Esto se logra a trav\u00e9s de la promoci\u00f3n de Campeonatos y Partidos de Clubes, y la difusi\u00f3n de informaci\u00f3n y conocimientos para nuestra&hellip;&hellip;","_links":{"self":[{"href":"https:\/\/nassasilhouette.org\/es-mx\/wp-json\/wp\/v2\/pages\/13770","targetHints":{"allow":["GET"]}}],"collection":[{"href":"https:\/\/nassasilhouette.org\/es-mx\/wp-json\/wp\/v2\/pages"}],"about":[{"href":"https:\/\/nassasilhouette.org\/es-mx\/wp-json\/wp\/v2\/types\/page"}],"author":[{"embeddable":true,"href":"https:\/\/nassasilhouette.org\/es-mx\/wp-json\/wp\/v2\/users\/2"}],"replies":[{"embeddable":true,"href":"https:\/\/nassasilhouette.org\/es-mx\/wp-json\/wp\/v2\/comments?post=13770"}],"version-history":[{"count":8,"href":"https:\/\/nassasilhouette.org\/es-mx\/wp-json\/wp\/v2\/pages\/13770\/revisions"}],"predecessor-version":[{"id":21505,"href":"https:\/\/nassasilhouette.org\/es-mx\/wp-json\/wp\/v2\/pages\/13770\/revisions\/21505"}],"wp:attachment":[{"href":"https:\/\/nassasilhouette.org\/es-mx\/wp-json\/wp\/v2\/media?parent=13770"}],"curies":[{"name":"wp","href":"https:\/\/api.w.org\/{rel}","templated":true}]}}